{"id":15633,"date":"2025-02-17T17:59:41","date_gmt":"2025-02-17T15:59:41","guid":{"rendered":"https:\/\/zbranebudai.sk\/product\/logo-hk-na-suchy-zips\/"},"modified":"2026-05-07T13:40:23","modified_gmt":"2026-05-07T11:40:23","slug":"hk-logo-tepozarral","status":"publish","type":"product","link":"https:\/\/zbranebudai.sk\/hu\/product\/logo-hk-na-suchy-zips\/","title":{"rendered":"HK log\u00f3 t\u00e9p\u0151z\u00e1rral"},"content":{"rendered":"","protected":false},"excerpt":{"rendered":"<p>T\u00e9p\u0151z\u00e1ras tapasszal egy\u00fctt. M\u00e9ret 80\u00d755 mm.<\/p>","protected":false},"featured_media":12991,"template":"","meta":{"_gspb_post_css":""},"product_brand":[],"product_cat":[2065,1865,1864,1888,1820],"product_tag":[],"class_list":{"0":"post-15633","1":"product","2":"type-product","3":"status-publish","4":"has-post-thumbnail","6":"product_cat-doplnky-prislusenstvo-heckler-koch","7":"product_cat-heckler-koch-pistole-zbrane-b-c","8":"product_cat-pistole-zbrane-b-c","9":"product_cat-prislusenstvo-heckler-koch","10":"product_cat-zbrane-b-c","12":"first","13":"instock","14":"taxable","15":"shipping-taxable","16":"purchasable","17":"product-type-simple"},"ct_brands":[],"_links":{"self":[{"href":"https:\/\/zbranebudai.sk\/hu\/wp-json\/wp\/v2\/product\/15633","targetHints":{"allow":["GET"]}}],"collection":[{"href":"https:\/\/zbranebudai.sk\/hu\/wp-json\/wp\/v2\/product"}],"about":[{"href":"https:\/\/zbranebudai.sk\/hu\/wp-json\/wp\/v2\/types\/product"}],"wp:featuredmedia":[{"embeddable":true,"href":"https:\/\/zbranebudai.sk\/hu\/wp-json\/wp\/v2\/media\/12991"}],"wp:attachment":[{"href":"https:\/\/zbranebudai.sk\/hu\/wp-json\/wp\/v2\/media?parent=15633"}],"wp:term":[{"taxonomy":"product_brand","embeddable":true,"href":"https:\/\/zbranebudai.sk\/hu\/wp-json\/wp\/v2\/product_brand?post=15633"},{"taxonomy":"product_cat","embeddable":true,"href":"https:\/\/zbranebudai.sk\/hu\/wp-json\/wp\/v2\/product_cat?post=15633"},{"taxonomy":"product_tag","embeddable":true,"href":"https:\/\/zbranebudai.sk\/hu\/wp-json\/wp\/v2\/product_tag?post=15633"}],"curies":[{"name":"wp","href":"https:\/\/api.w.org\/{rel}","templated":true}]}}