{"id":15632,"date":"2025-02-17T17:59:41","date_gmt":"2025-02-17T15:59:41","guid":{"rendered":"https:\/\/zbranebudai.sk\/product\/akciovy-set-hammerli-forge-h1-22-5-adapter-tlmic-stalon-rf\/"},"modified":"2026-04-09T02:55:08","modified_gmt":"2026-04-09T00:55:08","slug":"keszlet-hammerli-forge-h1-22-5-adapter-a-stalon-rf-hez","status":"publish","type":"product","link":"https:\/\/zbranebudai.sk\/hu\/product\/akciovy-set-hammerli-forge-h1-22-5-adapter-tlmic-stalon-rf\/","title":{"rendered":"Hammerli Forge H1 22 5\u2033 + adapter + hangtomp\u00edt\u00f3 Stalon RF"},"content":{"rendered":"<p>AKCI\u00d3S K\u00c9SZLET:<\/p>\n<p>1x Hammerli Forge H1 22 5\u2033, cal. .22LR<br \/>\n1x Adapter leng\u00e9scsillap\u00edt\u00f3hoz 1\/2\u00d728 Hammerli Forge H1 22-hez<br \/>\n1x Stalon RF, 1\/2-28, cal. .17-.22<\/p>","protected":false},"excerpt":{"rendered":"<p>Az apr\u00f3l\u00e9kosan megmunk\u00e1lt Hammerli Forge H1 22 a legend\u00e1s 1911-es st\u00edlus el\u0151tt tiszteleg, \u00e9s id\u0151tlen diz\u00e1jnt, t\u00f6k\u00e9letes ergon\u00f3mi\u00e1t \u00e9s kiv\u00e9teles ir\u00e1ny\u00edthat\u00f3s\u00e1got testes\u00edt meg. A biztons\u00e1got k\u00e9zi \u00e9s teny\u00e9rbiztos\u00edt\u00f3 z\u00e1r seg\u00edti. A .22 LR kaliber megb\u00edzhat\u00f3s\u00e1g\u00e1val \u00e9s sokoldal\u00fas\u00e1g\u00e1val alkalmas c\u00e9ll\u00f6v\u00e9szetre \u00e9s v\u00e9delemre.<\/p>","protected":false},"featured_media":12975,"template":"","meta":{"_gspb_post_css":""},"product_brand":[],"product_cat":[2199,1864,2200,1820],"product_tag":[],"class_list":{"0":"post-15632","1":"product","2":"type-product","3":"status-publish","4":"has-post-thumbnail","6":"product_cat-hammerli-pistole-zbrane-b-c","7":"product_cat-pistole-zbrane-b-c","8":"product_cat-pistole-hammerli","9":"product_cat-zbrane-b-c","11":"first","12":"outofstock","13":"taxable","14":"shipping-taxable","15":"purchasable","16":"product-type-simple"},"ct_brands":[],"_links":{"self":[{"href":"https:\/\/zbranebudai.sk\/hu\/wp-json\/wp\/v2\/product\/15632","targetHints":{"allow":["GET"]}}],"collection":[{"href":"https:\/\/zbranebudai.sk\/hu\/wp-json\/wp\/v2\/product"}],"about":[{"href":"https:\/\/zbranebudai.sk\/hu\/wp-json\/wp\/v2\/types\/product"}],"wp:featuredmedia":[{"embeddable":true,"href":"https:\/\/zbranebudai.sk\/hu\/wp-json\/wp\/v2\/media\/12975"}],"wp:attachment":[{"href":"https:\/\/zbranebudai.sk\/hu\/wp-json\/wp\/v2\/media?parent=15632"}],"wp:term":[{"taxonomy":"product_brand","embeddable":true,"href":"https:\/\/zbranebudai.sk\/hu\/wp-json\/wp\/v2\/product_brand?post=15632"},{"taxonomy":"product_cat","embeddable":true,"href":"https:\/\/zbranebudai.sk\/hu\/wp-json\/wp\/v2\/product_cat?post=15632"},{"taxonomy":"product_tag","embeddable":true,"href":"https:\/\/zbranebudai.sk\/hu\/wp-json\/wp\/v2\/product_tag?post=15632"}],"curies":[{"name":"wp","href":"https:\/\/api.w.org\/{rel}","templated":true}]}}