{"id":15628,"date":"2025-02-17T17:59:39","date_gmt":"2025-02-17T15:59:39","guid":{"rendered":"https:\/\/zbranebudai.sk\/product\/umarex-combi-rail\/"},"modified":"2026-05-07T13:39:23","modified_gmt":"2026-05-07T11:39:23","slug":"umarex-kombi-sin","status":"publish","type":"product","link":"https:\/\/zbranebudai.sk\/hu\/product\/umarex-combi-rail\/","title":{"rendered":"Umarex Combi Rail"},"content":{"rendered":"<p>PARAM\u00c9TEREK:<\/p>\n<p>Hossz: 113 mm<br \/>\nS\u00faly: 19 g<\/p>","protected":false},"excerpt":{"rendered":"<p>11 mm-es profil\u00fa kombin\u00e1lt sz\u00f6v\u0151r\u00fad a kollim\u00e1tor r\u00f6gz\u00edt\u00e9s\u00e9hez. A c\u00e9lkereszt hely\u00e9re szerelik, p\u00e9ld\u00e1ul az Umarex Colt Government 1911 A1, stb.<\/p>","protected":false},"featured_media":12965,"template":"","meta":{"_gspb_post_css":""},"product_brand":[],"product_cat":[1833,1824,1828],"product_tag":[],"class_list":{"0":"post-15628","1":"product","2":"type-product","3":"status-publish","4":"has-post-thumbnail","6":"product_cat-co2-prislusenstvo","7":"product_cat-zbrane-18-d","8":"product_cat-zbrane-na-co2","10":"first","11":"outofstock","12":"taxable","13":"shipping-taxable","14":"purchasable","15":"product-type-simple"},"ct_brands":[],"_links":{"self":[{"href":"https:\/\/zbranebudai.sk\/hu\/wp-json\/wp\/v2\/product\/15628","targetHints":{"allow":["GET"]}}],"collection":[{"href":"https:\/\/zbranebudai.sk\/hu\/wp-json\/wp\/v2\/product"}],"about":[{"href":"https:\/\/zbranebudai.sk\/hu\/wp-json\/wp\/v2\/types\/product"}],"wp:featuredmedia":[{"embeddable":true,"href":"https:\/\/zbranebudai.sk\/hu\/wp-json\/wp\/v2\/media\/12965"}],"wp:attachment":[{"href":"https:\/\/zbranebudai.sk\/hu\/wp-json\/wp\/v2\/media?parent=15628"}],"wp:term":[{"taxonomy":"product_brand","embeddable":true,"href":"https:\/\/zbranebudai.sk\/hu\/wp-json\/wp\/v2\/product_brand?post=15628"},{"taxonomy":"product_cat","embeddable":true,"href":"https:\/\/zbranebudai.sk\/hu\/wp-json\/wp\/v2\/product_cat?post=15628"},{"taxonomy":"product_tag","embeddable":true,"href":"https:\/\/zbranebudai.sk\/hu\/wp-json\/wp\/v2\/product_tag?post=15628"}],"curies":[{"name":"wp","href":"https:\/\/api.w.org\/{rel}","templated":true}]}}