{"id":15627,"date":"2025-02-17T17:59:39","date_gmt":"2025-02-17T15:59:39","guid":{"rendered":"https:\/\/zbranebudai.sk\/product\/umarex-adapter-rail\/"},"modified":"2026-05-07T13:39:23","modified_gmt":"2026-05-07T11:39:23","slug":"umarex-adapter-sin","status":"publish","type":"product","link":"https:\/\/zbranebudai.sk\/hu\/product\/umarex-adapter-rail\/","title":{"rendered":"Umarex adapter s\u00edn"},"content":{"rendered":"<p>PARAM\u00c9TEREK:<\/p>\n<p>Hossz: 79 mm<br \/>\nS\u00faly: 23 g<\/p>","protected":false},"excerpt":{"rendered":"<p>Lli\u0161ta 11 mm-es profillal a kollim\u00e1tor r\u00f6gz\u00edt\u00e9s\u00e9hez. A c\u00e9lkereszt hely\u00e9re szerelhet\u0151, p\u00e9ld\u00e1ul Umarex Colt Government 1911 A1, stb.<\/p>","protected":false},"featured_media":12963,"template":"","meta":{"_gspb_post_css":""},"product_brand":[],"product_cat":[1833,1824,1828],"product_tag":[],"class_list":{"0":"post-15627","1":"product","2":"type-product","3":"status-publish","4":"has-post-thumbnail","6":"product_cat-co2-prislusenstvo","7":"product_cat-zbrane-18-d","8":"product_cat-zbrane-na-co2","10":"first","11":"outofstock","12":"taxable","13":"shipping-taxable","14":"purchasable","15":"product-type-simple"},"ct_brands":[],"_links":{"self":[{"href":"https:\/\/zbranebudai.sk\/hu\/wp-json\/wp\/v2\/product\/15627","targetHints":{"allow":["GET"]}}],"collection":[{"href":"https:\/\/zbranebudai.sk\/hu\/wp-json\/wp\/v2\/product"}],"about":[{"href":"https:\/\/zbranebudai.sk\/hu\/wp-json\/wp\/v2\/types\/product"}],"wp:featuredmedia":[{"embeddable":true,"href":"https:\/\/zbranebudai.sk\/hu\/wp-json\/wp\/v2\/media\/12963"}],"wp:attachment":[{"href":"https:\/\/zbranebudai.sk\/hu\/wp-json\/wp\/v2\/media?parent=15627"}],"wp:term":[{"taxonomy":"product_brand","embeddable":true,"href":"https:\/\/zbranebudai.sk\/hu\/wp-json\/wp\/v2\/product_brand?post=15627"},{"taxonomy":"product_cat","embeddable":true,"href":"https:\/\/zbranebudai.sk\/hu\/wp-json\/wp\/v2\/product_cat?post=15627"},{"taxonomy":"product_tag","embeddable":true,"href":"https:\/\/zbranebudai.sk\/hu\/wp-json\/wp\/v2\/product_tag?post=15627"}],"curies":[{"name":"wp","href":"https:\/\/api.w.org\/{rel}","templated":true}]}}