{"id":15626,"date":"2025-02-17T17:59:39","date_gmt":"2025-02-17T15:59:39","guid":{"rendered":"https:\/\/zbranebudai.sk\/product\/revolver-co2-smith-wesson-629-competitor-6-kal-45mm-bb\/"},"modified":"2026-01-17T14:54:30","modified_gmt":"2026-01-17T12:54:30","slug":"revolver-co2-smith-wesson-629-competitor-6-kaliber-45mm-bb","status":"publish","type":"product","link":"https:\/\/zbranebudai.sk\/hu\/product\/revolver-co2-smith-wesson-629-competitor-6-kal-45mm-bb\/","title":{"rendered":"Revolver CO2 Smith &amp; Wesson 629 Competitor 6\u2033, cal. 4.5mm BB"},"content":{"rendered":"<p>PARAM\u00c9TEREK:<\/p>\n<p>Teljes hossz: 299 mm<br \/>\nT\u00e1lcakapacit\u00e1s: 6<br \/>\n\u00dct\u00e9si energia: 3,0 J<br \/>\nRak\u00e9ta sebess\u00e9ge: 127 m\/s<br \/>\nL\u00f6v\u00e9sek sz\u00e1ma CO\u2082 bomb\u00e1nk\u00e9nt: 60<br \/>\nS\u00faly: 1,55 kg<\/p>","protected":false},"excerpt":{"rendered":"<p>A Smith &amp; Wesson 629 Competitor 6\u2033 CO2 revolver egy k\u00fcl\u00f6nleges kiad\u00e1s\u00fa .44 Magnum revolver, rendk\u00edv\u00fcl massz\u00edv f\u00e9mszerkezettel \u00e9s a cs\u0151 alatti s\u00falyokkal, amelyek a s\u00falypont \u00e1thelyez\u00e9s\u00e9t szolg\u00e1lj\u00e1k, \u00e9s a Competitor mark\u00e1ns karakter\u00e9t adj\u00e1k. Az eredeti log\u00f3kkal ell\u00e1tott, licencelt CO2 v\u00e1ltozat magass\u00e1gban \u00e9s hosszban \u00e1ll\u00edthat\u00f3 c\u00e9lz\u00f3k\u00e9sz\u00fcl\u00e9kkel rendelkezik a maxim\u00e1lis pontoss\u00e1g \u00e9rdek\u00e9ben. Az eredetihez h\u0171en hat f\u00e9mut\u00e1nzat\u00fa patront haszn\u00e1l, mindegyik 4,5 mm-es ac\u00e9l BB l\u0151szerrel t\u00f6ltve.<\/p>","protected":false},"featured_media":12959,"template":"","meta":{"_gspb_post_css":""},"product_brand":[],"product_cat":[1870,2150,1824,1828],"product_tag":[],"class_list":{"0":"post-15626","1":"product","2":"type-product","3":"status-publish","4":"has-post-thumbnail","6":"product_cat-revolvery-na-co2","7":"product_cat-smith-wesson-revolvery-na-co2","8":"product_cat-zbrane-18-d","9":"product_cat-zbrane-na-co2","11":"first","12":"outofstock","13":"taxable","14":"shipping-taxable","15":"purchasable","16":"product-type-simple"},"ct_brands":[],"_links":{"self":[{"href":"https:\/\/zbranebudai.sk\/hu\/wp-json\/wp\/v2\/product\/15626","targetHints":{"allow":["GET"]}}],"collection":[{"href":"https:\/\/zbranebudai.sk\/hu\/wp-json\/wp\/v2\/product"}],"about":[{"href":"https:\/\/zbranebudai.sk\/hu\/wp-json\/wp\/v2\/types\/product"}],"wp:featuredmedia":[{"embeddable":true,"href":"https:\/\/zbranebudai.sk\/hu\/wp-json\/wp\/v2\/media\/12959"}],"wp:attachment":[{"href":"https:\/\/zbranebudai.sk\/hu\/wp-json\/wp\/v2\/media?parent=15626"}],"wp:term":[{"taxonomy":"product_brand","embeddable":true,"href":"https:\/\/zbranebudai.sk\/hu\/wp-json\/wp\/v2\/product_brand?post=15626"},{"taxonomy":"product_cat","embeddable":true,"href":"https:\/\/zbranebudai.sk\/hu\/wp-json\/wp\/v2\/product_cat?post=15626"},{"taxonomy":"product_tag","embeddable":true,"href":"https:\/\/zbranebudai.sk\/hu\/wp-json\/wp\/v2\/product_tag?post=15626"}],"curies":[{"name":"wp","href":"https:\/\/api.w.org\/{rel}","templated":true}]}}