{"id":15625,"date":"2025-02-17T17:59:39","date_gmt":"2025-02-17T15:59:39","guid":{"rendered":"https:\/\/zbranebudai.sk\/product\/revolver-co2-smith-wesson-629-trust-me-kal-45mm-bb\/"},"modified":"2026-04-23T08:14:17","modified_gmt":"2026-04-23T06:14:17","slug":"revolver-co2-smith-wesson-629-trust-me-kal-45mm-bb","status":"publish","type":"product","link":"https:\/\/zbranebudai.sk\/hu\/product\/revolver-co2-smith-wesson-629-trust-me-kal-45mm-bb\/","title":{"rendered":"Revolver CO2 Smith &amp; Wesson 629 Trust Me, cal. 4.5mm BB"},"content":{"rendered":"<p>PARAM\u00c9TEREK:<\/p>\n<p>Teljes hossz: 308 mm<br \/>\nT\u00e1lcakapacit\u00e1s: 6<br \/>\n\u00dct\u00e9si energia: 3,0 J<br \/>\nRak\u00e9ta sebess\u00e9ge: 127 m\/s<br \/>\nL\u00f6v\u00e9sek sz\u00e1ma CO\u2082 bomb\u00e1nk\u00e9nt: 60<br \/>\nS\u00faly: 1.135 kg<\/p>","protected":false},"excerpt":{"rendered":"<p>A legend\u00e1s Smith &amp; Wesson 629 \"Trust Me\" revolver e k\u00fcl\u00f6nleges v\u00e1ltozata az eleg\u00e1ns nikkelez\u00e9s \u00e9s az ikonikus log\u00f3val ell\u00e1tott, elef\u00e1ntcsontsz\u00edn\u0171 cs\u00faszka miatt t\u0171nik fel. A rajong\u00f3kat \u00e9s gy\u0171jt\u0151ket leny\u0171g\u00f6zi ez az id\u0151tlen ikon, amely a h\u00edres 1980-as \u00e9vekbeli t\u00e9v\u00e9sorozatb\u00f3l ismert, teljesen f\u00e9m kivitelben k\u00e9sz\u00fclt, \u00e9s 4,5 mm-es BB goly\u00f3kat l\u0151 ki, amelyeket f\u00e9m replika patronokba helyeznek. A 629 Trust Me \u00f6sszet\u00e9veszthetetlen megjelen\u00e9se mellett teljesen \u00e1ll\u00edthat\u00f3 h\u00e1ts\u00f3 ir\u00e1nyz\u00e9kkal \u00e9s egy felt\u0171n\u00e9smentesen be\u00e9p\u00edtett k\u00e9zi biztos\u00edt\u00f3val rendelkezik.<\/p>","protected":false},"featured_media":12957,"template":"","meta":{"_gspb_post_css":""},"product_brand":[],"product_cat":[1870,2150,1824,1828],"product_tag":[],"class_list":{"0":"post-15625","1":"product","2":"type-product","3":"status-publish","4":"has-post-thumbnail","6":"product_cat-revolvery-na-co2","7":"product_cat-smith-wesson-revolvery-na-co2","8":"product_cat-zbrane-18-d","9":"product_cat-zbrane-na-co2","11":"first","12":"instock","13":"taxable","14":"shipping-taxable","15":"purchasable","16":"product-type-simple"},"ct_brands":[],"_links":{"self":[{"href":"https:\/\/zbranebudai.sk\/hu\/wp-json\/wp\/v2\/product\/15625","targetHints":{"allow":["GET"]}}],"collection":[{"href":"https:\/\/zbranebudai.sk\/hu\/wp-json\/wp\/v2\/product"}],"about":[{"href":"https:\/\/zbranebudai.sk\/hu\/wp-json\/wp\/v2\/types\/product"}],"wp:featuredmedia":[{"embeddable":true,"href":"https:\/\/zbranebudai.sk\/hu\/wp-json\/wp\/v2\/media\/12957"}],"wp:attachment":[{"href":"https:\/\/zbranebudai.sk\/hu\/wp-json\/wp\/v2\/media?parent=15625"}],"wp:term":[{"taxonomy":"product_brand","embeddable":true,"href":"https:\/\/zbranebudai.sk\/hu\/wp-json\/wp\/v2\/product_brand?post=15625"},{"taxonomy":"product_cat","embeddable":true,"href":"https:\/\/zbranebudai.sk\/hu\/wp-json\/wp\/v2\/product_cat?post=15625"},{"taxonomy":"product_tag","embeddable":true,"href":"https:\/\/zbranebudai.sk\/hu\/wp-json\/wp\/v2\/product_tag?post=15625"}],"curies":[{"name":"wp","href":"https:\/\/api.w.org\/{rel}","templated":true}]}}