{"id":15624,"date":"2025-02-17T17:59:39","date_gmt":"2025-02-17T15:59:39","guid":{"rendered":"https:\/\/zbranebudai.sk\/product\/pistol-co2-walther-pdp-compact-4-set-kal-45mm-bb\/"},"modified":"2026-04-16T05:38:15","modified_gmt":"2026-04-16T03:38:15","slug":"co2-pisztoly-walther-pdp-compact-4-keszlet-cal-45mm-bb","status":"publish","type":"product","link":"https:\/\/zbranebudai.sk\/hu\/product\/pistol-co2-walther-pdp-compact-4-set-kal-45mm-bb\/","title":{"rendered":"CO2 pisztoly Walther PDP Compact 4\u2033 Set, cal. 4,5mm BB"},"content":{"rendered":"<p>PARAM\u00c9TEREK:<\/p>\n<p>Teljes hossz: 182 mm<br \/>\nT\u00e1lcakapacit\u00e1s: 16<br \/>\n\u00dct\u00e9si energia: 3,0 J<br \/>\nRak\u00e9ta sebess\u00e9ge: 110 m\/s<br \/>\nL\u00f6v\u00e9sek sz\u00e1ma CO\u2082 bomb\u00e1nk\u00e9nt: 160<br \/>\nS\u00faly: 605g<\/p>","protected":false},"excerpt":{"rendered":"<p>A Walther PDP (Performance Duty Pistol) CO2 pisztoly az Umarex RDS 8 (Red Dot Sight 8) kollim\u00e1torral egy szettben megmutatja teljes potenci\u00e1lj\u00e1t. A p\u00e9lda\u00e9rt\u00e9k\u0171 kivitelez\u00e9ssel \u00e9s a f\u00e9m\u00f6tv\u00f6zet \u00e9s a tart\u00f3s polimer ide\u00e1lis kombin\u00e1ci\u00f3j\u00e1val bev\u00e1ltja a magas min\u0151s\u00e9g \u00e9s a professzion\u00e1lis felk\u00e9sz\u00fclts\u00e9g \u00edg\u00e9ret\u00e9t. A z\u00e1rszerkezet az eredetihez hasonl\u00f3an kollim\u00e1tor el\u0151k\u00e9sz\u00edt\u00e9ssel rendelkezik. A kollim\u00e1tor felszerel\u00e9s\u00e9hez haszn\u00e1lt adapterek nem tartoznak a csomaghoz, de k\u00fcl\u00f6n megv\u00e1s\u00e1rolhat\u00f3k. A Vortex, Leupold, C-More \u00e9s Trijicon kollim\u00e1torokhoz val\u00f3 adapterk\u00e9szlet kaphat\u00f3. A feh\u00e9r pontokkal ell\u00e1tott f\u00e9m c\u00e9lt\u00e1vcs\u0151, a pontos m\u00e9retek \u00e9s a hat\u00e9kony NBB rendszer hossz\u00fa t\u00e1v\u00fa l\u00f6v\u00e9sz\u00e9lvezetet \u00edg\u00e9r. A Picatinny-s\u00edn lehet\u0151v\u00e9 teszi a tartoz\u00e9kok felszerel\u00e9s\u00e9t, a ravaszbiztos\u00edt\u00e1s megakad\u00e1lyozza a v\u00e9letlen els\u00fct\u00e9st, \u00e9s egy tov\u00e1bbi k\u00e9zi biztos\u00edt\u00e9k tov\u00e1bb n\u00f6veli az \u00e1ltal\u00e1nos biztons\u00e1got.<\/p>","protected":false},"featured_media":12953,"template":"","meta":{"_gspb_post_css":""},"product_brand":[],"product_cat":[1829,2226,1824,1828],"product_tag":[],"class_list":{"0":"post-15624","1":"product","2":"type-product","3":"status-publish","4":"has-post-thumbnail","6":"product_cat-pistole-na-co2","7":"product_cat-walther-pistole-na-co2","8":"product_cat-zbrane-18-d","9":"product_cat-zbrane-na-co2","11":"first","12":"instock","13":"taxable","14":"shipping-taxable","15":"purchasable","16":"product-type-simple"},"ct_brands":[],"_links":{"self":[{"href":"https:\/\/zbranebudai.sk\/hu\/wp-json\/wp\/v2\/product\/15624","targetHints":{"allow":["GET"]}}],"collection":[{"href":"https:\/\/zbranebudai.sk\/hu\/wp-json\/wp\/v2\/product"}],"about":[{"href":"https:\/\/zbranebudai.sk\/hu\/wp-json\/wp\/v2\/types\/product"}],"wp:featuredmedia":[{"embeddable":true,"href":"https:\/\/zbranebudai.sk\/hu\/wp-json\/wp\/v2\/media\/12953"}],"wp:attachment":[{"href":"https:\/\/zbranebudai.sk\/hu\/wp-json\/wp\/v2\/media?parent=15624"}],"wp:term":[{"taxonomy":"product_brand","embeddable":true,"href":"https:\/\/zbranebudai.sk\/hu\/wp-json\/wp\/v2\/product_brand?post=15624"},{"taxonomy":"product_cat","embeddable":true,"href":"https:\/\/zbranebudai.sk\/hu\/wp-json\/wp\/v2\/product_cat?post=15624"},{"taxonomy":"product_tag","embeddable":true,"href":"https:\/\/zbranebudai.sk\/hu\/wp-json\/wp\/v2\/product_tag?post=15624"}],"curies":[{"name":"wp","href":"https:\/\/api.w.org\/{rel}","templated":true}]}}