{"id":15621,"date":"2025-02-17T17:59:38","date_gmt":"2025-02-17T15:59:38","guid":{"rendered":"https:\/\/zbranebudai.sk\/product\/pistol-co2-glock-17-gen5-kal-45mm-bb-green\/"},"modified":"2026-04-16T05:38:15","modified_gmt":"2026-04-16T03:38:15","slug":"co2-pisztoly-glock-17-gen5-cal-45mm-bb-zold","status":"publish","type":"product","link":"https:\/\/zbranebudai.sk\/hu\/product\/pistol-co2-glock-17-gen5-kal-45mm-bb-green\/","title":{"rendered":"CO2 pisztoly GLOCK 17 Gen5, cal. 4,5mm BB, z\u00f6ld"},"content":{"rendered":"<p>PARAM\u00c9TEREK:<\/p>\n<p>Energia: 3 J<br \/>\nMenetsebess\u00e9g: 115 m\/s<br \/>\nTeljes hossz: 203 mm<br \/>\nKapacit\u00e1s: 18<br \/>\nCO\u2082 bomba kapacit\u00e1sa: 120 l\u00f6v\u00e9s<br \/>\nS\u00faly: 680 g<\/p>","protected":false},"excerpt":{"rendered":"<p>A GLOCK 17 Gen5 CO2-n\u00e9l a z\u00f6ld sz\u00edn\u0171 polimer v\u00e1zzal \u00e9rdekes kontrasztot alkot a fekete f\u00e9nyez\u00e9ssel \u00e9s a kezel\u0151szervekkel. A Gen5 tipikus jellemz\u0151i k\u00f6z\u00e9 tartozik az el\u00fcls\u0151 fogaz\u00e1s, a Weaver-s\u00edn \u00e9s a ravaszbiztos\u00edt\u00e1s. A neh\u00e9zf\u00e9m cs\u00faszka \u00e9s az er\u0151teljes blowback hiteles l\u00f6v\u00e9si \u00e9lm\u00e9nyt ny\u00fajt. A 18 t\u00f6lt\u00e9nyes t\u00e1rb\u00f3l minden egyes l\u00f6v\u00e9s meggy\u0151z\u0151 visszar\u00fag\u00e1st okoz. A pontos m\u00e9retek \u00e9s a val\u00f3s\u00e1gh\u0171 s\u00faly t\u00f6k\u00e9letes kezelhet\u0151s\u00e9get \u00e9s teljes kompatibilit\u00e1st biztos\u00edtanak a szabv\u00e1nyos tartoz\u00e9kokkal, mint p\u00e9ld\u00e1ul a pisztolyt\u00e1sk\u00e1k stb. Automatikus ravaszbiztos\u00edt\u00e1s \u00e9s egy tov\u00e1bbi cs\u00fasz\u00f3 biztos\u00edt\u00e9k is tal\u00e1lhat\u00f3.<\/p>","protected":false},"featured_media":12947,"template":"","meta":{"_gspb_post_css":""},"product_brand":[],"product_cat":[1876,1829,1824,1828],"product_tag":[],"class_list":{"0":"post-15621","1":"product","2":"type-product","3":"status-publish","4":"has-post-thumbnail","6":"product_cat-glock","7":"product_cat-pistole-na-co2","8":"product_cat-zbrane-18-d","9":"product_cat-zbrane-na-co2","11":"first","12":"outofstock","13":"taxable","14":"shipping-taxable","15":"purchasable","16":"product-type-simple"},"ct_brands":[],"_links":{"self":[{"href":"https:\/\/zbranebudai.sk\/hu\/wp-json\/wp\/v2\/product\/15621","targetHints":{"allow":["GET"]}}],"collection":[{"href":"https:\/\/zbranebudai.sk\/hu\/wp-json\/wp\/v2\/product"}],"about":[{"href":"https:\/\/zbranebudai.sk\/hu\/wp-json\/wp\/v2\/types\/product"}],"wp:featuredmedia":[{"embeddable":true,"href":"https:\/\/zbranebudai.sk\/hu\/wp-json\/wp\/v2\/media\/12947"}],"wp:attachment":[{"href":"https:\/\/zbranebudai.sk\/hu\/wp-json\/wp\/v2\/media?parent=15621"}],"wp:term":[{"taxonomy":"product_brand","embeddable":true,"href":"https:\/\/zbranebudai.sk\/hu\/wp-json\/wp\/v2\/product_brand?post=15621"},{"taxonomy":"product_cat","embeddable":true,"href":"https:\/\/zbranebudai.sk\/hu\/wp-json\/wp\/v2\/product_cat?post=15621"},{"taxonomy":"product_tag","embeddable":true,"href":"https:\/\/zbranebudai.sk\/hu\/wp-json\/wp\/v2\/product_tag?post=15621"}],"curies":[{"name":"wp","href":"https:\/\/api.w.org\/{rel}","templated":true}]}}