{"id":15619,"date":"2025-02-17T17:59:38","date_gmt":"2025-02-17T15:59:38","guid":{"rendered":"https:\/\/zbranebudai.sk\/product\/vzduchova-pistol-ux-spa-60-kal-45mm\/"},"modified":"2026-04-09T02:55:07","modified_gmt":"2026-04-09T00:55:07","slug":"legpisztoly-ux-spa-60-cal-45mm","status":"publish","type":"product","link":"https:\/\/zbranebudai.sk\/hu\/product\/vzduchova-pistol-ux-spa-60-kal-45mm\/","title":{"rendered":"L\u00e9gpisztoly UX SPA 60, cal. 4,5mm"},"content":{"rendered":"<p>PARAM\u00c9TEREK:<\/p>\n<p>Energia: legfeljebb 3 J<br \/>\nMenetsebess\u00e9g: ak\u00e1r 100 m\/s<br \/>\nCs\u0151hossz: 162 mm<br \/>\nTeljes hossz: 345 mm<br \/>\nS\u00faly: 721 g<\/p>","protected":false},"excerpt":{"rendered":"<p>Az Umarex UX SPA 60 egy kiemelked\u0151, alacsony \u00e1r\u00fa modell a szabadid\u0151s l\u00f6v\u00e9szet leny\u0171g\u00f6z\u0151 vil\u00e1g\u00e1ba. A modern konstrukci\u00f3 f\u00e9m \u00e9s tart\u00f3s polimer kombin\u00e1ci\u00f3ja. A l\u00e9gpisztoly funkcion\u00e1lis elemei intuit\u00edv elhelyez\u00e9s\u00fckkel \u00e9s sz\u00ednkiemel\u00e9s\u00fckkel maxim\u00e1lis biztons\u00e1got ny\u00fajtanak a kezel\u0151nek. A bev\u00e1lt rug\u00f3rendszer \u00e9s a hornyolt cs\u0151, precizit\u00e1st biztos\u00edt. Kett\u0151s biztos\u00edt\u00e9k k\u00e9zi biztos\u00edt\u00e9kkal \u00e9s a markolat h\u00e1tulj\u00e1ba integr\u00e1lt teny\u00e9rbiztos\u00edt\u00e1ssal.<\/p>","protected":false},"featured_media":12943,"template":"","meta":{"_gspb_post_css":""},"product_brand":[],"product_cat":[1857,1834,1824],"product_tag":[],"class_list":{"0":"post-15619","1":"product","2":"type-product","3":"status-publish","4":"has-post-thumbnail","6":"product_cat-kratke-vzduchovky","7":"product_cat-vzduchovky","8":"product_cat-zbrane-18-d","10":"first","11":"outofstock","12":"taxable","13":"shipping-taxable","14":"purchasable","15":"product-type-simple"},"ct_brands":[],"_links":{"self":[{"href":"https:\/\/zbranebudai.sk\/hu\/wp-json\/wp\/v2\/product\/15619","targetHints":{"allow":["GET"]}}],"collection":[{"href":"https:\/\/zbranebudai.sk\/hu\/wp-json\/wp\/v2\/product"}],"about":[{"href":"https:\/\/zbranebudai.sk\/hu\/wp-json\/wp\/v2\/types\/product"}],"wp:featuredmedia":[{"embeddable":true,"href":"https:\/\/zbranebudai.sk\/hu\/wp-json\/wp\/v2\/media\/12943"}],"wp:attachment":[{"href":"https:\/\/zbranebudai.sk\/hu\/wp-json\/wp\/v2\/media?parent=15619"}],"wp:term":[{"taxonomy":"product_brand","embeddable":true,"href":"https:\/\/zbranebudai.sk\/hu\/wp-json\/wp\/v2\/product_brand?post=15619"},{"taxonomy":"product_cat","embeddable":true,"href":"https:\/\/zbranebudai.sk\/hu\/wp-json\/wp\/v2\/product_cat?post=15619"},{"taxonomy":"product_tag","embeddable":true,"href":"https:\/\/zbranebudai.sk\/hu\/wp-json\/wp\/v2\/product_tag?post=15619"}],"curies":[{"name":"wp","href":"https:\/\/api.w.org\/{rel}","templated":true}]}}