{"id":15616,"date":"2025-02-17T17:59:38","date_gmt":"2025-02-17T15:59:38","guid":{"rendered":"https:\/\/zbranebudai.sk\/product\/adapter-pre-tlmic-1-2x28-pre-hammerli-forge-h1-22\/"},"modified":"2025-08-31T03:34:32","modified_gmt":"2025-08-31T01:34:32","slug":"adapter-1-2x28-as-kalapacshoz-hammerli-kovacsmuhelyhez-h1-22","status":"publish","type":"product","link":"https:\/\/zbranebudai.sk\/hu\/product\/adapter-pre-tlmic-1-2x28-pre-hammerli-forge-h1-22\/","title":{"rendered":"Adapter leng\u00e9scsillap\u00edt\u00f3hoz 1\/2\u00d728 a Hammerli Forge H1 22-hez"},"content":{"rendered":"","protected":false},"excerpt":{"rendered":"<p>Adapter hangtomp\u00edt\u00f3 r\u00f6gz\u00edt\u00e9s\u00e9hez 1\/2\u00d728-as menettel Hammerli Forge H1 22 cal. .22LR. Gy\u00e1rt\u00f3.<\/p>","protected":false},"featured_media":12929,"template":"","meta":{"_gspb_post_css":""},"product_brand":[],"product_cat":[2199,1864,2208,1820],"product_tag":[],"class_list":{"0":"post-15616","1":"product","2":"type-product","3":"status-publish","4":"has-post-thumbnail","6":"product_cat-hammerli-pistole-zbrane-b-c","7":"product_cat-pistole-zbrane-b-c","8":"product_cat-prislusenstvo-hammerli-hammerli-pistole-zbrane-b-c","9":"product_cat-zbrane-b-c","11":"first","12":"outofstock","13":"taxable","14":"shipping-taxable","15":"purchasable","16":"product-type-simple"},"ct_brands":[],"_links":{"self":[{"href":"https:\/\/zbranebudai.sk\/hu\/wp-json\/wp\/v2\/product\/15616","targetHints":{"allow":["GET"]}}],"collection":[{"href":"https:\/\/zbranebudai.sk\/hu\/wp-json\/wp\/v2\/product"}],"about":[{"href":"https:\/\/zbranebudai.sk\/hu\/wp-json\/wp\/v2\/types\/product"}],"wp:featuredmedia":[{"embeddable":true,"href":"https:\/\/zbranebudai.sk\/hu\/wp-json\/wp\/v2\/media\/12929"}],"wp:attachment":[{"href":"https:\/\/zbranebudai.sk\/hu\/wp-json\/wp\/v2\/media?parent=15616"}],"wp:term":[{"taxonomy":"product_brand","embeddable":true,"href":"https:\/\/zbranebudai.sk\/hu\/wp-json\/wp\/v2\/product_brand?post=15616"},{"taxonomy":"product_cat","embeddable":true,"href":"https:\/\/zbranebudai.sk\/hu\/wp-json\/wp\/v2\/product_cat?post=15616"},{"taxonomy":"product_tag","embeddable":true,"href":"https:\/\/zbranebudai.sk\/hu\/wp-json\/wp\/v2\/product_tag?post=15616"}],"curies":[{"name":"wp","href":"https:\/\/api.w.org\/{rel}","templated":true}]}}