{"id":15614,"date":"2025-02-17T17:59:38","date_gmt":"2025-02-17T15:59:38","guid":{"rendered":"https:\/\/zbranebudai.sk\/product\/akciovy-set-hammerli-tac-r1-22-kal-22lr-tlmic-stalon-rf\/"},"modified":"2026-04-09T02:00:56","modified_gmt":"2026-04-09T00:00:56","slug":"hammerli-tac-r1-22-kaliber-22lr-keszlet-hammerli-tac-r1-22-kaliber-22lr-stalon-rf","status":"publish","type":"product","link":"https:\/\/zbranebudai.sk\/hu\/product\/akciovy-set-hammerli-tac-r1-22-kal-22lr-tlmic-stalon-rf\/","title":{"rendered":"Akci\u00f3k\u00e9szlet Hammerli TAC R1 22, cal. .22LR + Stalon RF hangtomp\u00edt\u00f3"},"content":{"rendered":"<p>AKCI\u00d3S K\u00c9SZLET:<\/p>\n<p>1x Hammerli TAC R1 22, kal. .22LR<br \/>\n1x Stalon RF, 1\/2-28, cal. .17-.22<\/p>","protected":false},"excerpt":{"rendered":"<p>\u00daj, nagyon pontos \u00f6nt\u00f6lt\u0151 kis kaliber\u0171 .22LR (HV) puska a n\u00e9met UMAREX gy\u00e1rt\u00f3t\u00f3l. Alternat\u00edv megold\u00e1s Steel Challenge versenyekre. T\u00e1r 10 t\u00f6lt\u00e9nyre, 5 \u00e1ll\u00e1s\u00fa teleszk\u00f3pos sz\u00e1r, k\u00e9tlyuk\u00fa, k\u00f6r alak\u00fa, oldalir\u00e1nyban \u00e1ll\u00edthat\u00f3 h\u00e1ts\u00f3 ir\u00e1nyz\u00e9k, magass\u00e1gban \u00e1ll\u00edthat\u00f3 h\u00e1ts\u00f3 ir\u00e1nyz\u00e9k, mind a h\u00e1ts\u00f3, mind az els\u0151 ir\u00e1nyz\u00e9k \u00f6sszecsukhat\u00f3 \u00e9s levehet\u0151, M-LOK markolat. A cs\u00faszka sebess\u00e9ge be\u00e1ll\u00edthat\u00f3 a k\u00fcl\u00f6nb\u00f6z\u0151 l\u0151szerig\u00e9nyekhez. 20 \u00e9s 30 t\u00f6lt\u00e9nyes t\u00e1rak v\u00e1s\u00e1rolhat\u00f3k.<\/p>","protected":false},"featured_media":12923,"template":"","meta":{"_gspb_post_css":""},"product_brand":[],"product_cat":[1821,1883,1884,1820],"product_tag":[],"class_list":{"0":"post-15614","1":"product","2":"type-product","3":"status-publish","4":"has-post-thumbnail","6":"product_cat-gulovnice-zbrane-b-c","7":"product_cat-hammerli","8":"product_cat-hammerli-tac-r1","9":"product_cat-zbrane-b-c","11":"first","12":"instock","13":"taxable","14":"shipping-taxable","15":"purchasable","16":"product-type-simple"},"ct_brands":[],"_links":{"self":[{"href":"https:\/\/zbranebudai.sk\/hu\/wp-json\/wp\/v2\/product\/15614","targetHints":{"allow":["GET"]}}],"collection":[{"href":"https:\/\/zbranebudai.sk\/hu\/wp-json\/wp\/v2\/product"}],"about":[{"href":"https:\/\/zbranebudai.sk\/hu\/wp-json\/wp\/v2\/types\/product"}],"wp:featuredmedia":[{"embeddable":true,"href":"https:\/\/zbranebudai.sk\/hu\/wp-json\/wp\/v2\/media\/12923"}],"wp:attachment":[{"href":"https:\/\/zbranebudai.sk\/hu\/wp-json\/wp\/v2\/media?parent=15614"}],"wp:term":[{"taxonomy":"product_brand","embeddable":true,"href":"https:\/\/zbranebudai.sk\/hu\/wp-json\/wp\/v2\/product_brand?post=15614"},{"taxonomy":"product_cat","embeddable":true,"href":"https:\/\/zbranebudai.sk\/hu\/wp-json\/wp\/v2\/product_cat?post=15614"},{"taxonomy":"product_tag","embeddable":true,"href":"https:\/\/zbranebudai.sk\/hu\/wp-json\/wp\/v2\/product_tag?post=15614"}],"curies":[{"name":"wp","href":"https:\/\/api.w.org\/{rel}","templated":true}]}}