{"id":15608,"date":"2025-02-17T17:59:37","date_gmt":"2025-02-17T15:59:37","guid":{"rendered":"https:\/\/zbranebudai.sk\/product\/tikka-t3x-varmint-hunter-kal-270wsm-ns-3rd-23-7in-mt18x1\/"},"modified":"2026-04-23T08:17:13","modified_gmt":"2026-04-23T06:17:13","slug":"tikka-t3x-varmint-hunter-kal-270wsm-ns-3rd-23-7in-mt18x1","status":"publish","type":"product","link":"https:\/\/zbranebudai.sk\/hu\/product\/tikka-t3x-varmint-hunter-kal-270wsm-ns-3rd-23-7in-mt18x1\/","title":{"rendered":"Tikka T3x Varmint Hunter, cal. .270WSM (NS 3rd 23.7in MT18X1)"},"content":{"rendered":"<p>PARAM\u00c9TEREK:<\/p>\n<p>Cs\u0151hossz: 600 mm (23,7 in)<br \/>\nTeljes hossz: 1115 mm<br \/>\nT\u00e1lcakapacit\u00e1s: 3<br \/>\nCs\u0151oszt\u00e1s: 1:10\u2033<br \/>\nPicatinny s\u00edn: nem<br \/>\nAnyag: ac\u00e9l<br \/>\n\u00cdg\u00e9ret: Wood<br \/>\nS\u00faly: 3,7 kg<\/p>","protected":false},"excerpt":{"rendered":"<p>A Tikka T3x Varmint Hunter a megfelel\u0151 eszk\u00f6z a t\u00e1vols\u00e1gi vad\u00e1szathoz. A Tikka T3x Varmint szabadon lebeg\u0151, f\u00e9lneh\u00e9z cs\u00f6ve hat\u00e9konyan kik\u00fcsz\u00f6b\u00f6li a vibr\u00e1ci\u00f3t, \u00e9s nem melegszik t\u00fal, m\u00e9g gyors l\u00f6v\u00e9ssorozat eset\u00e9n sem. A fa sz\u00e1r k\u00fcl\u00f6n\u00f6sen sz\u00e9les el\u0151markolattal rendelkezik a biztos t\u00e1maszt\u00e1s \u00e9rdek\u00e9ben, \u00e9s a szemlyuk seg\u00edts\u00e9g\u00e9vel bipodot vagy hevedert r\u00f6gz\u00edthet.  F\u00fcgg\u0151leges pisztolymarkolat\u00fa, fekv\u0151 l\u00f6v\u00e9szethez igazodik.<\/p>","protected":false},"featured_media":12901,"template":"","meta":{"_gspb_post_css":""},"product_brand":[],"product_cat":[1821,1958,2056,1854,1861,1820],"product_tag":[],"class_list":{"0":"post-15608","1":"product","2":"type-product","3":"status-publish","4":"has-post-thumbnail","6":"product_cat-gulovnice-zbrane-b-c","7":"product_cat-t3x-varmint","8":"product_cat-t3x-varmint-hunter","9":"product_cat-tikka","10":"product_cat-tikka-t3x","11":"product_cat-zbrane-b-c","13":"first","14":"outofstock","15":"taxable","16":"shipping-taxable","17":"purchasable","18":"product-type-simple"},"ct_brands":[],"_links":{"self":[{"href":"https:\/\/zbranebudai.sk\/hu\/wp-json\/wp\/v2\/product\/15608","targetHints":{"allow":["GET"]}}],"collection":[{"href":"https:\/\/zbranebudai.sk\/hu\/wp-json\/wp\/v2\/product"}],"about":[{"href":"https:\/\/zbranebudai.sk\/hu\/wp-json\/wp\/v2\/types\/product"}],"wp:featuredmedia":[{"embeddable":true,"href":"https:\/\/zbranebudai.sk\/hu\/wp-json\/wp\/v2\/media\/12901"}],"wp:attachment":[{"href":"https:\/\/zbranebudai.sk\/hu\/wp-json\/wp\/v2\/media?parent=15608"}],"wp:term":[{"taxonomy":"product_brand","embeddable":true,"href":"https:\/\/zbranebudai.sk\/hu\/wp-json\/wp\/v2\/product_brand?post=15608"},{"taxonomy":"product_cat","embeddable":true,"href":"https:\/\/zbranebudai.sk\/hu\/wp-json\/wp\/v2\/product_cat?post=15608"},{"taxonomy":"product_tag","embeddable":true,"href":"https:\/\/zbranebudai.sk\/hu\/wp-json\/wp\/v2\/product_tag?post=15608"}],"curies":[{"name":"wp","href":"https:\/\/api.w.org\/{rel}","templated":true}]}}