{"id":15607,"date":"2025-02-17T17:59:37","date_gmt":"2025-02-17T15:59:37","guid":{"rendered":"https:\/\/zbranebudai.sk\/product\/cielnik-xd-m-elite-5-25-precision-mikrometricky\/"},"modified":"2026-04-09T02:53:53","modified_gmt":"2026-04-09T00:53:53","slug":"xd-m-elite-5-25-precizios-mikrometrikus-meroora-xd-m-elite-5-25","status":"publish","type":"product","link":"https:\/\/zbranebudai.sk\/hu\/product\/cielnik-xd-m-elite-5-25-precision-mikrometricky\/","title":{"rendered":"XD-M ELITE 5.25\u2033 PRECISION, mikrometrikus"},"content":{"rendered":"","protected":false},"excerpt":{"rendered":"<p>Mikrom\u00e9teres ir\u00e1nyz\u00e9k az XD-M ELITE 5.25\u2033 PRECISION-hez (40\/9492420\/ir\u00e1nyz\u00e9k \u00e1ll\u00edthat\u00f3).<\/p>","protected":false},"featured_media":12899,"template":"","meta":{"_gspb_post_css":""},"product_brand":[],"product_cat":[2051,1864,2043,2033,1820],"product_tag":[],"class_list":{"0":"post-15607","1":"product","2":"type-product","3":"status-publish","4":"has-post-thumbnail","6":"product_cat-mieridla-prislusenstvo-springfield-armory","7":"product_cat-pistole-zbrane-b-c","8":"product_cat-prislusenstvo-springfield-armory","9":"product_cat-springfield-armory-hs-produkt","10":"product_cat-zbrane-b-c","12":"first","13":"outofstock","14":"taxable","15":"shipping-taxable","16":"purchasable","17":"product-type-simple"},"ct_brands":[],"_links":{"self":[{"href":"https:\/\/zbranebudai.sk\/hu\/wp-json\/wp\/v2\/product\/15607","targetHints":{"allow":["GET"]}}],"collection":[{"href":"https:\/\/zbranebudai.sk\/hu\/wp-json\/wp\/v2\/product"}],"about":[{"href":"https:\/\/zbranebudai.sk\/hu\/wp-json\/wp\/v2\/types\/product"}],"wp:featuredmedia":[{"embeddable":true,"href":"https:\/\/zbranebudai.sk\/hu\/wp-json\/wp\/v2\/media\/12899"}],"wp:attachment":[{"href":"https:\/\/zbranebudai.sk\/hu\/wp-json\/wp\/v2\/media?parent=15607"}],"wp:term":[{"taxonomy":"product_brand","embeddable":true,"href":"https:\/\/zbranebudai.sk\/hu\/wp-json\/wp\/v2\/product_brand?post=15607"},{"taxonomy":"product_cat","embeddable":true,"href":"https:\/\/zbranebudai.sk\/hu\/wp-json\/wp\/v2\/product_cat?post=15607"},{"taxonomy":"product_tag","embeddable":true,"href":"https:\/\/zbranebudai.sk\/hu\/wp-json\/wp\/v2\/product_tag?post=15607"}],"curies":[{"name":"wp","href":"https:\/\/api.w.org\/{rel}","templated":true}]}}