{"id":15602,"date":"2025-02-17T17:59:36","date_gmt":"2025-02-17T15:59:36","guid":{"rendered":"https:\/\/zbranebudai.sk\/product\/zasobnik-1911-9x19-9-nabojov-slam-pad-nerez\/"},"modified":"2026-04-23T08:14:16","modified_gmt":"2026-04-23T06:14:16","slug":"1911-9x19-9-kort-rozsdamentes-acel-slam-pad","status":"publish","type":"product","link":"https:\/\/zbranebudai.sk\/hu\/product\/zasobnik-1911-9x19-9-nabojov-slam-pad-nerez\/","title":{"rendered":"1911-es t\u00e1r, 9\u00d719, 9 t\u00f6lt\u00e9ny, Slam Pad, rozsdamentes ac\u00e9l"},"content":{"rendered":"","protected":false},"excerpt":{"rendered":"<p>A t\u00e1r kompatibilis az \u00f6sszes Springfield Armory 1911-es pisztollyal, cal. .45ACP, kiv\u00e9ve az 1911 DS PRODIGY. A Slam Pad v\u00e9delmet ny\u00fajt a leejt\u00e9sb\u0151l ered\u0151 s\u00e9r\u00fcl\u00e9sek ellen.<\/p>","protected":false},"featured_media":12880,"template":"","meta":{"_gspb_post_css":""},"product_brand":[],"product_cat":[1864,2043,2033,2230,1820],"product_tag":[],"class_list":{"0":"post-15602","1":"product","2":"type-product","3":"status-publish","4":"has-post-thumbnail","6":"product_cat-pistole-zbrane-b-c","7":"product_cat-prislusenstvo-springfield-armory","8":"product_cat-springfield-armory-hs-produkt","9":"product_cat-zasobniky-prislusenstvo-springfield-armory","10":"product_cat-zbrane-b-c","12":"first","13":"instock","14":"taxable","15":"shipping-taxable","16":"purchasable","17":"product-type-simple"},"ct_brands":[],"_links":{"self":[{"href":"https:\/\/zbranebudai.sk\/hu\/wp-json\/wp\/v2\/product\/15602","targetHints":{"allow":["GET"]}}],"collection":[{"href":"https:\/\/zbranebudai.sk\/hu\/wp-json\/wp\/v2\/product"}],"about":[{"href":"https:\/\/zbranebudai.sk\/hu\/wp-json\/wp\/v2\/types\/product"}],"wp:featuredmedia":[{"embeddable":true,"href":"https:\/\/zbranebudai.sk\/hu\/wp-json\/wp\/v2\/media\/12880"}],"wp:attachment":[{"href":"https:\/\/zbranebudai.sk\/hu\/wp-json\/wp\/v2\/media?parent=15602"}],"wp:term":[{"taxonomy":"product_brand","embeddable":true,"href":"https:\/\/zbranebudai.sk\/hu\/wp-json\/wp\/v2\/product_brand?post=15602"},{"taxonomy":"product_cat","embeddable":true,"href":"https:\/\/zbranebudai.sk\/hu\/wp-json\/wp\/v2\/product_cat?post=15602"},{"taxonomy":"product_tag","embeddable":true,"href":"https:\/\/zbranebudai.sk\/hu\/wp-json\/wp\/v2\/product_tag?post=15602"}],"curies":[{"name":"wp","href":"https:\/\/api.w.org\/{rel}","templated":true}]}}