{"id":15600,"date":"2025-02-17T17:59:36","date_gmt":"2025-02-17T15:59:36","guid":{"rendered":"https:\/\/zbranebudai.sk\/product\/predlzene-dno-na-zasobnik-xd-m-10mm-auto\/"},"modified":"2026-04-16T05:35:55","modified_gmt":"2026-04-16T03:35:55","slug":"kiterjesztett-alj-a-tartalyhoz-xd-m-10mm-auto","status":"publish","type":"product","link":"https:\/\/zbranebudai.sk\/hu\/product\/predlzene-dno-na-zasobnik-xd-m-10mm-auto\/","title":{"rendered":"XD-M, 10 mm-es automata, meghosszabb\u00edtott t\u00e1ralap, 10mm Auto"},"content":{"rendered":"","protected":false},"excerpt":{"rendered":"<p>Az XD-M, 10mm Auto b\u0151v\u00edtett t\u00e1ralap lehet\u0151v\u00e9 teszi a t\u00e1rkapacit\u00e1s 15-r\u0151l 16 t\u00f6lt\u00e9nyre t\u00f6rt\u00e9n\u0151 b\u0151v\u00edt\u00e9s\u00e9t. (No.65\/466780\/Magazin hosszabb\u00edt\u00f3 +1rd)<\/p>","protected":false},"featured_media":12876,"template":"","meta":{"_gspb_post_css":""},"product_brand":[],"product_cat":[1864,2043,2033,2230,1820],"product_tag":[],"class_list":{"0":"post-15600","1":"product","2":"type-product","3":"status-publish","4":"has-post-thumbnail","6":"product_cat-pistole-zbrane-b-c","7":"product_cat-prislusenstvo-springfield-armory","8":"product_cat-springfield-armory-hs-produkt","9":"product_cat-zasobniky-prislusenstvo-springfield-armory","10":"product_cat-zbrane-b-c","12":"first","13":"instock","14":"taxable","15":"shipping-taxable","16":"purchasable","17":"product-type-simple"},"ct_brands":[],"_links":{"self":[{"href":"https:\/\/zbranebudai.sk\/hu\/wp-json\/wp\/v2\/product\/15600","targetHints":{"allow":["GET"]}}],"collection":[{"href":"https:\/\/zbranebudai.sk\/hu\/wp-json\/wp\/v2\/product"}],"about":[{"href":"https:\/\/zbranebudai.sk\/hu\/wp-json\/wp\/v2\/types\/product"}],"wp:featuredmedia":[{"embeddable":true,"href":"https:\/\/zbranebudai.sk\/hu\/wp-json\/wp\/v2\/media\/12876"}],"wp:attachment":[{"href":"https:\/\/zbranebudai.sk\/hu\/wp-json\/wp\/v2\/media?parent=15600"}],"wp:term":[{"taxonomy":"product_brand","embeddable":true,"href":"https:\/\/zbranebudai.sk\/hu\/wp-json\/wp\/v2\/product_brand?post=15600"},{"taxonomy":"product_cat","embeddable":true,"href":"https:\/\/zbranebudai.sk\/hu\/wp-json\/wp\/v2\/product_cat?post=15600"},{"taxonomy":"product_tag","embeddable":true,"href":"https:\/\/zbranebudai.sk\/hu\/wp-json\/wp\/v2\/product_tag?post=15600"}],"curies":[{"name":"wp","href":"https:\/\/api.w.org\/{rel}","templated":true}]}}