{"id":15596,"date":"2025-02-17T17:59:35","date_gmt":"2025-02-17T15:59:35","guid":{"rendered":"https:\/\/zbranebudai.sk\/product\/caliber-change-kit-300winmag-pre-trg-m10-27in-mt18x1\/"},"modified":"2026-04-09T02:52:56","modified_gmt":"2026-04-09T00:52:56","slug":"kalibervalto-keszlet-300winmag-pre-trg-m10-27in-mt18x1","status":"publish","type":"product","link":"https:\/\/zbranebudai.sk\/hu\/product\/caliber-change-kit-300winmag-pre-trg-m10-27in-mt18x1\/","title":{"rendered":"Kaliberv\u00e1lt\u00f3 k\u00e9szlet .300WinMag. a TRG M10-hez (27in MT18x1)"},"content":{"rendered":"","protected":false},"excerpt":{"rendered":"","protected":false},"featured_media":12864,"template":"","meta":{"_gspb_post_css":""},"product_brand":[],"product_cat":[1821,1981,1928,1822,1820],"product_tag":[],"class_list":{"0":"post-15596","1":"product","2":"type-product","3":"status-publish","4":"has-post-thumbnail","6":"product_cat-gulovnice-zbrane-b-c","7":"product_cat-nd-prislusenstvo-sako","8":"product_cat-prislusenstvo-sako","9":"product_cat-sako","10":"product_cat-zbrane-b-c","12":"first","13":"outofstock","14":"taxable","15":"shipping-taxable","16":"purchasable","17":"product-type-simple"},"ct_brands":[],"_links":{"self":[{"href":"https:\/\/zbranebudai.sk\/hu\/wp-json\/wp\/v2\/product\/15596","targetHints":{"allow":["GET"]}}],"collection":[{"href":"https:\/\/zbranebudai.sk\/hu\/wp-json\/wp\/v2\/product"}],"about":[{"href":"https:\/\/zbranebudai.sk\/hu\/wp-json\/wp\/v2\/types\/product"}],"wp:featuredmedia":[{"embeddable":true,"href":"https:\/\/zbranebudai.sk\/hu\/wp-json\/wp\/v2\/media\/12864"}],"wp:attachment":[{"href":"https:\/\/zbranebudai.sk\/hu\/wp-json\/wp\/v2\/media?parent=15596"}],"wp:term":[{"taxonomy":"product_brand","embeddable":true,"href":"https:\/\/zbranebudai.sk\/hu\/wp-json\/wp\/v2\/product_brand?post=15596"},{"taxonomy":"product_cat","embeddable":true,"href":"https:\/\/zbranebudai.sk\/hu\/wp-json\/wp\/v2\/product_cat?post=15596"},{"taxonomy":"product_tag","embeddable":true,"href":"https:\/\/zbranebudai.sk\/hu\/wp-json\/wp\/v2\/product_tag?post=15596"}],"curies":[{"name":"wp","href":"https:\/\/api.w.org\/{rel}","templated":true}]}}