{"id":15585,"date":"2025-02-17T17:59:34","date_gmt":"2025-02-17T15:59:34","guid":{"rendered":"https:\/\/zbranebudai.sk\/product\/zasobnik-pre-pistol-co2-glock-17-gen5-kal-45mm-diabolo\/"},"modified":"2026-05-07T13:37:28","modified_gmt":"2026-05-07T11:37:28","slug":"tar-glock-17-gen5-cal-45mm-diabolo-co2-pisztolyhoz-glock-17-gen5-diabolo-co2-pisztolyhoz","status":"publish","type":"product","link":"https:\/\/zbranebudai.sk\/hu\/product\/zasobnik-pre-pistol-co2-glock-17-gen5-kal-45mm-diabolo\/","title":{"rendered":"T\u00f6lt\u00e9nyt\u00e1r CO2 pisztolyhoz GLOCK 17 Gen5, cal. 4,5mm diabolo"},"content":{"rendered":"","protected":false},"excerpt":{"rendered":"","protected":false},"featured_media":12835,"template":"","meta":{"_gspb_post_css":""},"product_brand":[],"product_cat":[1833,1824,1828],"product_tag":[],"class_list":{"0":"post-15585","1":"product","2":"type-product","3":"status-publish","4":"has-post-thumbnail","6":"product_cat-co2-prislusenstvo","7":"product_cat-zbrane-18-d","8":"product_cat-zbrane-na-co2","10":"first","11":"instock","12":"taxable","13":"shipping-taxable","14":"purchasable","15":"product-type-simple"},"ct_brands":[],"_links":{"self":[{"href":"https:\/\/zbranebudai.sk\/hu\/wp-json\/wp\/v2\/product\/15585","targetHints":{"allow":["GET"]}}],"collection":[{"href":"https:\/\/zbranebudai.sk\/hu\/wp-json\/wp\/v2\/product"}],"about":[{"href":"https:\/\/zbranebudai.sk\/hu\/wp-json\/wp\/v2\/types\/product"}],"wp:featuredmedia":[{"embeddable":true,"href":"https:\/\/zbranebudai.sk\/hu\/wp-json\/wp\/v2\/media\/12835"}],"wp:attachment":[{"href":"https:\/\/zbranebudai.sk\/hu\/wp-json\/wp\/v2\/media?parent=15585"}],"wp:term":[{"taxonomy":"product_brand","embeddable":true,"href":"https:\/\/zbranebudai.sk\/hu\/wp-json\/wp\/v2\/product_brand?post=15585"},{"taxonomy":"product_cat","embeddable":true,"href":"https:\/\/zbranebudai.sk\/hu\/wp-json\/wp\/v2\/product_cat?post=15585"},{"taxonomy":"product_tag","embeddable":true,"href":"https:\/\/zbranebudai.sk\/hu\/wp-json\/wp\/v2\/product_tag?post=15585"}],"curies":[{"name":"wp","href":"https:\/\/api.w.org\/{rel}","templated":true}]}}