{"id":15584,"date":"2025-02-17T17:59:34","date_gmt":"2025-02-17T15:59:34","guid":{"rendered":"https:\/\/zbranebudai.sk\/product\/atrapy-nabojov-legends-s25-s40-s60-kal-45mm-diab-6-ks\/"},"modified":"2026-04-09T02:52:56","modified_gmt":"2026-04-09T00:52:56","slug":"toltenyhuvelyek-legendak-s25-s40-s60-cal-45mm-diab-6-db","status":"publish","type":"product","link":"https:\/\/zbranebudai.sk\/hu\/product\/atrapy-nabojov-legends-s25-s40-s60-kal-45mm-diab-6-ks\/","title":{"rendered":"Legend\u00e1k S25 \/ S40 \/ S60, cal. 4,5mm \u00e1tm\u00e9r\u0151j\u0171, 6 db"},"content":{"rendered":"","protected":false},"excerpt":{"rendered":"<p>A b\u00e1bu a revolver henger\u00e9be ker\u00fcl, \u00e9s a l\u00f6ved\u00e9k t\u00f6lt\u00e9nyh\u00fcvelyek\u00e9nt szolg\u00e1l. 4,5 mm. A csomag 6 darabot tartalmaz. Legends S25, S40, S60 revolverekhez tervezt\u00e9k.<\/p>","protected":false},"featured_media":12831,"template":"","meta":{"_gspb_post_css":""},"product_brand":[],"product_cat":[1833,1824,1828],"product_tag":[],"class_list":{"0":"post-15584","1":"product","2":"type-product","3":"status-publish","4":"has-post-thumbnail","6":"product_cat-co2-prislusenstvo","7":"product_cat-zbrane-18-d","8":"product_cat-zbrane-na-co2","10":"first","11":"instock","12":"taxable","13":"shipping-taxable","14":"purchasable","15":"product-type-simple"},"ct_brands":[],"_links":{"self":[{"href":"https:\/\/zbranebudai.sk\/hu\/wp-json\/wp\/v2\/product\/15584","targetHints":{"allow":["GET"]}}],"collection":[{"href":"https:\/\/zbranebudai.sk\/hu\/wp-json\/wp\/v2\/product"}],"about":[{"href":"https:\/\/zbranebudai.sk\/hu\/wp-json\/wp\/v2\/types\/product"}],"wp:featuredmedia":[{"embeddable":true,"href":"https:\/\/zbranebudai.sk\/hu\/wp-json\/wp\/v2\/media\/12831"}],"wp:attachment":[{"href":"https:\/\/zbranebudai.sk\/hu\/wp-json\/wp\/v2\/media?parent=15584"}],"wp:term":[{"taxonomy":"product_brand","embeddable":true,"href":"https:\/\/zbranebudai.sk\/hu\/wp-json\/wp\/v2\/product_brand?post=15584"},{"taxonomy":"product_cat","embeddable":true,"href":"https:\/\/zbranebudai.sk\/hu\/wp-json\/wp\/v2\/product_cat?post=15584"},{"taxonomy":"product_tag","embeddable":true,"href":"https:\/\/zbranebudai.sk\/hu\/wp-json\/wp\/v2\/product_tag?post=15584"}],"curies":[{"name":"wp","href":"https:\/\/api.w.org\/{rel}","templated":true}]}}