{"id":15583,"date":"2025-02-17T17:59:34","date_gmt":"2025-02-17T15:59:34","guid":{"rendered":"https:\/\/zbranebudai.sk\/product\/voere-pistol-impulse-suppressor-a082-m135x1-left-9x19\/"},"modified":"2026-04-09T02:52:56","modified_gmt":"2026-04-09T00:52:56","slug":"voere-pisztoly-impulzus-elnyomo-a082-m135x1-bal-9x19","status":"publish","type":"product","link":"https:\/\/zbranebudai.sk\/hu\/product\/voere-pistol-impulse-suppressor-a082-m135x1-left-9x19\/","title":{"rendered":"Voere Pistol Impulse Suppressor A082, M13,5\u00d71 balra, 9\u00d719"},"content":{"rendered":"<p>A hangtomp\u00edt\u00f3 haszn\u00e1lata szubszonikus l\u0151szerrel kombin\u00e1lva azt eredm\u00e9nyezheti, hogy egyes fegyverekn\u00e9l a z\u00e1r nem h\u00faz\u00f3dik.<\/p>\n<p>PARAM\u00c9TEREK:<\/p>\n<p>Maxim\u00e1lis kaliber: 9\u00d719<br \/>\nZajcsillap\u00edt\u00e1s: \u2265 25 dBc<br \/>\n\u00c1tm\u00e9r\u0151: 40 mm<br \/>\nHossz: 190 mm<br \/>\nAnyag - test: Alum\u00ednium<br \/>\nAnyag - menet \u00e9s egyenir\u00e1ny\u00edt\u00f3: rozsdamentes ac\u00e9l<br \/>\nAnyag - v\u00e1laszfalak: alum\u00ednium<br \/>\nSz\u00edn: Fekete matt<br \/>\nS\u00faly: 520 g<\/p>","protected":false},"excerpt":{"rendered":"<p>Tart\u00f3s pisztolyimpulzus hangtomp\u00edt\u00f3 a Voere-t\u0151l. Kialak\u00edt\u00e1sa biztos\u00edtja az \u00f6nt\u00f6lt\u0151 pisztolyrendszer megb\u00edzhat\u00f3 ki- \u00e9s reteszel\u00e9si funkci\u00f3j\u00e1t, \u00e9s figyelemre m\u00e9lt\u00f3, 25 dBc \u00e9s ann\u00e1l nagyobb csillap\u00edt\u00e1st \u00e9r el, a kalibert\u0151l, a cs\u0151hossz\u00fas\u00e1gt\u00f3l, a haszn\u00e1lt l\u0151szert\u0151l stb. f\u00fcgg\u0151en. Legal\u00e1bb 10 mm-es menethossz\u00fas\u00e1g sz\u00fcks\u00e9ges. Ausztri\u00e1ban k\u00e9sz\u00fclt.<\/p>","protected":false},"featured_media":12829,"template":"","meta":{"_gspb_post_css":""},"product_brand":[],"product_cat":[2107,2206,1820],"product_tag":[],"class_list":{"0":"post-15583","1":"product","2":"type-product","3":"status-publish","4":"has-post-thumbnail","6":"product_cat-tlmice-zbrane-b-c","7":"product_cat-voere-tlmice-zbrane-b-c","8":"product_cat-zbrane-b-c","10":"first","11":"instock","12":"taxable","13":"shipping-taxable","14":"purchasable","15":"product-type-simple"},"ct_brands":[],"_links":{"self":[{"href":"https:\/\/zbranebudai.sk\/hu\/wp-json\/wp\/v2\/product\/15583","targetHints":{"allow":["GET"]}}],"collection":[{"href":"https:\/\/zbranebudai.sk\/hu\/wp-json\/wp\/v2\/product"}],"about":[{"href":"https:\/\/zbranebudai.sk\/hu\/wp-json\/wp\/v2\/types\/product"}],"wp:featuredmedia":[{"embeddable":true,"href":"https:\/\/zbranebudai.sk\/hu\/wp-json\/wp\/v2\/media\/12829"}],"wp:attachment":[{"href":"https:\/\/zbranebudai.sk\/hu\/wp-json\/wp\/v2\/media?parent=15583"}],"wp:term":[{"taxonomy":"product_brand","embeddable":true,"href":"https:\/\/zbranebudai.sk\/hu\/wp-json\/wp\/v2\/product_brand?post=15583"},{"taxonomy":"product_cat","embeddable":true,"href":"https:\/\/zbranebudai.sk\/hu\/wp-json\/wp\/v2\/product_cat?post=15583"},{"taxonomy":"product_tag","embeddable":true,"href":"https:\/\/zbranebudai.sk\/hu\/wp-json\/wp\/v2\/product_tag?post=15583"}],"curies":[{"name":"wp","href":"https:\/\/api.w.org\/{rel}","templated":true}]}}