{"id":15580,"date":"2025-02-17T17:59:34","date_gmt":"2025-02-17T15:59:34","guid":{"rendered":"https:\/\/zbranebudai.sk\/product\/voere-lbw-hunter-kal-308win-walnut-hsbw-os-mcs-rst-5rd-m15x1\/"},"modified":"2026-04-30T10:56:22","modified_gmt":"2026-04-30T08:56:22","slug":"voere-lbw-hunter-kal-308win-dio-hsbw-os-mcs-rst-5rd-m15x1","status":"publish","type":"product","link":"https:\/\/zbranebudai.sk\/hu\/product\/voere-lbw-hunter-kal-308win-walnut-hsbw-os-mcs-rst-5rd-m15x1\/","title":{"rendered":"Voere LBW Hunter, cal. .308Win. (di\u00f3fa HSBw\/oS MCS RST 5rd M15x1)"},"content":{"rendered":"<p>PARAM\u00c9TEREK:<\/p>\n<p>Cs\u0151hossz: 600 mm (23.6 in)<br \/>\nTeljes hossz: 1130 mm<br \/>\nT\u00e1lcakapacit\u00e1s: 5<br \/>\nCs\u0151oszt\u00e1s: 1:12\u2033<br \/>\nBiztos\u00edt\u00f3: t\u00f6m\u00f6r\u00edt\u00e9s (MCS)<br \/>\nPicatinny s\u00edn: nem<br \/>\nA hord\u00f3: ac\u00e9l: Feket\u00e9re festett ac\u00e9l<br \/>\n\u00cdg\u00e9ret: Di\u00f3fa olajozott<br \/>\nS\u00faly: 3,2 kg<\/p>\n<p>B\u0151vebben a www.voere-shop.com\/en-gb\/shop\/VOERE-LBW-Hunter-p535085313 oldalon.<\/p>","protected":false},"excerpt":{"rendered":"<p>A Voere LBW Hunter puska klasszikus megjelen\u00e9se mindig leny\u0171g\u00f6z\u0151, teljes\u00edtm\u00e9nye pedig megfelel a modern kornak. Hagyom\u00e1nyos elvek \u00e9s modern innov\u00e1ci\u00f3k alapj\u00e1n \u00e9p\u00fcl, magas szint\u0171 pontoss\u00e1got \u00e9s megb\u00edzhat\u00f3s\u00e1got biztos\u00edtva. Ide\u00e1lis azoknak a l\u00f6v\u00e9szeknek, akik \u00e9rt\u00e9kelik a min\u0151s\u00e9gi fa sz\u00e1r j\u00f3 tapint\u00e1s\u00e1t, amely biztos\u00edtja a szem \u00e9s a c\u00e9lt\u00e1vcs\u0151 optim\u00e1lis \u00f6sszehangol\u00e1s\u00e1t. Kiv\u00e1l\u00f3 v\u00e1laszt\u00e1s a nagyobb t\u00e1vcs\u00f6veket haszn\u00e1l\u00f3, magasabb foglalatot ig\u00e9nyl\u0151 vad\u00e1szok sz\u00e1m\u00e1ra is. T\u00f6bbf\u00e9le kialak\u00edt\u00e1s k\u00f6z\u00fcl v\u00e1laszthat, \u00edgy a fegyvert az egy\u00e9ni ig\u00e9nyeinek megfelel\u0151en konfigur\u00e1lhatja.<\/p>","protected":false},"featured_media":12823,"template":"","meta":{"_gspb_post_css":""},"product_brand":[],"product_cat":[1821,2204,2202,1820],"product_tag":[],"class_list":{"0":"post-15580","1":"product","2":"type-product","3":"status-publish","4":"has-post-thumbnail","6":"product_cat-gulovnice-zbrane-b-c","7":"product_cat-lbw-hunter","8":"product_cat-voere","9":"product_cat-zbrane-b-c","11":"first","12":"instock","13":"taxable","14":"shipping-taxable","15":"purchasable","16":"product-type-simple"},"ct_brands":[],"_links":{"self":[{"href":"https:\/\/zbranebudai.sk\/hu\/wp-json\/wp\/v2\/product\/15580","targetHints":{"allow":["GET"]}}],"collection":[{"href":"https:\/\/zbranebudai.sk\/hu\/wp-json\/wp\/v2\/product"}],"about":[{"href":"https:\/\/zbranebudai.sk\/hu\/wp-json\/wp\/v2\/types\/product"}],"wp:featuredmedia":[{"embeddable":true,"href":"https:\/\/zbranebudai.sk\/hu\/wp-json\/wp\/v2\/media\/12823"}],"wp:attachment":[{"href":"https:\/\/zbranebudai.sk\/hu\/wp-json\/wp\/v2\/media?parent=15580"}],"wp:term":[{"taxonomy":"product_brand","embeddable":true,"href":"https:\/\/zbranebudai.sk\/hu\/wp-json\/wp\/v2\/product_brand?post=15580"},{"taxonomy":"product_cat","embeddable":true,"href":"https:\/\/zbranebudai.sk\/hu\/wp-json\/wp\/v2\/product_cat?post=15580"},{"taxonomy":"product_tag","embeddable":true,"href":"https:\/\/zbranebudai.sk\/hu\/wp-json\/wp\/v2\/product_tag?post=15580"}],"curies":[{"name":"wp","href":"https:\/\/api.w.org\/{rel}","templated":true}]}}