{"id":15579,"date":"2025-02-17T17:59:34","date_gmt":"2025-02-17T15:59:34","guid":{"rendered":"https:\/\/zbranebudai.sk\/product\/weaver-lista-voere-lbw-s16-dvojdielna\/"},"modified":"2026-04-30T09:12:22","modified_gmt":"2026-04-30T07:12:22","slug":"weaver-list-voere-lbw-s16-ketreszes","status":"publish","type":"product","link":"https:\/\/zbranebudai.sk\/hu\/product\/weaver-lista-voere-lbw-s16-dvojdielna\/","title":{"rendered":"Weaver bar Voere LBW\/S16 k\u00e9tr\u00e9szes LBW\/S16"},"content":{"rendered":"","protected":false},"excerpt":{"rendered":"<p>K\u00e9tr\u00e9szes k\u00f6nny\u0171f\u00e9m sz\u00f6vegtalp Voere LBW (20-03) \u00e9s Voere S16 pusk\u00e1khoz, magass\u00e1g 7 mm, els\u0151 r\u00e9sz hossza 53 mm, h\u00e1ts\u00f3 r\u00e9sz hossza 58 mm. N\u00e9gy csavart \u00e9s n\u00e9gy csapot tartalmaz.<\/p>","protected":false},"featured_media":12821,"template":"","meta":{"_gspb_post_css":""},"product_brand":[],"product_cat":[1821,2203,2202,1820],"product_tag":[],"class_list":{"0":"post-15579","1":"product","2":"type-product","3":"status-publish","4":"has-post-thumbnail","6":"product_cat-gulovnice-zbrane-b-c","7":"product_cat-prislusenstvo-voere","8":"product_cat-voere","9":"product_cat-zbrane-b-c","11":"first","12":"instock","13":"taxable","14":"shipping-taxable","15":"purchasable","16":"product-type-simple"},"ct_brands":[],"_links":{"self":[{"href":"https:\/\/zbranebudai.sk\/hu\/wp-json\/wp\/v2\/product\/15579","targetHints":{"allow":["GET"]}}],"collection":[{"href":"https:\/\/zbranebudai.sk\/hu\/wp-json\/wp\/v2\/product"}],"about":[{"href":"https:\/\/zbranebudai.sk\/hu\/wp-json\/wp\/v2\/types\/product"}],"wp:featuredmedia":[{"embeddable":true,"href":"https:\/\/zbranebudai.sk\/hu\/wp-json\/wp\/v2\/media\/12821"}],"wp:attachment":[{"href":"https:\/\/zbranebudai.sk\/hu\/wp-json\/wp\/v2\/media?parent=15579"}],"wp:term":[{"taxonomy":"product_brand","embeddable":true,"href":"https:\/\/zbranebudai.sk\/hu\/wp-json\/wp\/v2\/product_brand?post=15579"},{"taxonomy":"product_cat","embeddable":true,"href":"https:\/\/zbranebudai.sk\/hu\/wp-json\/wp\/v2\/product_cat?post=15579"},{"taxonomy":"product_tag","embeddable":true,"href":"https:\/\/zbranebudai.sk\/hu\/wp-json\/wp\/v2\/product_tag?post=15579"}],"curies":[{"name":"wp","href":"https:\/\/api.w.org\/{rel}","templated":true}]}}