{"id":15567,"date":"2025-02-17T17:59:31","date_gmt":"2025-02-17T15:59:31","guid":{"rendered":"https:\/\/zbranebudai.sk\/product\/pistolova-rukovat-vertikalna-t3x-soft-touch\/"},"modified":"2026-04-16T05:35:54","modified_gmt":"2026-04-16T03:35:54","slug":"pisztolymarkolat-fuggoleges-t3x-soft-touch","status":"publish","type":"product","link":"https:\/\/zbranebudai.sk\/hu\/product\/pistolova-rukovat-vertikalna-t3x-soft-touch\/","title":{"rendered":"Pisztolymarkolat f\u00fcgg\u0151leges T3x soft touch"},"content":{"rendered":"","protected":false},"excerpt":{"rendered":"<p>Kompatibilis a Tikka T3x szintetikus sz\u00e1rakkal. A fegyverhez mell\u00e9kelt csavarral szerelhet\u0151.<\/p>","protected":false},"featured_media":12795,"template":"","meta":{"_gspb_post_css":""},"product_brand":[],"product_cat":[1821,1875,1855,1854,1820],"product_tag":[],"class_list":{"0":"post-15567","1":"product","2":"type-product","3":"status-publish","4":"has-post-thumbnail","6":"product_cat-gulovnice-zbrane-b-c","7":"product_cat-pazby","8":"product_cat-prislusenstvo-tikka","9":"product_cat-tikka","10":"product_cat-zbrane-b-c","12":"first","13":"outofstock","14":"taxable","15":"shipping-taxable","16":"purchasable","17":"product-type-simple"},"ct_brands":[],"_links":{"self":[{"href":"https:\/\/zbranebudai.sk\/hu\/wp-json\/wp\/v2\/product\/15567","targetHints":{"allow":["GET"]}}],"collection":[{"href":"https:\/\/zbranebudai.sk\/hu\/wp-json\/wp\/v2\/product"}],"about":[{"href":"https:\/\/zbranebudai.sk\/hu\/wp-json\/wp\/v2\/types\/product"}],"wp:featuredmedia":[{"embeddable":true,"href":"https:\/\/zbranebudai.sk\/hu\/wp-json\/wp\/v2\/media\/12795"}],"wp:attachment":[{"href":"https:\/\/zbranebudai.sk\/hu\/wp-json\/wp\/v2\/media?parent=15567"}],"wp:term":[{"taxonomy":"product_brand","embeddable":true,"href":"https:\/\/zbranebudai.sk\/hu\/wp-json\/wp\/v2\/product_brand?post=15567"},{"taxonomy":"product_cat","embeddable":true,"href":"https:\/\/zbranebudai.sk\/hu\/wp-json\/wp\/v2\/product_cat?post=15567"},{"taxonomy":"product_tag","embeddable":true,"href":"https:\/\/zbranebudai.sk\/hu\/wp-json\/wp\/v2\/product_tag?post=15567"}],"curies":[{"name":"wp","href":"https:\/\/api.w.org\/{rel}","templated":true}]}}