{"id":15565,"date":"2025-02-17T17:59:30","date_gmt":"2025-02-17T15:59:30","guid":{"rendered":"https:\/\/zbranebudai.sk\/product\/super-redhawk-alaskan-triple-k-belt-holster-rh-2-5-barrel\/"},"modified":"2026-04-23T07:25:21","modified_gmt":"2026-04-23T05:25:21","slug":"szuper-redhawk-alaszkai-tripla-k-ovtaska-rh-2-5-csoves","status":"publish","type":"product","link":"https:\/\/zbranebudai.sk\/hu\/product\/super-redhawk-alaskan-triple-k-belt-holster-rh-2-5-barrel\/","title":{"rendered":"Super Redhawk Alaskan\u00ae Triple K \u00f6vt\u00e1ska, RH, 2,5\u2033 cs\u0151"},"content":{"rendered":"","protected":false},"excerpt":{"rendered":"<p>Barna sz\u00edn\u0171 tok a Super Redhawk\u00ae Alaskan pisztolyhoz 2-1\/2\u2033 cs\u0151vel. A tok er\u0151s oldals\u00f3 vagy keresztir\u00e1ny\u00fa h\u00faz\u00e1shoz haszn\u00e1lhat\u00f3. B\u00e9lyegzett Ruger log\u00f3val. Az USA-ban a Triple K \u00e1ltal gy\u00e1rtott. Ez a b\u0151r tok val\u00f3di b\u0151rb\u0151l k\u00e9sz\u00fclt term\u00e9k. A tok sz\u00edne a barn\u00e1t\u00f3l a s\u00f6t\u00e9tebb barna sz\u00ednig elt\u00e9rhet. Jobbkezesek sz\u00e1m\u00e1ra!<\/p>","protected":false},"featured_media":12787,"template":"","meta":{"_gspb_post_css":""},"product_brand":[],"product_cat":[1864,1898,1877,1820],"product_tag":[],"class_list":{"0":"post-15565","1":"product","2":"type-product","3":"status-publish","4":"has-post-thumbnail","6":"product_cat-pistole-zbrane-b-c","7":"product_cat-prislusenstvo-ruger-ruger-pistole-zbrane-b-c","8":"product_cat-ruger-pistole-zbrane-b-c","9":"product_cat-zbrane-b-c","11":"first","12":"outofstock","13":"taxable","14":"shipping-taxable","15":"purchasable","16":"product-type-simple"},"ct_brands":[],"_links":{"self":[{"href":"https:\/\/zbranebudai.sk\/hu\/wp-json\/wp\/v2\/product\/15565","targetHints":{"allow":["GET"]}}],"collection":[{"href":"https:\/\/zbranebudai.sk\/hu\/wp-json\/wp\/v2\/product"}],"about":[{"href":"https:\/\/zbranebudai.sk\/hu\/wp-json\/wp\/v2\/types\/product"}],"wp:featuredmedia":[{"embeddable":true,"href":"https:\/\/zbranebudai.sk\/hu\/wp-json\/wp\/v2\/media\/12787"}],"wp:attachment":[{"href":"https:\/\/zbranebudai.sk\/hu\/wp-json\/wp\/v2\/media?parent=15565"}],"wp:term":[{"taxonomy":"product_brand","embeddable":true,"href":"https:\/\/zbranebudai.sk\/hu\/wp-json\/wp\/v2\/product_brand?post=15565"},{"taxonomy":"product_cat","embeddable":true,"href":"https:\/\/zbranebudai.sk\/hu\/wp-json\/wp\/v2\/product_cat?post=15565"},{"taxonomy":"product_tag","embeddable":true,"href":"https:\/\/zbranebudai.sk\/hu\/wp-json\/wp\/v2\/product_tag?post=15565"}],"curies":[{"name":"wp","href":"https:\/\/api.w.org\/{rel}","templated":true}]}}