{"id":15560,"date":"2025-02-17T17:59:30","date_gmt":"2025-02-17T15:59:30","guid":{"rendered":"https:\/\/zbranebudai.sk\/product\/pistol-hellcat-pro-osp-threaded-desert-afde-9x19\/"},"modified":"2026-04-16T05:33:08","modified_gmt":"2026-04-16T03:33:08","slug":"pisztoly-hellcat-pro-osp-menetes-sivatagi-afde-9x19","status":"publish","type":"product","link":"https:\/\/zbranebudai.sk\/hu\/product\/pistol-hellcat-pro-osp-threaded-desert-afde-9x19\/","title":{"rendered":"Pisztoly HELLCAT PRO OSP menetes Desert AFDE, 9\u00d719"},"content":{"rendered":"<p>Az OSP v\u00e1ltozat kollim\u00e1toros r\u00f6gz\u00edt\u00e9ssel rendelkezik. A Shield Sights, Leupold Delta Point, JPoint, Tricijon MS03 \u00e9s MS04, Springfield HEX WASP, Vortex Defender, Swampfox Sentinel, Sig Romeo Zero, Primary Arms Classic 21mm, Viridian RFX15, Crimson Trace CTS-1550\/CT-RAD \u00e9s Advanced Optics Nuwa kollim\u00e1torok k\u00f6zvetlen\u00fcl a fegyverre szerelhet\u0151ek, r\u00f6gz\u00edt\u0151lemez haszn\u00e1lata n\u00e9lk\u00fcl. A t\u00f6bbi m\u00e1rk\u00e1hoz szerel\u0151lemezt kell v\u00e1s\u00e1rolni.<\/p>\n<p>PARAM\u00c9TEREK:<\/p>\n<p>T\u00e1rkapacit\u00e1s: 15\/17 t\u00f6lt\u00e9ny<br \/>\nCs\u0151hossz: 112 mm (4.4\u2033)<br \/>\nTeljes hossz: 183 mm<br \/>\nSz\u00e9less\u00e9g: 27 mm<br \/>\nMagass\u00e1g: 122 mm (15 t\u00e1rral)<br \/>\nS\u00faly: 624 g (15 t\u00e1rral)<\/p>\n<p>CSOMAG TARTALMA:<\/p>\n<p>1x Pisztoly<br \/>\n2x t\u00e1lca (15rd, 17rd)<br \/>\n1x gyorst\u00f6lt\u0151<br \/>\n1x tiszt\u00edt\u00f3kefe<br \/>\n1x fegyverz\u00e1r<br \/>\n1x hordt\u00e1ska\u00a0<\/p>","protected":false},"excerpt":{"rendered":"<p>HELLCAT\u00ae PRO menetes - 4,4\u2033 cs\u0151modell 1\/2-28 UNEF menetes sz\u00e1jjal. Ez a kiv\u00e9teles pisztoly 15+1-es kapacit\u00e1st k\u00edn\u00e1l kisebb m\u00e9retben, mint b\u00e1rmely m\u00e1s pisztoly ebben a kateg\u00f3ri\u00e1ban, \u00e9s t\u00f6k\u00e9letes v\u00e1laszt\u00e1s rejtett visel\u00e9sre. A vadonat\u00faj, kib\u0151v\u00edtett 17 t\u00f6lt\u00e9nyes t\u00e1r emellett lehet\u0151s\u00e9get ad a l\u00f6v\u00e9szeknek, hogy ebben a n\u00e9pszer\u0171 konfigur\u00e1ci\u00f3ban is hordhass\u00e1k. Kov\u00e1csolt cs\u0151 \u00e9s z\u00e1r\u00f3cs\u0151 Melonite\u00ae v\u00e9d\u0151r\u00e9teggel. \u00dajratervezett Gen 2 ravasz. Polimer v\u00e1z adapt\u00edv markolatfel\u00fclettel. Tritium retikulum lumineszcens gy\u0171r\u0171vel \u00e9s feh\u00e9ren kiemelt f\u00e9lk\u00f6r alak\u00fa retikulummal (mindkett\u0151 oldalr\u00f3l \u00e1ll\u00edthat\u00f3, ac\u00e9lb\u00f3l k\u00e9sz\u00fclt). Ravaszbiztos\u00edt\u00e1s, els\u00fct\u0151szegbiztos\u00edt\u00e1s \u00e9s t\u00f6lt\u00f6tt t\u00e1rjelz\u0151. A t\u00e1rkiold\u00f3 a balkezes haszn\u00e1lathoz jobb oldalra forgathat\u00f3. Rejtett visel\u00e9sre alkalmas nagy kapacit\u00e1s\u00fa fegyver.<\/p>","protected":false},"featured_media":12777,"template":"","meta":{"_gspb_post_css":""},"product_brand":[],"product_cat":[2066,2188,1864,2033,1820],"product_tag":[],"class_list":{"0":"post-15560","1":"product","2":"type-product","3":"status-publish","4":"has-post-thumbnail","6":"product_cat-hellcat","7":"product_cat-hellcat-pro","8":"product_cat-pistole-zbrane-b-c","9":"product_cat-springfield-armory-hs-produkt","10":"product_cat-zbrane-b-c","12":"first","13":"instock","14":"taxable","15":"shipping-taxable","16":"purchasable","17":"product-type-simple"},"ct_brands":[],"_links":{"self":[{"href":"https:\/\/zbranebudai.sk\/hu\/wp-json\/wp\/v2\/product\/15560","targetHints":{"allow":["GET"]}}],"collection":[{"href":"https:\/\/zbranebudai.sk\/hu\/wp-json\/wp\/v2\/product"}],"about":[{"href":"https:\/\/zbranebudai.sk\/hu\/wp-json\/wp\/v2\/types\/product"}],"wp:featuredmedia":[{"embeddable":true,"href":"https:\/\/zbranebudai.sk\/hu\/wp-json\/wp\/v2\/media\/12777"}],"wp:attachment":[{"href":"https:\/\/zbranebudai.sk\/hu\/wp-json\/wp\/v2\/media?parent=15560"}],"wp:term":[{"taxonomy":"product_brand","embeddable":true,"href":"https:\/\/zbranebudai.sk\/hu\/wp-json\/wp\/v2\/product_brand?post=15560"},{"taxonomy":"product_cat","embeddable":true,"href":"https:\/\/zbranebudai.sk\/hu\/wp-json\/wp\/v2\/product_cat?post=15560"},{"taxonomy":"product_tag","embeddable":true,"href":"https:\/\/zbranebudai.sk\/hu\/wp-json\/wp\/v2\/product_tag?post=15560"}],"curies":[{"name":"wp","href":"https:\/\/api.w.org\/{rel}","templated":true}]}}