{"id":15558,"date":"2025-02-17T17:59:30","date_gmt":"2025-02-17T15:59:30","guid":{"rendered":"https:\/\/zbranebudai.sk\/product\/tritanova-flasa-sako-05-l\/"},"modified":"2026-04-16T05:33:58","modified_gmt":"2026-04-16T03:33:58","slug":"tritan-flask-kabat-05-l","status":"publish","type":"product","link":"https:\/\/zbranebudai.sk\/hu\/product\/tritanova-flasa-sako-05-l\/","title":{"rendered":"Trit\u00e1n palack SAKO 0,5 l"},"content":{"rendered":"","protected":false},"excerpt":{"rendered":"<p>Eleg\u00e1ns 0,5 literes folyad\u00e9kos palack a SAKO-t\u00f3l. Kiv\u00e1l\u00f3an alkalmas utaz\u00e1shoz. A Tritan palackok modern \u00e9s eg\u00e9szs\u00e9ges megold\u00e1st jelentenek a mindennapi folyad\u00e9kp\u00f3tl\u00e1shoz. Tart\u00f3ss\u00e1g\u00e1nak \u00e9s BPA-mentess\u00e9g\u00e9nek k\u00f6sz\u00f6nhet\u0151en a trit\u00e1n palack ide\u00e1lis v\u00e1laszt\u00e1s sportol\u00f3k, kir\u00e1ndul\u00f3k \u00e9s a mindennapi v\u00e1rosi haszn\u00e1latra.<\/p>","protected":false},"featured_media":12773,"template":"","meta":{"_gspb_post_css":""},"product_brand":[],"product_cat":[1939,1821,1928,1822,1820],"product_tag":[],"class_list":{"0":"post-15558","1":"product","2":"type-product","3":"status-publish","4":"has-post-thumbnail","6":"product_cat-doplnky-prislusenstvo-sako","7":"product_cat-gulovnice-zbrane-b-c","8":"product_cat-prislusenstvo-sako","9":"product_cat-sako","10":"product_cat-zbrane-b-c","12":"first","13":"instock","14":"taxable","15":"shipping-taxable","16":"purchasable","17":"product-type-simple"},"ct_brands":[],"_links":{"self":[{"href":"https:\/\/zbranebudai.sk\/hu\/wp-json\/wp\/v2\/product\/15558","targetHints":{"allow":["GET"]}}],"collection":[{"href":"https:\/\/zbranebudai.sk\/hu\/wp-json\/wp\/v2\/product"}],"about":[{"href":"https:\/\/zbranebudai.sk\/hu\/wp-json\/wp\/v2\/types\/product"}],"wp:featuredmedia":[{"embeddable":true,"href":"https:\/\/zbranebudai.sk\/hu\/wp-json\/wp\/v2\/media\/12773"}],"wp:attachment":[{"href":"https:\/\/zbranebudai.sk\/hu\/wp-json\/wp\/v2\/media?parent=15558"}],"wp:term":[{"taxonomy":"product_brand","embeddable":true,"href":"https:\/\/zbranebudai.sk\/hu\/wp-json\/wp\/v2\/product_brand?post=15558"},{"taxonomy":"product_cat","embeddable":true,"href":"https:\/\/zbranebudai.sk\/hu\/wp-json\/wp\/v2\/product_cat?post=15558"},{"taxonomy":"product_tag","embeddable":true,"href":"https:\/\/zbranebudai.sk\/hu\/wp-json\/wp\/v2\/product_tag?post=15558"}],"curies":[{"name":"wp","href":"https:\/\/api.w.org\/{rel}","templated":true}]}}