{"id":15556,"date":"2025-02-17T17:59:29","date_gmt":"2025-02-17T15:59:29","guid":{"rendered":"https:\/\/zbranebudai.sk\/product\/nakupna-taska-sako-tikka\/"},"modified":"2026-04-16T03:50:04","modified_gmt":"2026-04-16T01:50:04","slug":"a-bevasarloszatyor-azt-mondja-hogy-ketyeg","status":"publish","type":"product","link":"https:\/\/zbranebudai.sk\/hu\/product\/nakupna-taska-sako-tikka\/","title":{"rendered":"SAKO\/TIKKA bev\u00e1s\u00e1rl\u00f3t\u00e1ska"},"content":{"rendered":"","protected":false},"excerpt":{"rendered":"<p>V\u00e1szon bev\u00e1s\u00e1rl\u00f3t\u00e1ska. Egyik oldal\u00e1n nagy SAKO log\u00f3, m\u00e1sik oldal\u00e1n kis SAKO\/TIKKA log\u00f3k.<\/p>","protected":false},"featured_media":12769,"template":"","meta":{"_gspb_post_css":""},"product_brand":[],"product_cat":[1939,1821,1928,1822,1820],"product_tag":[],"class_list":{"0":"post-15556","1":"product","2":"type-product","3":"status-publish","4":"has-post-thumbnail","6":"product_cat-doplnky-prislusenstvo-sako","7":"product_cat-gulovnice-zbrane-b-c","8":"product_cat-prislusenstvo-sako","9":"product_cat-sako","10":"product_cat-zbrane-b-c","12":"first","13":"instock","14":"taxable","15":"shipping-taxable","16":"purchasable","17":"product-type-simple"},"ct_brands":[],"_links":{"self":[{"href":"https:\/\/zbranebudai.sk\/hu\/wp-json\/wp\/v2\/product\/15556","targetHints":{"allow":["GET"]}}],"collection":[{"href":"https:\/\/zbranebudai.sk\/hu\/wp-json\/wp\/v2\/product"}],"about":[{"href":"https:\/\/zbranebudai.sk\/hu\/wp-json\/wp\/v2\/types\/product"}],"wp:featuredmedia":[{"embeddable":true,"href":"https:\/\/zbranebudai.sk\/hu\/wp-json\/wp\/v2\/media\/12769"}],"wp:attachment":[{"href":"https:\/\/zbranebudai.sk\/hu\/wp-json\/wp\/v2\/media?parent=15556"}],"wp:term":[{"taxonomy":"product_brand","embeddable":true,"href":"https:\/\/zbranebudai.sk\/hu\/wp-json\/wp\/v2\/product_brand?post=15556"},{"taxonomy":"product_cat","embeddable":true,"href":"https:\/\/zbranebudai.sk\/hu\/wp-json\/wp\/v2\/product_cat?post=15556"},{"taxonomy":"product_tag","embeddable":true,"href":"https:\/\/zbranebudai.sk\/hu\/wp-json\/wp\/v2\/product_tag?post=15556"}],"curies":[{"name":"wp","href":"https:\/\/api.w.org\/{rel}","templated":true}]}}