{"id":15555,"date":"2025-02-17T17:59:29","date_gmt":"2025-02-17T15:59:29","guid":{"rendered":"https:\/\/zbranebudai.sk\/product\/siltovka-sako-orange-camo\/"},"modified":"2026-04-16T05:33:08","modified_gmt":"2026-04-16T03:33:08","slug":"siltovka-kabat-narancssarga-terepszinu","status":"publish","type":"product","link":"https:\/\/zbranebudai.sk\/hu\/product\/siltovka-sako-orange-camo\/","title":{"rendered":"Sapka SAKO narancss\u00e1rga Camo"},"content":{"rendered":"","protected":false},"excerpt":{"rendered":"<p>Anyag: 100% pamut. M\u00e9ret: h\u00e1tul t\u00e9p\u0151z\u00e1rral \u00e1ll\u00edthat\u00f3.<\/p>","protected":false},"featured_media":12767,"template":"","meta":{"_gspb_post_css":""},"product_brand":[],"product_cat":[1939,1821,1928,1822,1820],"product_tag":[],"class_list":{"0":"post-15555","1":"product","2":"type-product","3":"status-publish","4":"has-post-thumbnail","6":"product_cat-doplnky-prislusenstvo-sako","7":"product_cat-gulovnice-zbrane-b-c","8":"product_cat-prislusenstvo-sako","9":"product_cat-sako","10":"product_cat-zbrane-b-c","12":"first","13":"instock","14":"taxable","15":"shipping-taxable","16":"purchasable","17":"product-type-simple"},"ct_brands":[],"_links":{"self":[{"href":"https:\/\/zbranebudai.sk\/hu\/wp-json\/wp\/v2\/product\/15555","targetHints":{"allow":["GET"]}}],"collection":[{"href":"https:\/\/zbranebudai.sk\/hu\/wp-json\/wp\/v2\/product"}],"about":[{"href":"https:\/\/zbranebudai.sk\/hu\/wp-json\/wp\/v2\/types\/product"}],"wp:featuredmedia":[{"embeddable":true,"href":"https:\/\/zbranebudai.sk\/hu\/wp-json\/wp\/v2\/media\/12767"}],"wp:attachment":[{"href":"https:\/\/zbranebudai.sk\/hu\/wp-json\/wp\/v2\/media?parent=15555"}],"wp:term":[{"taxonomy":"product_brand","embeddable":true,"href":"https:\/\/zbranebudai.sk\/hu\/wp-json\/wp\/v2\/product_brand?post=15555"},{"taxonomy":"product_cat","embeddable":true,"href":"https:\/\/zbranebudai.sk\/hu\/wp-json\/wp\/v2\/product_cat?post=15555"},{"taxonomy":"product_tag","embeddable":true,"href":"https:\/\/zbranebudai.sk\/hu\/wp-json\/wp\/v2\/product_tag?post=15555"}],"curies":[{"name":"wp","href":"https:\/\/api.w.org\/{rel}","templated":true}]}}