{"id":15553,"date":"2025-02-17T17:59:29","date_gmt":"2025-02-17T15:59:29","guid":{"rendered":"https:\/\/zbranebudai.sk\/product\/siltovka-tikka-3d-mini-logo\/"},"modified":"2026-04-23T08:10:21","modified_gmt":"2026-04-23T06:10:21","slug":"tikka-3d-mini-logo","status":"publish","type":"product","link":"https:\/\/zbranebudai.sk\/hu\/product\/siltovka-tikka-3d-mini-logo\/","title":{"rendered":"Sapka TIKKA 3D mini log\u00f3"},"content":{"rendered":"","protected":false},"excerpt":{"rendered":"<p>Fekete sapka 3D log\u00f3val. \u00c1ll\u00edthat\u00f3 m\u00e9ret t\u00e9p\u0151z\u00e1rral. 100% poli\u00e9szter.<\/p>","protected":false},"featured_media":12763,"template":"","meta":{"_gspb_post_css":""},"product_brand":[],"product_cat":[1879,1821,1855,1854,1820],"product_tag":[],"class_list":{"0":"post-15553","1":"product","2":"type-product","3":"status-publish","4":"has-post-thumbnail","6":"product_cat-doplnky","7":"product_cat-gulovnice-zbrane-b-c","8":"product_cat-prislusenstvo-tikka","9":"product_cat-tikka","10":"product_cat-zbrane-b-c","12":"first","13":"instock","14":"taxable","15":"shipping-taxable","16":"purchasable","17":"product-type-simple"},"ct_brands":[],"_links":{"self":[{"href":"https:\/\/zbranebudai.sk\/hu\/wp-json\/wp\/v2\/product\/15553","targetHints":{"allow":["GET"]}}],"collection":[{"href":"https:\/\/zbranebudai.sk\/hu\/wp-json\/wp\/v2\/product"}],"about":[{"href":"https:\/\/zbranebudai.sk\/hu\/wp-json\/wp\/v2\/types\/product"}],"wp:featuredmedia":[{"embeddable":true,"href":"https:\/\/zbranebudai.sk\/hu\/wp-json\/wp\/v2\/media\/12763"}],"wp:attachment":[{"href":"https:\/\/zbranebudai.sk\/hu\/wp-json\/wp\/v2\/media?parent=15553"}],"wp:term":[{"taxonomy":"product_brand","embeddable":true,"href":"https:\/\/zbranebudai.sk\/hu\/wp-json\/wp\/v2\/product_brand?post=15553"},{"taxonomy":"product_cat","embeddable":true,"href":"https:\/\/zbranebudai.sk\/hu\/wp-json\/wp\/v2\/product_cat?post=15553"},{"taxonomy":"product_tag","embeddable":true,"href":"https:\/\/zbranebudai.sk\/hu\/wp-json\/wp\/v2\/product_tag?post=15553"}],"curies":[{"name":"wp","href":"https:\/\/api.w.org\/{rel}","templated":true}]}}