{"id":15552,"date":"2025-02-17T17:59:29","date_gmt":"2025-02-17T15:59:29","guid":{"rendered":"https:\/\/zbranebudai.sk\/product\/multifunkcna-satka-tubular-sako\/"},"modified":"2026-05-07T13:36:22","modified_gmt":"2026-05-07T11:36:22","slug":"multifunkcionalis-csoves-kabat","status":"publish","type":"product","link":"https:\/\/zbranebudai.sk\/hu\/product\/multifunkcna-satka-tubular-sako\/","title":{"rendered":"Multifunkcion\u00e1lis s\u00e1l cs\u00f6ves SAKO"},"content":{"rendered":"","protected":false},"excerpt":{"rendered":"<p>Multifunkcion\u00e1lis s\u00e1l, amely eg\u00e9sz \u00e9vben ide\u00e1lis a vad\u00e1szathoz \u00e9s m\u00e1s szabadt\u00e9ri tev\u00e9kenys\u00e9gekhez. K\u00f6nny\u0171, l\u00e9g\u00e1tereszt\u0151 \u00e9s k\u00e9nyelmes. Viselhet\u0151 pl. s\u00e1lk\u00e9nt, fejfed\u0151k\u00e9nt, pul\u00f3verk\u00e9nt vagy maszkk\u00e9nt a sz\u00e9l, a hideg \u00e9s a nap ellen.<\/p>","protected":false},"featured_media":12761,"template":"","meta":{"_gspb_post_css":""},"product_brand":[],"product_cat":[1939,1821,1928,1822,1820],"product_tag":[],"class_list":{"0":"post-15552","1":"product","2":"type-product","3":"status-publish","4":"has-post-thumbnail","6":"product_cat-doplnky-prislusenstvo-sako","7":"product_cat-gulovnice-zbrane-b-c","8":"product_cat-prislusenstvo-sako","9":"product_cat-sako","10":"product_cat-zbrane-b-c","12":"first","13":"instock","14":"taxable","15":"shipping-taxable","16":"purchasable","17":"product-type-simple"},"ct_brands":[],"_links":{"self":[{"href":"https:\/\/zbranebudai.sk\/hu\/wp-json\/wp\/v2\/product\/15552","targetHints":{"allow":["GET"]}}],"collection":[{"href":"https:\/\/zbranebudai.sk\/hu\/wp-json\/wp\/v2\/product"}],"about":[{"href":"https:\/\/zbranebudai.sk\/hu\/wp-json\/wp\/v2\/types\/product"}],"wp:featuredmedia":[{"embeddable":true,"href":"https:\/\/zbranebudai.sk\/hu\/wp-json\/wp\/v2\/media\/12761"}],"wp:attachment":[{"href":"https:\/\/zbranebudai.sk\/hu\/wp-json\/wp\/v2\/media?parent=15552"}],"wp:term":[{"taxonomy":"product_brand","embeddable":true,"href":"https:\/\/zbranebudai.sk\/hu\/wp-json\/wp\/v2\/product_brand?post=15552"},{"taxonomy":"product_cat","embeddable":true,"href":"https:\/\/zbranebudai.sk\/hu\/wp-json\/wp\/v2\/product_cat?post=15552"},{"taxonomy":"product_tag","embeddable":true,"href":"https:\/\/zbranebudai.sk\/hu\/wp-json\/wp\/v2\/product_tag?post=15552"}],"curies":[{"name":"wp","href":"https:\/\/api.w.org\/{rel}","templated":true}]}}