{"id":15551,"date":"2025-02-17T17:59:29","date_gmt":"2025-02-17T15:59:29","guid":{"rendered":"https:\/\/zbranebudai.sk\/product\/predlzene-dno-na-zasobnik-echelon-9x19-20rd\/"},"modified":"2026-04-16T05:35:55","modified_gmt":"2026-04-16T03:35:55","slug":"meghosszabbitott-fenek-az-echelon-9x19-20rd-tartalyhoz","status":"publish","type":"product","link":"https:\/\/zbranebudai.sk\/hu\/product\/predlzene-dno-na-zasobnik-echelon-9x19-20rd\/","title":{"rendered":"ECHELON, 9\u00d719, 20db, kib\u0151v\u00edtett t\u00e1ralapzat, 9\u00d719, 20rd"},"content":{"rendered":"","protected":false},"excerpt":{"rendered":"<p>Az ECHELON, 9\u00d719 b\u0151v\u00edtett t\u00e1ralap lehet\u0151v\u00e9 teszi a t\u00e1rkapacit\u00e1s 17-r\u0151l 20 t\u00f6lt\u00e9nyre t\u00f6rt\u00e9n\u0151 b\u0151v\u00edt\u00e9s\u00e9t. A t\u00e1ralaplemez megv\u00e1s\u00e1rl\u00e1s\u00e1ra van sz\u00fcks\u00e9g (No.46b\/E82710\/ECHELON T\u00e1rhosszabb\u00edt\u00f3 +3rd).(No.46b\/E82710\/ECHELON T\u00e1rhosszabb\u00edt\u00f3 +3rd)<\/p>","protected":false},"featured_media":12759,"template":"","meta":{"_gspb_post_css":""},"product_brand":[],"product_cat":[1864,2043,2033,2230,1820],"product_tag":[],"class_list":{"0":"post-15551","1":"product","2":"type-product","3":"status-publish","4":"has-post-thumbnail","6":"product_cat-pistole-zbrane-b-c","7":"product_cat-prislusenstvo-springfield-armory","8":"product_cat-springfield-armory-hs-produkt","9":"product_cat-zasobniky-prislusenstvo-springfield-armory","10":"product_cat-zbrane-b-c","12":"first","13":"instock","14":"taxable","15":"shipping-taxable","16":"purchasable","17":"product-type-simple"},"ct_brands":[],"_links":{"self":[{"href":"https:\/\/zbranebudai.sk\/hu\/wp-json\/wp\/v2\/product\/15551","targetHints":{"allow":["GET"]}}],"collection":[{"href":"https:\/\/zbranebudai.sk\/hu\/wp-json\/wp\/v2\/product"}],"about":[{"href":"https:\/\/zbranebudai.sk\/hu\/wp-json\/wp\/v2\/types\/product"}],"wp:featuredmedia":[{"embeddable":true,"href":"https:\/\/zbranebudai.sk\/hu\/wp-json\/wp\/v2\/media\/12759"}],"wp:attachment":[{"href":"https:\/\/zbranebudai.sk\/hu\/wp-json\/wp\/v2\/media?parent=15551"}],"wp:term":[{"taxonomy":"product_brand","embeddable":true,"href":"https:\/\/zbranebudai.sk\/hu\/wp-json\/wp\/v2\/product_brand?post=15551"},{"taxonomy":"product_cat","embeddable":true,"href":"https:\/\/zbranebudai.sk\/hu\/wp-json\/wp\/v2\/product_cat?post=15551"},{"taxonomy":"product_tag","embeddable":true,"href":"https:\/\/zbranebudai.sk\/hu\/wp-json\/wp\/v2\/product_tag?post=15551"}],"curies":[{"name":"wp","href":"https:\/\/api.w.org\/{rel}","templated":true}]}}