{"id":15547,"date":"2025-02-17T17:59:28","date_gmt":"2025-02-17T15:59:28","guid":{"rendered":"https:\/\/zbranebudai.sk\/product\/carbine-conversion-kit-t4e-tr-50\/"},"modified":"2026-04-30T10:54:17","modified_gmt":"2026-04-30T08:54:17","slug":"karabely-atalakito-keszlet-t4e-tr-50","status":"publish","type":"product","link":"https:\/\/zbranebudai.sk\/hu\/product\/carbine-conversion-kit-t4e-tr-50\/","title":{"rendered":"Karab\u00e9ly \u00e1talak\u00edt\u00f3 k\u00e9szlet T4E TR 50"},"content":{"rendered":"<p>PARAM\u00c9TEREK:<\/p>\n<p>Teljes hossz: 685 mm<br \/>\nS\u00faly: 525 g<\/p>","protected":false},"excerpt":{"rendered":"<p>A T4E Gen1 \u00e9s Gen2 revolverekhez (HDR 50, TR 50 \u00e9s TR 50 Gen2) egyar\u00e1nt haszn\u00e1lhat\u00f3 \u00e1talak\u00edt\u00f3 k\u00e9szlet lehet\u0151v\u00e9 teszi, hogy a revolvert \u00f6sszecsukhat\u00f3 sz\u00e1rral ell\u00e1tott hossz\u00fa pisztolly\u00e1 alak\u00edtsa, \u00edgy a paintball j\u00e1t\u00e9kosok nagyobb pontoss\u00e1got \u00e9s biztons\u00e1got kapnak a haszn\u00e1lat sor\u00e1n. A T4E Carbine Conversion Kit tart\u00f3s polimer konstrukci\u00f3ja sz\u00e1mos r\u00f6gz\u00edt\u00e9si ponttal \u00e9s s\u00ednnel rendelkezik a tartoz\u00e9kok sz\u00e1m\u00e1ra. A hossz\u00fa Picatinny fels\u0151 s\u00edn lehet\u0151v\u00e9 teszi optikai rendszerek felszerel\u00e9s\u00e9t, \u00e9s tov\u00e1bbi M-LOK ny\u00edl\u00e1sok biztos\u00edtj\u00e1k a kompatibilit\u00e1st a szabv\u00e1nyos tartoz\u00e9kokkal, p\u00e9ld\u00e1ul a k\u00e9tl\u00e1b\u00fa \u00e1llv\u00e1nyokkal, l\u00e9zerekkel \u00e9s fegyverl\u00e1mp\u00e1kkal. H\u00e1rom Quick Detach (QD) interf\u00e9sz tal\u00e1lhat\u00f3 hevederek \u00e9s egy\u00e9b felszerel\u00e9sek sz\u00e1m\u00e1ra. Fontos jellemz\u0151 az \u00e1talak\u00edt\u00f3 k\u00e9szlet felszerel\u00e9se ut\u00e1n, hogy a cs\u0151 meghosszabbodik, \u00e9s a torkolathoz egy menetet adnak hozz\u00e1, amely hasznos p\u00e9ld\u00e1ul egy X-Tracer (UV-modullal \u00e9s vaku szimul\u00e1ci\u00f3val ell\u00e1tott nyomk\u00f6vet\u0151 egys\u00e9g) felszerel\u00e9s\u00e9hez.<\/p>","protected":false},"featured_media":12729,"template":"","meta":{"_gspb_post_css":""},"product_brand":[],"product_cat":[2071,1824,1828,2070],"product_tag":[],"class_list":{"0":"post-15547","1":"product","2":"type-product","3":"status-publish","4":"has-post-thumbnail","6":"product_cat-prislusenstvo-t4e","7":"product_cat-zbrane-18-d","8":"product_cat-zbrane-na-co2","9":"product_cat-zbrane-t4e","11":"first","12":"instock","13":"taxable","14":"shipping-taxable","15":"purchasable","16":"product-type-simple"},"ct_brands":[],"_links":{"self":[{"href":"https:\/\/zbranebudai.sk\/hu\/wp-json\/wp\/v2\/product\/15547","targetHints":{"allow":["GET"]}}],"collection":[{"href":"https:\/\/zbranebudai.sk\/hu\/wp-json\/wp\/v2\/product"}],"about":[{"href":"https:\/\/zbranebudai.sk\/hu\/wp-json\/wp\/v2\/types\/product"}],"wp:featuredmedia":[{"embeddable":true,"href":"https:\/\/zbranebudai.sk\/hu\/wp-json\/wp\/v2\/media\/12729"}],"wp:attachment":[{"href":"https:\/\/zbranebudai.sk\/hu\/wp-json\/wp\/v2\/media?parent=15547"}],"wp:term":[{"taxonomy":"product_brand","embeddable":true,"href":"https:\/\/zbranebudai.sk\/hu\/wp-json\/wp\/v2\/product_brand?post=15547"},{"taxonomy":"product_cat","embeddable":true,"href":"https:\/\/zbranebudai.sk\/hu\/wp-json\/wp\/v2\/product_cat?post=15547"},{"taxonomy":"product_tag","embeddable":true,"href":"https:\/\/zbranebudai.sk\/hu\/wp-json\/wp\/v2\/product_tag?post=15547"}],"curies":[{"name":"wp","href":"https:\/\/api.w.org\/{rel}","templated":true}]}}