{"id":15546,"date":"2025-02-17T17:59:28","date_gmt":"2025-02-17T15:59:28","guid":{"rendered":"https:\/\/zbranebudai.sk\/product\/hammerli-forge-h1-22-425-kal-22lr\/"},"modified":"2026-04-16T05:33:08","modified_gmt":"2026-04-16T03:33:08","slug":"hammerli-forge-h1-22-425-kaliber-22lr","status":"publish","type":"product","link":"https:\/\/zbranebudai.sk\/hu\/product\/hammerli-forge-h1-22-425-kal-22lr\/","title":{"rendered":"Hammerli Forge H1 22 4,25\u2033, cal. .22LR"},"content":{"rendered":"<p>PARAM\u00c9TEREK:<\/p>\n<p>A tart\u00e1ly kapacit\u00e1sa: 12<br \/>\nCs\u0151hossz: 108 mm (4.5\u2033)<br \/>\nTeljes hossz: 198 mm<br \/>\nSz\u00e9less\u00e9g: 33 mm<br \/>\nMagass\u00e1g: 132 mm<br \/>\nS\u00faly: 893 g<\/p>","protected":false},"excerpt":{"rendered":"<p>Az apr\u00f3l\u00e9kosan megmunk\u00e1lt Hammerli Forge H1 22 a legend\u00e1s 1911-es st\u00edlus el\u0151tt tiszteleg, \u00e9s id\u0151tlen diz\u00e1jnt, t\u00f6k\u00e9letes ergon\u00f3mi\u00e1t \u00e9s kiv\u00e9teles ir\u00e1ny\u00edthat\u00f3s\u00e1got testes\u00edt meg. A biztons\u00e1got k\u00e9zi \u00e9s teny\u00e9rbiztos\u00edt\u00f3 z\u00e1r seg\u00edti. A .22 LR kaliber megb\u00edzhat\u00f3s\u00e1g\u00e1val \u00e9s sokoldal\u00fas\u00e1g\u00e1val alkalmas c\u00e9ll\u00f6v\u00e9szetre \u00e9s v\u00e9delemre. 2 t\u00e1rat tartalmaz. Az elnyom\u00f3 felszerel\u00e9s\u00e9hez 1\/2\u00d728-as menetes adaptert (k\u00f3d: 2854791) kell v\u00e1s\u00e1rolni.<\/p>","protected":false},"featured_media":12727,"template":"","meta":{"_gspb_post_css":""},"product_brand":[],"product_cat":[2199,1864,2200,1820],"product_tag":[],"class_list":{"0":"post-15546","1":"product","2":"type-product","3":"status-publish","4":"has-post-thumbnail","6":"product_cat-hammerli-pistole-zbrane-b-c","7":"product_cat-pistole-zbrane-b-c","8":"product_cat-pistole-hammerli","9":"product_cat-zbrane-b-c","11":"first","12":"instock","13":"taxable","14":"shipping-taxable","15":"purchasable","16":"product-type-simple"},"ct_brands":[],"_links":{"self":[{"href":"https:\/\/zbranebudai.sk\/hu\/wp-json\/wp\/v2\/product\/15546","targetHints":{"allow":["GET"]}}],"collection":[{"href":"https:\/\/zbranebudai.sk\/hu\/wp-json\/wp\/v2\/product"}],"about":[{"href":"https:\/\/zbranebudai.sk\/hu\/wp-json\/wp\/v2\/types\/product"}],"wp:featuredmedia":[{"embeddable":true,"href":"https:\/\/zbranebudai.sk\/hu\/wp-json\/wp\/v2\/media\/12727"}],"wp:attachment":[{"href":"https:\/\/zbranebudai.sk\/hu\/wp-json\/wp\/v2\/media?parent=15546"}],"wp:term":[{"taxonomy":"product_brand","embeddable":true,"href":"https:\/\/zbranebudai.sk\/hu\/wp-json\/wp\/v2\/product_brand?post=15546"},{"taxonomy":"product_cat","embeddable":true,"href":"https:\/\/zbranebudai.sk\/hu\/wp-json\/wp\/v2\/product_cat?post=15546"},{"taxonomy":"product_tag","embeddable":true,"href":"https:\/\/zbranebudai.sk\/hu\/wp-json\/wp\/v2\/product_tag?post=15546"}],"curies":[{"name":"wp","href":"https:\/\/api.w.org\/{rel}","templated":true}]}}