{"id":15540,"date":"2025-02-17T17:59:27","date_gmt":"2025-02-17T15:59:27","guid":{"rendered":"https:\/\/zbranebudai.sk\/product\/hammerli-force-b1-22-16-wood-classsic-kal-22lr\/"},"modified":"2026-04-09T02:07:01","modified_gmt":"2026-04-09T00:07:01","slug":"hammerli-force-b1-22-16-fa-classsic-kal-22lr","status":"publish","type":"product","link":"https:\/\/zbranebudai.sk\/hu\/product\/hammerli-force-b1-22-16-wood-classsic-kal-22lr\/","title":{"rendered":"Hammerli Force B1 22 16\u2033 Wood Classsic, cal. .22LR"},"content":{"rendered":"<p>A Hammerli Force B1 22 Wood Classic p\u00e1colt b\u00fckkf\u00e1b\u00f3l k\u00e9sz\u00fclt, klasszikus megjelen\u00e9s\u0171 l\u0151fegyverrel van felszerelve.<\/p>\n<p>PARAM\u00c9TEREK:<\/p>\n<p>Cs\u0151hossz: 409 mm (16.1 in)<br \/>\nTeljes hossz: 901 mm<br \/>\nA tart\u00e1ly kapacit\u00e1sa: 10<br \/>\nPicatinny s\u00edn: igen<br \/>\nA hord\u00f3: ac\u00e9l: Feket\u00e9re festett ac\u00e9l<br \/>\n\u00cdg\u00e9ret: F\u00e1b\u00f3l k\u00e9sz\u00fclt<br \/>\nS\u00faly: 2,33 kg<\/p>","protected":false},"excerpt":{"rendered":"<p>A 2024-es \u00e9v \u00fajdons\u00e1ga, a Hammerli Force B1 egy forradalmian \u00faj, .22 LR kaliber\u0171, k\u00f6zvetlen\u00fcl h\u00fazhat\u00f3 puska, amely megfelel az alkalmazkod\u00f3k\u00e9pess\u00e9g, sokoldal\u00fas\u00e1g \u00e9s pontoss\u00e1g legmagasabb k\u00f6vetelm\u00e9nyeinek. Ez a kompakt kis kaliber\u0171 puska a Quick-Change Barrel System rendszerrel rendelkezik, amely lehet\u0151v\u00e9 teszi a cs\u0151cser\u00e9t m\u00e1sodpercek alatt \u00e9s szersz\u00e1mok haszn\u00e1lata n\u00e9lk\u00fcl. Ez azt jelenti, hogy a Force B1 minim\u00e1lis er\u0151fesz\u00edt\u00e9ssel az ig\u00e9nyekhez igaz\u00edthat\u00f3, ak\u00e1r kaliberv\u00e1lt\u00e1sra van sz\u00fcks\u00e9g, ak\u00e1r 4\u2033 hosszabb sportcs\u0151re van sz\u00fcks\u00e9g a nagyobb pontoss\u00e1g \u00e9rdek\u00e9ben. A megfelel\u0151 t\u00e1r haszn\u00e1lat\u00e1val a kaliberv\u00e1lt\u00e1s m\u00e1ris megt\u00f6rt\u00e9nik. M\u00edg a .22 LR kaliber\u0171 t\u00e1rhoz egy Hammerli Arms adapter tartozik, amely z\u00f6kken\u0151mentesen illeszkedik a t\u00e1rny\u00edl\u00e1sba, addig a .22 WMR kaliber\u0171 t\u00e1rak k\u00f6zvetlen\u00fcl haszn\u00e1lhat\u00f3k. Akci\u00f3ban a Force B1 nemcsak a k\u00f6zvetlen h\u00faz\u00e1s\u00fa mechanizmussal ny\u0171g\u00f6z le, amely sokkal gyorsabban \u00e9s k\u00f6nnyebben kezelhet\u0151, mint egy hagyom\u00e1nyos puska (\u00e9rt\u00e9kes id\u0151t takar\u00edt meg az ut\u00f3lagos l\u00f6v\u00e9sekn\u00e9l), hanem a vari\u00e1lhat\u00f3s\u00e1g\u00e1val is. A sz\u00e1r \u00f6t poz\u00edci\u00f3ba kih\u00fazhat\u00f3, a gumib\u00f3l k\u00e9sz\u00fclt orrpofa pedig k\u00e9t k\u00fcl\u00f6nb\u00f6z\u0151 magass\u00e1gba szerelhet\u0151, egyszer\u0171en kih\u00fazva \u00e9s 180\u00b0-kal elforgatva, \u00edgy gyorsan \u00e9s pontosan az \u00d6n ig\u00e9nyeihez igaz\u00edthat\u00f3. Ism\u00e9tlem, a sz\u00fcks\u00e9ges be\u00e1ll\u00edt\u00e1sokhoz nincs sz\u00fcks\u00e9g szersz\u00e1mokra. Az alkar alj\u00e1ba integr\u00e1lt M-LOK\u00ae s\u00edn lehet\u0151s\u00e9get biztos\u00edt k\u00e9tl\u00e1b\u00fa \u00e1llv\u00e1nyok vagy egy\u00e9b kieg\u00e9sz\u00edt\u0151k felszerel\u00e9s\u00e9re, \u00e9s az alkarban l\u00e9v\u0151 QD interf\u00e9sszel egy\u00fctt lehet\u0151s\u00e9g van p\u00e9ld\u00e1ul heveder r\u00f6gz\u00edt\u00e9s\u00e9re is. A torkolaton tal\u00e1lhat\u00f3 1\/2\u2033-28 UNEF menet lehet\u0151v\u00e9 teszi fesz\u00edt\u0151f\u00e9k vagy leng\u00e9scsillap\u00edt\u00f3 haszn\u00e1lat\u00e1t. A Force B1 ravaszbiztos\u00edt\u00e1ssal, k\u00e9zi biztos\u00edt\u00f3val \u00e9s picatinny s\u00ednnel van felszerelve, b\u00e1rmilyen t\u00edpus\u00fa optika r\u00f6gz\u00edt\u00e9s\u00e9hez. A ravaszmechanizmus dugaszolhat\u00f3 modulk\u00e9nt lett kialak\u00edtva, \u00e9s kompatibilis a Ruger\u00ae 10\/22-vel, \u00edgy a l\u00f6v\u00e9sz a piacon kaphat\u00f3 tuningolt ravaszok sz\u00e9les v\u00e1laszt\u00e9k\u00e1b\u00f3l v\u00e1laszthat. Egy 10 l\u00f6v\u00e9ses t\u00e1rat (Ruger\u00ae 10\/22) \u00e9s k\u00e9t t\u00e1radaptert tartalmaz.<\/p>","protected":false},"featured_media":12715,"template":"","meta":{"_gspb_post_css":""},"product_brand":[],"product_cat":[1821,1883,2198,1820],"product_tag":[],"class_list":{"0":"post-15540","1":"product","2":"type-product","3":"status-publish","4":"has-post-thumbnail","6":"product_cat-gulovnice-zbrane-b-c","7":"product_cat-hammerli","8":"product_cat-hammerli-force-b1","9":"product_cat-zbrane-b-c","11":"first","12":"instock","13":"taxable","14":"shipping-taxable","15":"purchasable","16":"product-type-simple"},"ct_brands":[],"_links":{"self":[{"href":"https:\/\/zbranebudai.sk\/hu\/wp-json\/wp\/v2\/product\/15540","targetHints":{"allow":["GET"]}}],"collection":[{"href":"https:\/\/zbranebudai.sk\/hu\/wp-json\/wp\/v2\/product"}],"about":[{"href":"https:\/\/zbranebudai.sk\/hu\/wp-json\/wp\/v2\/types\/product"}],"wp:featuredmedia":[{"embeddable":true,"href":"https:\/\/zbranebudai.sk\/hu\/wp-json\/wp\/v2\/media\/12715"}],"wp:attachment":[{"href":"https:\/\/zbranebudai.sk\/hu\/wp-json\/wp\/v2\/media?parent=15540"}],"wp:term":[{"taxonomy":"product_brand","embeddable":true,"href":"https:\/\/zbranebudai.sk\/hu\/wp-json\/wp\/v2\/product_brand?post=15540"},{"taxonomy":"product_cat","embeddable":true,"href":"https:\/\/zbranebudai.sk\/hu\/wp-json\/wp\/v2\/product_cat?post=15540"},{"taxonomy":"product_tag","embeddable":true,"href":"https:\/\/zbranebudai.sk\/hu\/wp-json\/wp\/v2\/product_tag?post=15540"}],"curies":[{"name":"wp","href":"https:\/\/api.w.org\/{rel}","templated":true}]}}