{"id":15532,"date":"2025-02-17T17:59:26","date_gmt":"2025-02-17T15:59:26","guid":{"rendered":"https:\/\/zbranebudai.sk\/product\/m1a-socom-cqb-16-308win-aa9611\/"},"modified":"2026-04-16T05:33:57","modified_gmt":"2026-04-16T03:33:57","slug":"m1a-socom-cqb-16-308win-aa9611","status":"publish","type":"product","link":"https:\/\/zbranebudai.sk\/hu\/product\/m1a-socom-cqb-16-308win-aa9611\/","title":{"rendered":"M1A SOCOM CQB 16\u2033, .308Win (AA9611)"},"content":{"rendered":"<p>PARAM\u00c9TEREK:<\/p>\n<p>Cs\u0151hossz: 413 mm (16.25\u2033)<br \/>\nTeljes hossz: 902-978 mm<br \/>\nA tart\u00e1ly kapacit\u00e1sa: 10<br \/>\nCs\u0151oszt\u00e1s: 1:11<br \/>\nPicatinny s\u00edn: igen<br \/>\nA hord\u00f3: Sz\u00e9nac\u00e9l: Feket\u00edtett sz\u00e9nac\u00e9l<br \/>\n\u00cdg\u00e9ret: Archangel\u00ae CQB \u00e1ll\u00edthat\u00f3<br \/>\nS\u00faly: 4,1 kg<\/p>","protected":false},"excerpt":{"rendered":"<p>Az M1A\u2122 SOCOM 16 CQB 7.62 teljesen \u00faj szintre emeli a klasszikus M1A-t. Ez a kompakt taktikai puska a 7,62 NATO olyan kis csomagban ny\u00fajtja a 7,62 NATO erej\u00e9t, ami kor\u00e1bban elk\u00e9pzelhetetlen volt. A fegyver dobog\u00f3 sz\u00edve a John Cantius Garand harci puska, amelyet a bev\u00e1lt M1A\u2122 SOCOM \u00e1ll\u00edthat\u00f3 c\u00e9lz\u00f3k\u00e9sz\u00fcl\u00e9kkel tov\u00e1bbfejlesztett, 0,135\u2033-es gy\u0171r\u0171vel ell\u00e1tott, vill\u00e1mgyors c\u00e9lz\u00e1st biztos\u00edt\u00f3 M1A\u2122 SOCOM c\u00e9lz\u00f3k\u00e9sz\u00fcl\u00e9kkel \u00e9s egy 16,25\u2033-es pr\u00e9mium sz\u00e9nac\u00e9l cs\u0151vel eg\u00e9sz\u00edtettek ki, amelyhez szabadalmaztatott visszar\u00fag\u00e1sf\u00e9k p\u00e1rosul, amely dr\u00e1maian cs\u00f6kkenti az \u00e9rezhet\u0151 visszar\u00fag\u00e1st, mik\u00f6zben minim\u00e1lis m\u00e9ret\u00e9t meg\u0151rzi. Mindez egy p\u00e1ratlan Archangel\u00ae kompozit v\u00e1zban van elhelyezve, amely \u00e1ll\u00edthat\u00f3 CQB sz\u00e1rral \u00e9s AK-st\u00edlus\u00fa pisztolymarkolattal rendelkezik, b\u0151s\u00e9ges tartoz\u00e9kt\u00e9rrel. Az el\u00fcls\u0151 markolat M-Lok ny\u00edl\u00e1sokat tartalmaz a 3, 6 \u00e9s 9 \u00f3rai poz\u00edci\u00f3ban. Az XS Sights\u00ae tr\u00edcium c\u00e9lz\u00f3k\u00e9sz\u00fcl\u00e9ke az M1A\u2122 SOCOM 16-ot m\u00e9g gyenge f\u00e9nyviszonyok k\u00f6z\u00f6tt is a c\u00e9lponton tartja. Ez az ultramodern puska meg fogja gy\u0151zni \u00d6nt a kiv\u00e1l\u00f3s\u00e1gr\u00f3l<\/p>","protected":false},"featured_media":12699,"template":"","meta":{"_gspb_post_css":""},"product_brand":[],"product_cat":[1821,2197,2173,1820],"product_tag":[],"class_list":{"0":"post-15532","1":"product","2":"type-product","3":"status-publish","4":"has-post-thumbnail","6":"product_cat-gulovnice-zbrane-b-c","7":"product_cat-m1a","8":"product_cat-springfield-armory","9":"product_cat-zbrane-b-c","11":"first","12":"outofstock","13":"taxable","14":"shipping-taxable","15":"purchasable","16":"product-type-simple"},"ct_brands":[],"_links":{"self":[{"href":"https:\/\/zbranebudai.sk\/hu\/wp-json\/wp\/v2\/product\/15532","targetHints":{"allow":["GET"]}}],"collection":[{"href":"https:\/\/zbranebudai.sk\/hu\/wp-json\/wp\/v2\/product"}],"about":[{"href":"https:\/\/zbranebudai.sk\/hu\/wp-json\/wp\/v2\/types\/product"}],"wp:featuredmedia":[{"embeddable":true,"href":"https:\/\/zbranebudai.sk\/hu\/wp-json\/wp\/v2\/media\/12699"}],"wp:attachment":[{"href":"https:\/\/zbranebudai.sk\/hu\/wp-json\/wp\/v2\/media?parent=15532"}],"wp:term":[{"taxonomy":"product_brand","embeddable":true,"href":"https:\/\/zbranebudai.sk\/hu\/wp-json\/wp\/v2\/product_brand?post=15532"},{"taxonomy":"product_cat","embeddable":true,"href":"https:\/\/zbranebudai.sk\/hu\/wp-json\/wp\/v2\/product_cat?post=15532"},{"taxonomy":"product_tag","embeddable":true,"href":"https:\/\/zbranebudai.sk\/hu\/wp-json\/wp\/v2\/product_tag?post=15532"}],"curies":[{"name":"wp","href":"https:\/\/api.w.org\/{rel}","templated":true}]}}