{"id":15528,"date":"2025-02-17T17:59:25","date_gmt":"2025-02-17T15:59:25","guid":{"rendered":"https:\/\/zbranebudai.sk\/product\/ruger-super-gp100-5065-kal-357mag\/"},"modified":"2026-04-23T08:11:17","modified_gmt":"2026-04-23T06:11:17","slug":"ruger-super-gp100-5065-cal-357mag","status":"publish","type":"product","link":"https:\/\/zbranebudai.sk\/hu\/product\/ruger-super-gp100-5065-kal-357mag\/","title":{"rendered":"Ruger SUPER GP100 5065, kal. .357Mag."},"content":{"rendered":"<p>PARAM\u00c9TEREK:<\/p>\n<p>Kapacit\u00e1s: 8 t\u00f6lt\u00e9ny<br \/>\nCs\u0151hossz: 140 mm (5.5\u2033)<br \/>\nTeljes hossz: 280 mm<br \/>\nCs\u0151oszt\u00e1s: 1:16\u2033 RH<br \/>\nAnyag: PVD<br \/>\nS\u00faly: 1,33 kg<\/p>","protected":false},"excerpt":{"rendered":"<p>A kiv\u00e1l\u00f3 tart\u00f3ss\u00e1got \u00e9s k\u00f6nny\u0171 karbantart\u00e1st biztos\u00edt\u00f3 PVD bevonattal ell\u00e1tott Ruger SUPER GP100 5065 hidegen kov\u00e1csolt cs\u0151je 11\u00b0-os koron\u00e1val rendelkezik a kiemelked\u0151 versenyszint\u0171 pontoss\u00e1g \u00e9rdek\u00e9ben. A jellegzetes mar\u00e1s cs\u00f6kkentett s\u00falyt \u00e9s gyorsabb h\u0151elvezet\u00e9st eredm\u00e9nyez. A pol\u00edrozott \u00e9s optimaliz\u00e1lt bels\u0151 r\u00e9szek, a ravaszon l\u00e9v\u0151 centr\u00e1l\u00f3fej \u00e9s a kalap\u00e1cson l\u00e9v\u0151 centr\u00e1l\u00f3bet\u00e9tek biztos\u00edtj\u00e1k a sima, kett\u0151s m\u0171k\u00f6d\u00e9s\u0171 ravasz m\u0171k\u00f6d\u00e9s\u00e9t \u00e9s az \u00e9les, k\u00f6vetkezetes kiold\u00e1st. A SUPER GP100 h\u00e1romszoros hengerz\u00e1rral van felszerelve, ami jobb be\u00e1ll\u00edt\u00e1st \u00e9s megb\u00edzhat\u00f3 m\u0171k\u00f6d\u00e9st biztos\u00edt l\u00f6v\u00e9sr\u0151l l\u00f6v\u00e9sre. \u00c1ll\u00edthat\u00f3 ir\u00e1nyz\u00e9k \u00e9s retikula z\u00f6ld f\u00e9nyvezet\u0151 sz\u00e1lakkal. Kem\u00e9ny k\u00e9zzel megmunk\u00e1lt Hogue \u00ae f\u00e1b\u00f3l k\u00e9sz\u00fclt ergonomikus markolat. A henger \u00e9s a kivon\u00f3 kiv\u00e1g\u00e1sokkal rendelkezik a holdklipszek (3db mell\u00e9kelve) sz\u00e1m\u00e1ra, hogy az intenz\u00edv versenyl\u00f6v\u00e9szet sor\u00e1n felgyors\u00edtsa az \u00fajrat\u00f6lt\u00e9st. A .357 Magnum modell dupla kaliber\u0171, \u00e9s k\u00e9pes a cal. .38 Special kaliber\u0171 kalibereket.<\/p>","protected":false},"featured_media":12687,"template":"","meta":{"_gspb_post_css":""},"product_brand":[],"product_cat":[1858,1859,2196,1820],"product_tag":[],"class_list":{"0":"post-15528","1":"product","2":"type-product","3":"status-publish","4":"has-post-thumbnail","6":"product_cat-revolvery-zbrane-b-c","7":"product_cat-ruger-revolvery-zbrane-b-c","8":"product_cat-super-gp100","9":"product_cat-zbrane-b-c","11":"first","12":"outofstock","13":"taxable","14":"shipping-taxable","15":"purchasable","16":"product-type-simple"},"ct_brands":[],"_links":{"self":[{"href":"https:\/\/zbranebudai.sk\/hu\/wp-json\/wp\/v2\/product\/15528","targetHints":{"allow":["GET"]}}],"collection":[{"href":"https:\/\/zbranebudai.sk\/hu\/wp-json\/wp\/v2\/product"}],"about":[{"href":"https:\/\/zbranebudai.sk\/hu\/wp-json\/wp\/v2\/types\/product"}],"wp:featuredmedia":[{"embeddable":true,"href":"https:\/\/zbranebudai.sk\/hu\/wp-json\/wp\/v2\/media\/12687"}],"wp:attachment":[{"href":"https:\/\/zbranebudai.sk\/hu\/wp-json\/wp\/v2\/media?parent=15528"}],"wp:term":[{"taxonomy":"product_brand","embeddable":true,"href":"https:\/\/zbranebudai.sk\/hu\/wp-json\/wp\/v2\/product_brand?post=15528"},{"taxonomy":"product_cat","embeddable":true,"href":"https:\/\/zbranebudai.sk\/hu\/wp-json\/wp\/v2\/product_cat?post=15528"},{"taxonomy":"product_tag","embeddable":true,"href":"https:\/\/zbranebudai.sk\/hu\/wp-json\/wp\/v2\/product_tag?post=15528"}],"curies":[{"name":"wp","href":"https:\/\/api.w.org\/{rel}","templated":true}]}}