{"id":15523,"date":"2025-02-17T17:59:25","date_gmt":"2025-02-17T15:59:25","guid":{"rendered":"https:\/\/zbranebudai.sk\/product\/bolt-shroud-for-american-rifle-90460\/"},"modified":"2026-04-09T02:02:53","modified_gmt":"2026-04-09T00:02:53","slug":"zarvedo-amerikai-puskahoz-90460","status":"publish","type":"product","link":"https:\/\/zbranebudai.sk\/hu\/product\/bolt-shroud-for-american-rifle-90460\/","title":{"rendered":"Z\u00e1rv\u00e9d\u0151 amerikai pusk\u00e1hoz (90460)"},"content":{"rendered":"<p>Amerikai puska z\u00e1r\u00f3fedele<\/p>","protected":false},"excerpt":{"rendered":"<p>Amerikai puska z\u00e1r\u00f3fedele<\/p>","protected":false},"featured_media":12675,"template":"","meta":{"_gspb_post_css":""},"product_brand":[],"product_cat":[1821,1838,1837,1820],"product_tag":[],"class_list":{"0":"post-15523","1":"product","2":"type-product","3":"status-publish","4":"has-post-thumbnail","6":"product_cat-gulovnice-zbrane-b-c","7":"product_cat-prislusenstvo-ruger","8":"product_cat-ruger","9":"product_cat-zbrane-b-c","11":"first","12":"instock","13":"taxable","14":"shipping-taxable","15":"purchasable","16":"product-type-simple"},"ct_brands":[],"_links":{"self":[{"href":"https:\/\/zbranebudai.sk\/hu\/wp-json\/wp\/v2\/product\/15523","targetHints":{"allow":["GET"]}}],"collection":[{"href":"https:\/\/zbranebudai.sk\/hu\/wp-json\/wp\/v2\/product"}],"about":[{"href":"https:\/\/zbranebudai.sk\/hu\/wp-json\/wp\/v2\/types\/product"}],"wp:featuredmedia":[{"embeddable":true,"href":"https:\/\/zbranebudai.sk\/hu\/wp-json\/wp\/v2\/media\/12675"}],"wp:attachment":[{"href":"https:\/\/zbranebudai.sk\/hu\/wp-json\/wp\/v2\/media?parent=15523"}],"wp:term":[{"taxonomy":"product_brand","embeddable":true,"href":"https:\/\/zbranebudai.sk\/hu\/wp-json\/wp\/v2\/product_brand?post=15523"},{"taxonomy":"product_cat","embeddable":true,"href":"https:\/\/zbranebudai.sk\/hu\/wp-json\/wp\/v2\/product_cat?post=15523"},{"taxonomy":"product_tag","embeddable":true,"href":"https:\/\/zbranebudai.sk\/hu\/wp-json\/wp\/v2\/product_tag?post=15523"}],"curies":[{"name":"wp","href":"https:\/\/api.w.org\/{rel}","templated":true}]}}