{"id":15521,"date":"2025-02-17T17:59:25","date_gmt":"2025-02-17T15:59:25","guid":{"rendered":"https:\/\/zbranebudai.sk\/product\/airsoft-pistol-glock-19-gen5-kal-6mm-gas\/"},"modified":"2026-04-09T02:14:55","modified_gmt":"2026-04-09T00:14:55","slug":"airsoft-pisztoly-glock-19-gen5-kal-6mm-gaz","status":"publish","type":"product","link":"https:\/\/zbranebudai.sk\/hu\/product\/airsoft-pistol-glock-19-gen5-kal-6mm-gas\/","title":{"rendered":"Airsoft pisztoly GLOCK 19 Gen5, cal. 6mm, g\u00e1z"},"content":{"rendered":"<p>PARAM\u00c9TEREK:<\/p>\n<p>Energia: 1 J<br \/>\nTeljes hossz: 185 mm<br \/>\nKapacit\u00e1s: 19<br \/>\nS\u00faly: 612 g<\/p>","protected":false},"excerpt":{"rendered":"<p>Az 5. gener\u00e1ci\u00f3s GLOCK 19 kompakt tartal\u00e9k pisztoly \u00e9rt\u00e9kes el\u0151nyt biztos\u00edt a CQB \u00e9s a k\u00f6zepes hat\u00f3t\u00e1vols\u00e1g\u00fa forgat\u00f3k\u00f6nyvek sor\u00e1n. A hangs\u00falyos el\u00fcls\u0151 z\u00e1rszerkezeti fogaz\u00e1s, a k\u00e9tkezes reteszr\u00f6gz\u00edt\u00e9s \u00e9s a csukl\u00f3s t\u00e1rkiold\u00f3 biztos\u00edtja, hogy a GLOCK 19 Gen5 b\u00e1rmilyen poz\u00edci\u00f3b\u00f3l egyform\u00e1n j\u00f3l kezelhet\u0151 legyen a bal- \u00e9s jobbkezes l\u00f6v\u00e9szek sz\u00e1m\u00e1ra. Ez a g\u00e1z\u00fczem\u0171 airsoft v\u00e1ltozat \u00e1ll\u00edthat\u00f3 Shoot-Up funkci\u00f3val rendelkezik, \u00e9s a neh\u00e9zf\u00e9m tol\u00f3cs\u00faszda minden l\u00f6v\u00e9sn\u00e9l er\u0151teljes visszar\u00fag\u00e1st szimul\u00e1l a BLOWBACK funkci\u00f3val. A pisztoly autentikus m\u00f3don sz\u00e9tszedhet\u0151 alkatr\u00e9szek\u00e9rt. A tipikus GLOCK ravaszbiztos\u00edt\u00e1s megakad\u00e1lyozza a v\u00e9letlen els\u00fct\u00e9st. Weaver s\u00edn a f\u00e9ny, l\u00e9zer vagy egy\u00e9b tartoz\u00e9kok sz\u00e1m\u00e1ra.<\/p>","protected":false},"featured_media":12663,"template":"","meta":{"_gspb_post_css":""},"product_brand":[],"product_cat":[1848,2004,1824],"product_tag":[],"class_list":{"0":"post-15521","1":"product","2":"type-product","3":"status-publish","4":"has-post-thumbnail","6":"product_cat-airsoft","7":"product_cat-airsoft-gas","8":"product_cat-zbrane-18-d","10":"first","11":"instock","12":"taxable","13":"shipping-taxable","14":"purchasable","15":"product-type-simple"},"ct_brands":[],"_links":{"self":[{"href":"https:\/\/zbranebudai.sk\/hu\/wp-json\/wp\/v2\/product\/15521","targetHints":{"allow":["GET"]}}],"collection":[{"href":"https:\/\/zbranebudai.sk\/hu\/wp-json\/wp\/v2\/product"}],"about":[{"href":"https:\/\/zbranebudai.sk\/hu\/wp-json\/wp\/v2\/types\/product"}],"wp:featuredmedia":[{"embeddable":true,"href":"https:\/\/zbranebudai.sk\/hu\/wp-json\/wp\/v2\/media\/12663"}],"wp:attachment":[{"href":"https:\/\/zbranebudai.sk\/hu\/wp-json\/wp\/v2\/media?parent=15521"}],"wp:term":[{"taxonomy":"product_brand","embeddable":true,"href":"https:\/\/zbranebudai.sk\/hu\/wp-json\/wp\/v2\/product_brand?post=15521"},{"taxonomy":"product_cat","embeddable":true,"href":"https:\/\/zbranebudai.sk\/hu\/wp-json\/wp\/v2\/product_cat?post=15521"},{"taxonomy":"product_tag","embeddable":true,"href":"https:\/\/zbranebudai.sk\/hu\/wp-json\/wp\/v2\/product_tag?post=15521"}],"curies":[{"name":"wp","href":"https:\/\/api.w.org\/{rel}","templated":true}]}}