{"id":15520,"date":"2025-02-17T17:59:24","date_gmt":"2025-02-17T15:59:24","guid":{"rendered":"https:\/\/zbranebudai.sk\/product\/vzduchova-pistol-browning-buck-mark-magnum-kal-45mm\/"},"modified":"2026-04-16T05:29:10","modified_gmt":"2026-04-16T03:29:10","slug":"legpisztoly-browning-buck-mark-magnum-45mm","status":"publish","type":"product","link":"https:\/\/zbranebudai.sk\/hu\/product\/vzduchova-pistol-browning-buck-mark-magnum-kal-45mm\/","title":{"rendered":"Browning Buck Mark Magnum l\u00e9gpisztoly, cal. 4,5mm"},"content":{"rendered":"<p>PARAM\u00c9TEREK:<\/p>\n<p>Energia: legfeljebb 7,5 J<br \/>\nBitsebess\u00e9g: ak\u00e1r 144 m\/s (472 fps)<br \/>\nCs\u0151hossz: 178 mm<br \/>\nTeljes hossz: 406 mm<br \/>\nS\u00faly: 1,35 kg<\/p>","protected":false},"excerpt":{"rendered":"<p>A Browning Buck Mark Magnum l\u00e9gpisztoly egy er\u0151s, egyl\u00f6vet\u0171 rug\u00f3s l\u00e9gpisztoly 4,5 mm-es goly\u00f3khoz. Pr\u00e9mium min\u0151s\u00e9ge, megb\u00edzhat\u00f3s\u00e1ga \u00e9s kiv\u00e1l\u00f3 pontoss\u00e1ga miatt az egyik legn\u00e9pszer\u0171bb kiskaliber\u0171 pisztoly a vil\u00e1gon. Megb\u00edzhat\u00f3 z\u00e1rszerkezet\u00e9nek k\u00f6sz\u00f6nhet\u0151en nem ig\u00e9nyel k\u00fcls\u0151 \u00e1ramforr\u00e1st. Egyszer\u0171en csak k\u00e9zzel kell felh\u00fazni, \u00e9s a Buck Mark Magnum k\u00e9szen \u00e1ll arra, hogy ak\u00e1r 7,5 joule energi\u00e1t l\u0151j\u00f6n ki a huzagolt cs\u00f6v\u00e9n kereszt\u00fcl. Az \u00e1ll\u00edthat\u00f3, f\u00e9nyvezet\u0151 sz\u00e1loptik\u00e1s c\u00e9lz\u00f3k\u00e9sz\u00fcl\u00e9k m\u00e9g gyenge f\u00e9nyviszonyok k\u00f6z\u00f6tt is kiv\u00e1l\u00f3 pontoss\u00e1got biztos\u00edt. Az intuit\u00edv ravaszbiztos\u00edt\u00e1s megakad\u00e1lyozza a v\u00e9letlen els\u00fct\u00e9st. 11 mm-es hornyok kollim\u00e1tor vagy c\u00e9lt\u00e1vcs\u0151 felszerel\u00e9s\u00e9hez.<\/p>","protected":false},"featured_media":12661,"template":"","meta":{"_gspb_post_css":""},"product_brand":[],"product_cat":[1857,1834,1824],"product_tag":[],"class_list":{"0":"post-15520","1":"product","2":"type-product","3":"status-publish","4":"has-post-thumbnail","6":"product_cat-kratke-vzduchovky","7":"product_cat-vzduchovky","8":"product_cat-zbrane-18-d","10":"first","11":"outofstock","12":"taxable","13":"shipping-taxable","14":"purchasable","15":"product-type-simple"},"ct_brands":[],"_links":{"self":[{"href":"https:\/\/zbranebudai.sk\/hu\/wp-json\/wp\/v2\/product\/15520","targetHints":{"allow":["GET"]}}],"collection":[{"href":"https:\/\/zbranebudai.sk\/hu\/wp-json\/wp\/v2\/product"}],"about":[{"href":"https:\/\/zbranebudai.sk\/hu\/wp-json\/wp\/v2\/types\/product"}],"wp:featuredmedia":[{"embeddable":true,"href":"https:\/\/zbranebudai.sk\/hu\/wp-json\/wp\/v2\/media\/12661"}],"wp:attachment":[{"href":"https:\/\/zbranebudai.sk\/hu\/wp-json\/wp\/v2\/media?parent=15520"}],"wp:term":[{"taxonomy":"product_brand","embeddable":true,"href":"https:\/\/zbranebudai.sk\/hu\/wp-json\/wp\/v2\/product_brand?post=15520"},{"taxonomy":"product_cat","embeddable":true,"href":"https:\/\/zbranebudai.sk\/hu\/wp-json\/wp\/v2\/product_cat?post=15520"},{"taxonomy":"product_tag","embeddable":true,"href":"https:\/\/zbranebudai.sk\/hu\/wp-json\/wp\/v2\/product_tag?post=15520"}],"curies":[{"name":"wp","href":"https:\/\/api.w.org\/{rel}","templated":true}]}}