{"id":15514,"date":"2025-02-17T17:59:24","date_gmt":"2025-02-17T15:59:24","guid":{"rendered":"https:\/\/zbranebudai.sk\/product\/ruger-lc-charger-19303-kal-57x28mm\/"},"modified":"2026-04-16T05:27:54","modified_gmt":"2026-04-16T03:27:54","slug":"ruger-lc-charger-19303-cal-57x28mm","status":"publish","type":"product","link":"https:\/\/zbranebudai.sk\/hu\/product\/ruger-lc-charger-19303-kal-57x28mm\/","title":{"rendered":"Ruger LC Charger 19303, cal. 5,7x28mm"},"content":{"rendered":"<p>PARAM\u00c9TEREK:<\/p>\n<p>Cs\u0151hossz: 262 mm (10.3 in)<br \/>\nTeljes hossz: 406 mm<br \/>\nA tart\u00e1ly kapacit\u00e1sa: 20<br \/>\nCs\u0151oszt\u00e1s: 1:9\u2033 RH<br \/>\nPicatinny s\u00edn: Igen<br \/>\nA hord\u00f3: Nitrid\u00e1lt ac\u00e9l<br \/>\nFoganty\u00fa: Fekete, szintetikus<br \/>\nS\u00faly: 1,89 kg<\/p>","protected":false},"excerpt":{"rendered":"<p>A Ruger LC Charger 19303 nagy kaliber\u0171 pisztoly a Ruger biztons\u00e1gos \u00e9s megb\u00edzhat\u00f3 Secure Action\u2122 t\u0171zvez\u00e9rl\u0151 rendszer\u00e9t haszn\u00e1lja, amely egy v\u00e9dett bels\u0151 kalap\u00e1csot \u00e9s egy peng\u00e9s biztons\u00e1gi ravaszt kombin\u00e1l. A ravasz r\u00f6vid, sima h\u00faz\u00e1ssal, tiszta t\u00f6r\u00e9ssel \u00e9s pozit\u00edv vissza\u00e1ll\u00edt\u00e1ssal rendelkezik. A Ruger LC Charger 19303 ugyanazokat az ac\u00e9l t\u00e1rakat \u00e9s a megszokott ergonomikus kezel\u0151szerveket haszn\u00e1lja, mint a Ruger-5.7 \u00ae pisztoly. 10,3\u2033-es, huzalozott, nitriddel kezelt ac\u00e9lcs\u0151 biztos\u00edtja a pontoss\u00e1got \u00e9s a hossz\u00fa \u00e9lettartamot. A CNC mar\u00e1s\u00fa, III-as t\u00edpus\u00fa, elox\u00e1lt alum\u00edniumb\u00f3l k\u00e9sz\u00fclt el\u00fcls\u0151 kar M-LOK \u00ae furatokkal rendelkezik a tartoz\u00e9kok r\u00f6gz\u00edt\u00e9s\u00e9hez \u00e9s QD foglalatokkal a maxim\u00e1lis sokoldal\u00fas\u00e1g \u00e9rdek\u00e9ben. A fels\u0151 pikatinny s\u00edn a fegyver hossz\u00e1ban b\u0151s\u00e9ges helyet biztos\u00edt optika \u00e9s k\u00fcl\u00f6nf\u00e9le felszerel\u00e9sek r\u00f6gz\u00edt\u00e9s\u00e9hez, m\u00edg a h\u00e1ts\u00f3 r\u00f6vid pikatinny s\u00edn lehet\u0151v\u00e9 teszi az \u00e1llom\u00e1ny r\u00f6gz\u00edt\u00e9s\u00e9t.<\/p>","protected":false},"featured_media":12649,"template":"","meta":{"_gspb_post_css":""},"product_brand":[],"product_cat":[2194,1864,1877,1820],"product_tag":[],"class_list":{"0":"post-15514","1":"product","2":"type-product","3":"status-publish","4":"has-post-thumbnail","6":"product_cat-lc-charger","7":"product_cat-pistole-zbrane-b-c","8":"product_cat-ruger-pistole-zbrane-b-c","9":"product_cat-zbrane-b-c","11":"first","12":"instock","13":"taxable","14":"shipping-taxable","15":"purchasable","16":"product-type-simple"},"ct_brands":[],"_links":{"self":[{"href":"https:\/\/zbranebudai.sk\/hu\/wp-json\/wp\/v2\/product\/15514","targetHints":{"allow":["GET"]}}],"collection":[{"href":"https:\/\/zbranebudai.sk\/hu\/wp-json\/wp\/v2\/product"}],"about":[{"href":"https:\/\/zbranebudai.sk\/hu\/wp-json\/wp\/v2\/types\/product"}],"wp:featuredmedia":[{"embeddable":true,"href":"https:\/\/zbranebudai.sk\/hu\/wp-json\/wp\/v2\/media\/12649"}],"wp:attachment":[{"href":"https:\/\/zbranebudai.sk\/hu\/wp-json\/wp\/v2\/media?parent=15514"}],"wp:term":[{"taxonomy":"product_brand","embeddable":true,"href":"https:\/\/zbranebudai.sk\/hu\/wp-json\/wp\/v2\/product_brand?post=15514"},{"taxonomy":"product_cat","embeddable":true,"href":"https:\/\/zbranebudai.sk\/hu\/wp-json\/wp\/v2\/product_cat?post=15514"},{"taxonomy":"product_tag","embeddable":true,"href":"https:\/\/zbranebudai.sk\/hu\/wp-json\/wp\/v2\/product_tag?post=15514"}],"curies":[{"name":"wp","href":"https:\/\/api.w.org\/{rel}","templated":true}]}}