{"id":15510,"date":"2025-02-17T17:59:23","date_gmt":"2025-02-17T15:59:23","guid":{"rendered":"https:\/\/zbranebudai.sk\/product\/pruzina-udernika-hellion-vhs-2s\/"},"modified":"2026-04-16T04:21:52","modified_gmt":"2026-04-16T02:21:52","slug":"hellion-vhs-2s-utkozo-rugo","status":"publish","type":"product","link":"https:\/\/zbranebudai.sk\/hu\/product\/pruzina-udernika-hellion-vhs-2s\/","title":{"rendered":"HELLION\/VHS-2s els\u00fct\u0151szeg rug\u00f3"},"content":{"rendered":"","protected":false},"excerpt":{"rendered":"<p>No.96\/5201022\/BESZEREL\u00c9S T\u0170ZK\u00d6ZPONT SZEREL\u0150F\u00dcGGY\u0170<\/p>","protected":false},"featured_media":12642,"template":"","meta":{"_gspb_post_css":""},"product_brand":[],"product_cat":[1821,2091,2093,1820],"product_tag":[],"class_list":{"0":"post-15510","1":"product","2":"type-product","3":"status-publish","4":"has-post-thumbnail","6":"product_cat-gulovnice-zbrane-b-c","7":"product_cat-hs-produkt","8":"product_cat-prislusenstvo-hs-produkt","9":"product_cat-zbrane-b-c","11":"first","12":"instock","13":"taxable","14":"shipping-taxable","15":"purchasable","16":"product-type-simple"},"ct_brands":[],"_links":{"self":[{"href":"https:\/\/zbranebudai.sk\/hu\/wp-json\/wp\/v2\/product\/15510","targetHints":{"allow":["GET"]}}],"collection":[{"href":"https:\/\/zbranebudai.sk\/hu\/wp-json\/wp\/v2\/product"}],"about":[{"href":"https:\/\/zbranebudai.sk\/hu\/wp-json\/wp\/v2\/types\/product"}],"wp:featuredmedia":[{"embeddable":true,"href":"https:\/\/zbranebudai.sk\/hu\/wp-json\/wp\/v2\/media\/12642"}],"wp:attachment":[{"href":"https:\/\/zbranebudai.sk\/hu\/wp-json\/wp\/v2\/media?parent=15510"}],"wp:term":[{"taxonomy":"product_brand","embeddable":true,"href":"https:\/\/zbranebudai.sk\/hu\/wp-json\/wp\/v2\/product_brand?post=15510"},{"taxonomy":"product_cat","embeddable":true,"href":"https:\/\/zbranebudai.sk\/hu\/wp-json\/wp\/v2\/product_cat?post=15510"},{"taxonomy":"product_tag","embeddable":true,"href":"https:\/\/zbranebudai.sk\/hu\/wp-json\/wp\/v2\/product_tag?post=15510"}],"curies":[{"name":"wp","href":"https:\/\/api.w.org\/{rel}","templated":true}]}}