{"id":15507,"date":"2025-02-17T17:59:23","date_gmt":"2025-02-17T15:59:23","guid":{"rendered":"https:\/\/zbranebudai.sk\/product\/pistol-hk-usp-compact-tactical-kal-45acp\/"},"modified":"2026-04-16T05:33:57","modified_gmt":"2026-04-16T03:33:57","slug":"pisztoly-hk-usp-kompakt-taktikai-kal-45acp","status":"publish","type":"product","link":"https:\/\/zbranebudai.sk\/hu\/product\/pistol-hk-usp-compact-tactical-kal-45acp\/","title":{"rendered":"Pisztoly HK USP Compact Tactical, cal. .45ACP"},"content":{"rendered":"<p>PARAM\u00c9TEREK:<\/p>\n<p>Kiold\u00e1si ellen\u00e1ll\u00e1s: 20 N (SA) \/ 50 N (DA)<br \/>\nT\u00e1rkapacit\u00e1s: 8 t\u00f6lt\u00e9ny<br \/>\nCs\u0151hossz: 91 mm<br \/>\nTeljes hossz: 173 mm<br \/>\nSz\u00e9less\u00e9g: 34 mm<br \/>\nMagass\u00e1g: 127 mm<br \/>\nSz\u00e1nd\u00e9kos hossz: 173 mm<br \/>\nS\u00faly: 770 g<\/p>","protected":false},"excerpt":{"rendered":"<p>A legapr\u00f3bb r\u00e9szletekig magas sz\u00ednvonal\u00fa, ez a HK USP Compact Tactical. A poligon\u00e1lis profil\u00fa, kem\u00e9ny kr\u00f3mozott, speci\u00e1lis, hidegen kalap\u00e1ccsal kov\u00e1csolt ac\u00e9lb\u00f3l k\u00e9sz\u00fclt prec\u00edzi\u00f3s menetes cs\u0151 alacsony kop\u00e1st biztos\u00edt. Rendk\u00edv\u00fcl er\u0151s polimer markolat cs\u00fasz\u00e1smentes text\u00far\u00e1val a hat\u00e9kony \u00e9s biztons\u00e1gos fog\u00e1s \u00e9rdek\u00e9ben minden id\u0151j\u00e1r\u00e1si k\u00f6r\u00fclm\u00e9nyek k\u00f6z\u00f6tt. K\u00f6nny\u0171 kezelhet\u0151s\u00e9g mindk\u00e9t oldalon a jobb- \u00e9s balkezes felhaszn\u00e1l\u00f3k sz\u00e1m\u00e1ra egyar\u00e1nt. \u00c1ll\u00edthat\u00f3 magass\u00e1g\u00fa \u00e9s oldalir\u00e1ny\u00fa c\u00e9lz\u00f3k\u00e9sz\u00fcl\u00e9k. Automatikus kalap\u00e1cs- \u00e9s \u00fctk\u00f6z\u0151biztos\u00edt\u00e1s \u00e9s k\u00e9zi biztons\u00e1g a maxim\u00e1lis biztons\u00e1g \u00e9rdek\u00e9ben.<\/p>","protected":false},"featured_media":12636,"template":"","meta":{"_gspb_post_css":""},"product_brand":[],"product_cat":[1865,1864,1885,1820],"product_tag":[],"class_list":{"0":"post-15507","1":"product","2":"type-product","3":"status-publish","4":"has-post-thumbnail","6":"product_cat-heckler-koch-pistole-zbrane-b-c","7":"product_cat-pistole-zbrane-b-c","8":"product_cat-usp","9":"product_cat-zbrane-b-c","11":"first","12":"instock","13":"taxable","14":"shipping-taxable","15":"purchasable","16":"product-type-simple"},"ct_brands":[],"_links":{"self":[{"href":"https:\/\/zbranebudai.sk\/hu\/wp-json\/wp\/v2\/product\/15507","targetHints":{"allow":["GET"]}}],"collection":[{"href":"https:\/\/zbranebudai.sk\/hu\/wp-json\/wp\/v2\/product"}],"about":[{"href":"https:\/\/zbranebudai.sk\/hu\/wp-json\/wp\/v2\/types\/product"}],"wp:featuredmedia":[{"embeddable":true,"href":"https:\/\/zbranebudai.sk\/hu\/wp-json\/wp\/v2\/media\/12636"}],"wp:attachment":[{"href":"https:\/\/zbranebudai.sk\/hu\/wp-json\/wp\/v2\/media?parent=15507"}],"wp:term":[{"taxonomy":"product_brand","embeddable":true,"href":"https:\/\/zbranebudai.sk\/hu\/wp-json\/wp\/v2\/product_brand?post=15507"},{"taxonomy":"product_cat","embeddable":true,"href":"https:\/\/zbranebudai.sk\/hu\/wp-json\/wp\/v2\/product_cat?post=15507"},{"taxonomy":"product_tag","embeddable":true,"href":"https:\/\/zbranebudai.sk\/hu\/wp-json\/wp\/v2\/product_tag?post=15507"}],"curies":[{"name":"wp","href":"https:\/\/api.w.org\/{rel}","templated":true}]}}