{"id":15504,"date":"2025-02-17T17:59:23","date_gmt":"2025-02-17T15:59:23","guid":{"rendered":"https:\/\/zbranebudai.sk\/product\/revolver-co2-t4e-tr-50-kal-50-11-j\/"},"modified":"2026-04-16T04:08:14","modified_gmt":"2026-04-16T02:08:14","slug":"revolver-co2-t4e-tr-50-cal-50-11-j","status":"publish","type":"product","link":"https:\/\/zbranebudai.sk\/hu\/product\/revolver-co2-t4e-tr-50-kal-50-11-j\/","title":{"rendered":"Revolver CO2 T4E TR 50, cal. .50, 11 J"},"content":{"rendered":"<p>A sz\u00ednes anyagot tartalmaz\u00f3 l\u00f6ved\u00e9kek bet\u00f6lt\u00e9s\u00e9vel a fegyver gyakorl\u00f3 l\u00f6v\u00e9szetre vagy paintball pisztolyk\u00e9nt haszn\u00e1lhat\u00f3. Gumil\u00f6ved\u00e9kek vagy k\u00f6nnyez\u0151anyagot tartalmaz\u00f3 l\u00f6ved\u00e9kek bet\u00f6lt\u00e9s\u00e9vel a fegyver hat\u00e9kony v\u00e9delmi eszk\u00f6zk\u00e9nt haszn\u00e1lhat\u00f3.\u00a0<\/p>\n<p>PARAM\u00c9TEREK:<\/p>\n<p>Teljes hossz: 250 mm<br \/>\nT\u00e1rkapacit\u00e1s: 6 t\u00f6lt\u00e9ny<br \/>\n\u00dct\u00e9si energia: 11,0 J<br \/>\nL\u00f6v\u00e9si sebess\u00e9g: 134 m\/s (440 fps)<br \/>\nA l\u00f6v\u00e9sek sz\u00e1ma CO\u2082 bomb\u00e1nk\u00e9nt: 12<br \/>\nS\u00faly: 675 g<\/p>","protected":false},"excerpt":{"rendered":"<p>A v\u00e9gs\u0151 fegyver az otthoni v\u00e9delemhez: A T4E TR 50 egy revolver, amely a nagy .50-es kaliber (kb. 12,7 mm \u00e1tm\u00e9r\u0151) \u00e9s a leny\u0171g\u00f6z\u0151 megjelen\u00e9s el\u0151nyeivel rendelkezik. A k\u00f6nnyen \u00fajrat\u00f6lthet\u0151 forg\u00f3t\u00e1rban hat l\u00f6ved\u00e9k f\u00e9r el, amelyek ak\u00e1r 11 joule energi\u00e1val is kil\u0151het\u0151k. Az energiaforr\u00e1st a markolatban elhelyezett CO2-patron biztos\u00edtja. A fejlett Quick-Piercing funkci\u00f3nak k\u00f6sz\u00f6nhet\u0151en a bomba nem azonnal a behelyez\u00e9skor aktiv\u00e1l\u00f3dik, hanem csak a markolat alj\u00e1ra adott k\u00f6nny\u0171 \u00fct\u00e9ssel, \u00edgy a fegyver mindig k\u00e9szenl\u00e9tben \u00e1ll \u00e9s gyorsan haszn\u00e1lhat\u00f3. Optikai \u00e9s tapinthat\u00f3 nyom\u00e1sjelz\u0151. 22 mm sz\u00e9les Picatinny s\u00edn l\u00e9zeres c\u00e9lz\u00f3k\u00e9sz\u00fcl\u00e9k vagy zsebl\u00e1mpa felszerel\u00e9s\u00e9hez. A massz\u00edv kialak\u00edt\u00e1s minden t\u00e1mad\u00f3t elijeszt. A textur\u00e1lt markolatfel\u00fclet stresszhelyzetben is biztons\u00e1gos fog\u00e1st biztos\u00edt, a ravaszbiztos\u00edt\u00e1s pedig megakad\u00e1lyozhatja a v\u00e9letlen els\u00fct\u00e9st, ha leejtik. Ennek a modellnek a r\u00e9gebbi neve T4E HDR 50 volt.<\/p>","protected":false},"featured_media":12630,"template":"","meta":{"_gspb_post_css":""},"product_brand":[],"product_cat":[1824,1828,2070],"product_tag":[],"class_list":{"0":"post-15504","1":"product","2":"type-product","3":"status-publish","4":"has-post-thumbnail","6":"product_cat-zbrane-18-d","7":"product_cat-zbrane-na-co2","8":"product_cat-zbrane-t4e","10":"first","11":"instock","12":"taxable","13":"shipping-taxable","14":"purchasable","15":"product-type-simple"},"ct_brands":[],"_links":{"self":[{"href":"https:\/\/zbranebudai.sk\/hu\/wp-json\/wp\/v2\/product\/15504","targetHints":{"allow":["GET"]}}],"collection":[{"href":"https:\/\/zbranebudai.sk\/hu\/wp-json\/wp\/v2\/product"}],"about":[{"href":"https:\/\/zbranebudai.sk\/hu\/wp-json\/wp\/v2\/types\/product"}],"wp:featuredmedia":[{"embeddable":true,"href":"https:\/\/zbranebudai.sk\/hu\/wp-json\/wp\/v2\/media\/12630"}],"wp:attachment":[{"href":"https:\/\/zbranebudai.sk\/hu\/wp-json\/wp\/v2\/media?parent=15504"}],"wp:term":[{"taxonomy":"product_brand","embeddable":true,"href":"https:\/\/zbranebudai.sk\/hu\/wp-json\/wp\/v2\/product_brand?post=15504"},{"taxonomy":"product_cat","embeddable":true,"href":"https:\/\/zbranebudai.sk\/hu\/wp-json\/wp\/v2\/product_cat?post=15504"},{"taxonomy":"product_tag","embeddable":true,"href":"https:\/\/zbranebudai.sk\/hu\/wp-json\/wp\/v2\/product_tag?post=15504"}],"curies":[{"name":"wp","href":"https:\/\/api.w.org\/{rel}","templated":true}]}}