{"id":15503,"date":"2025-02-17T17:59:22","date_gmt":"2025-02-17T15:59:22","guid":{"rendered":"https:\/\/zbranebudai.sk\/product\/softshellova-bunda-tikka-velkost-xxl\/"},"modified":"2025-10-06T15:53:34","modified_gmt":"2025-10-06T13:53:34","slug":"softshell-dzseki-tikka-meret-xxl","status":"publish","type":"product","link":"https:\/\/zbranebudai.sk\/hu\/product\/softshellova-bunda-tikka-velkost-xxl\/","title":{"rendered":"Softshell dzseki Tikka, XXL m\u00e9ret"},"content":{"rendered":"","protected":false},"excerpt":{"rendered":"<p>Softshell Tikka dzseki eleg\u00e1ns, divatos szab\u00e1sban, dekorat\u00edv fels\u0151 \u00f6lt\u00e9ssel. Microfleece bels\u0151 r\u00e9sz a melegs\u00e9g\u00e9rt. Tikka nyomtat\u00e1s a mellkason.<\/p>","protected":false},"featured_media":12628,"template":"","meta":{"_gspb_post_css":""},"product_brand":[],"product_cat":[1879,1821,1855,1854,1820],"product_tag":[],"class_list":{"0":"post-15503","1":"product","2":"type-product","3":"status-publish","4":"has-post-thumbnail","6":"product_cat-doplnky","7":"product_cat-gulovnice-zbrane-b-c","8":"product_cat-prislusenstvo-tikka","9":"product_cat-tikka","10":"product_cat-zbrane-b-c","12":"first","13":"outofstock","14":"taxable","15":"shipping-taxable","16":"purchasable","17":"product-type-simple"},"ct_brands":[],"_links":{"self":[{"href":"https:\/\/zbranebudai.sk\/hu\/wp-json\/wp\/v2\/product\/15503","targetHints":{"allow":["GET"]}}],"collection":[{"href":"https:\/\/zbranebudai.sk\/hu\/wp-json\/wp\/v2\/product"}],"about":[{"href":"https:\/\/zbranebudai.sk\/hu\/wp-json\/wp\/v2\/types\/product"}],"wp:featuredmedia":[{"embeddable":true,"href":"https:\/\/zbranebudai.sk\/hu\/wp-json\/wp\/v2\/media\/12628"}],"wp:attachment":[{"href":"https:\/\/zbranebudai.sk\/hu\/wp-json\/wp\/v2\/media?parent=15503"}],"wp:term":[{"taxonomy":"product_brand","embeddable":true,"href":"https:\/\/zbranebudai.sk\/hu\/wp-json\/wp\/v2\/product_brand?post=15503"},{"taxonomy":"product_cat","embeddable":true,"href":"https:\/\/zbranebudai.sk\/hu\/wp-json\/wp\/v2\/product_cat?post=15503"},{"taxonomy":"product_tag","embeddable":true,"href":"https:\/\/zbranebudai.sk\/hu\/wp-json\/wp\/v2\/product_tag?post=15503"}],"curies":[{"name":"wp","href":"https:\/\/api.w.org\/{rel}","templated":true}]}}