{"id":15497,"date":"2025-02-17T17:59:22","date_gmt":"2025-02-17T15:59:22","guid":{"rendered":"https:\/\/zbranebudai.sk\/product\/skrutka-torx-ku-kruzkom-optilock\/"},"modified":"2026-04-23T08:04:25","modified_gmt":"2026-04-23T06:04:25","slug":"torx-csavar-optilock-gyurukhoz","status":"publish","type":"product","link":"https:\/\/zbranebudai.sk\/hu\/product\/skrutka-torx-ku-kruzkom-optilock\/","title":{"rendered":"Torx csavar az Optilock gy\u0171r\u0171kh\u00f6z"},"content":{"rendered":"","protected":false},"excerpt":{"rendered":"","protected":false},"featured_media":12611,"template":"","meta":{"_gspb_post_css":""},"product_brand":[],"product_cat":[1821,1947,1855,1854,1820],"product_tag":[],"class_list":{"0":"post-15497","1":"product","2":"type-product","3":"status-publish","4":"has-post-thumbnail","6":"product_cat-gulovnice-zbrane-b-c","7":"product_cat-nd","8":"product_cat-prislusenstvo-tikka","9":"product_cat-tikka","10":"product_cat-zbrane-b-c","12":"first","13":"instock","14":"taxable","15":"shipping-taxable","16":"purchasable","17":"product-type-simple"},"ct_brands":[],"_links":{"self":[{"href":"https:\/\/zbranebudai.sk\/hu\/wp-json\/wp\/v2\/product\/15497","targetHints":{"allow":["GET"]}}],"collection":[{"href":"https:\/\/zbranebudai.sk\/hu\/wp-json\/wp\/v2\/product"}],"about":[{"href":"https:\/\/zbranebudai.sk\/hu\/wp-json\/wp\/v2\/types\/product"}],"wp:featuredmedia":[{"embeddable":true,"href":"https:\/\/zbranebudai.sk\/hu\/wp-json\/wp\/v2\/media\/12611"}],"wp:attachment":[{"href":"https:\/\/zbranebudai.sk\/hu\/wp-json\/wp\/v2\/media?parent=15497"}],"wp:term":[{"taxonomy":"product_brand","embeddable":true,"href":"https:\/\/zbranebudai.sk\/hu\/wp-json\/wp\/v2\/product_brand?post=15497"},{"taxonomy":"product_cat","embeddable":true,"href":"https:\/\/zbranebudai.sk\/hu\/wp-json\/wp\/v2\/product_cat?post=15497"},{"taxonomy":"product_tag","embeddable":true,"href":"https:\/\/zbranebudai.sk\/hu\/wp-json\/wp\/v2\/product_tag?post=15497"}],"curies":[{"name":"wp","href":"https:\/\/api.w.org\/{rel}","templated":true}]}}