{"id":15494,"date":"2025-02-17T17:59:21","date_gmt":"2025-02-17T15:59:21","guid":{"rendered":"https:\/\/zbranebudai.sk\/product\/vzduchova-pistol-ruger-mark-iv-kal-45mm\/"},"modified":"2026-04-09T02:43:53","modified_gmt":"2026-04-09T00:43:53","slug":"legpisztoly-ruger-mark-iv-cal-45mm","status":"publish","type":"product","link":"https:\/\/zbranebudai.sk\/hu\/product\/vzduchova-pistol-ruger-mark-iv-kal-45mm\/","title":{"rendered":"Ruger Mark IV l\u00e9gpisztoly, cal. 4,5mm"},"content":{"rendered":"<p>PARAM\u00c9TEREK:<\/p>\n<p>Energia: legfeljebb 3 J<br \/>\nMenetsebess\u00e9g: ak\u00e1r 94 m\/s<br \/>\nCs\u0151hossz: 135 mm<br \/>\nTeljes hossz: 274 mm<br \/>\nS\u00faly: 625 g<\/p>","protected":false},"excerpt":{"rendered":"<p>A Ruger Mark IV l\u00e9gpisztoly az azonos nev\u0171 Ruger .22 kaliber\u0171 pisztoly eredeti m\u00e1solata.A kiv\u00e1l\u00f3 min\u0151s\u00e9g\u0171 f\u00e9mrendszer az eredeti jelz\u00e9sekkel van d\u00edsz\u00edtve, \u00e9s az optikai c\u00e9lz\u00f3k\u00e9sz\u00fcl\u00e9kkel egy\u00fctt olyan autentikus megjelen\u00e9st k\u00f6lcs\u00f6n\u00f6z, amelyet a kisfegyverek ikonikus pisztoly\u00e1nak rajong\u00f3i annyira \u00e9rt\u00e9kelnek. A rug\u00f3s l\u00e9gpuska a 10 l\u00f6v\u00e9ses t\u00e1r helyett klasszikus egyl\u00f6vet\u0171 rendszerre t\u00e1maszkodik, reteszel\u0151 cs\u0151vel \u00e9s automatikus els\u00fct\u00e9sbiztos\u00edt\u00e1ssal. Ami a pontoss\u00e1got illeti, a p\u00f6rgetett cs\u0151 a magass\u00e1gban \u00e9s oldalt \u00e1ll\u00edthat\u00f3 ir\u00e1nyz\u00e9kkal kombin\u00e1lva semmit sem b\u00edz a v\u00e9letlenre.<\/p>","protected":false},"featured_media":12585,"template":"","meta":{"_gspb_post_css":""},"product_brand":[],"product_cat":[1857,1834,1824],"product_tag":[],"class_list":{"0":"post-15494","1":"product","2":"type-product","3":"status-publish","4":"has-post-thumbnail","6":"product_cat-kratke-vzduchovky","7":"product_cat-vzduchovky","8":"product_cat-zbrane-18-d","10":"first","11":"instock","12":"taxable","13":"shipping-taxable","14":"purchasable","15":"product-type-simple"},"ct_brands":[],"_links":{"self":[{"href":"https:\/\/zbranebudai.sk\/hu\/wp-json\/wp\/v2\/product\/15494","targetHints":{"allow":["GET"]}}],"collection":[{"href":"https:\/\/zbranebudai.sk\/hu\/wp-json\/wp\/v2\/product"}],"about":[{"href":"https:\/\/zbranebudai.sk\/hu\/wp-json\/wp\/v2\/types\/product"}],"wp:featuredmedia":[{"embeddable":true,"href":"https:\/\/zbranebudai.sk\/hu\/wp-json\/wp\/v2\/media\/12585"}],"wp:attachment":[{"href":"https:\/\/zbranebudai.sk\/hu\/wp-json\/wp\/v2\/media?parent=15494"}],"wp:term":[{"taxonomy":"product_brand","embeddable":true,"href":"https:\/\/zbranebudai.sk\/hu\/wp-json\/wp\/v2\/product_brand?post=15494"},{"taxonomy":"product_cat","embeddable":true,"href":"https:\/\/zbranebudai.sk\/hu\/wp-json\/wp\/v2\/product_cat?post=15494"},{"taxonomy":"product_tag","embeddable":true,"href":"https:\/\/zbranebudai.sk\/hu\/wp-json\/wp\/v2\/product_tag?post=15494"}],"curies":[{"name":"wp","href":"https:\/\/api.w.org\/{rel}","templated":true}]}}