{"id":15490,"date":"2025-02-17T17:59:21","date_gmt":"2025-02-17T15:59:21","guid":{"rendered":"https:\/\/zbranebudai.sk\/product\/marlin-1895-guide-gun-70456-kal-45-70-gov\/"},"modified":"2026-04-16T04:28:55","modified_gmt":"2026-04-16T02:28:55","slug":"marlin-1895-vezeto-pisztoly-70456-cal-45-70-gov","status":"publish","type":"product","link":"https:\/\/zbranebudai.sk\/hu\/product\/marlin-1895-guide-gun-70456-kal-45-70-gov\/","title":{"rendered":"Marlin 1895 Guide Gun (70456), cal. .45-70 Gov."},"content":{"rendered":"<p>PARAM\u00c9TEREK:<\/p>\n<p>Cs\u0151hossz: 485 mm (19.1\u2033)<br \/>\nTeljes hossz: 946 mm<br \/>\nKapacit\u00e1s: 6<br \/>\nCs\u0151oszt\u00e1s: 1:20\u2033 RH<br \/>\nPicatinny s\u00edn: Nem<br \/>\nA hord\u00f3: ac\u00e9l \u00f6tv\u00f6zet + szat\u00e9nfekete<br \/>\nK\u00e9szlet: lamin\u00e1lt<br \/>\nS\u00faly: 3,35 kg<\/p>","protected":false},"excerpt":{"rendered":"<p>A Marlin 1895 Guide Gun, kor\u00e1bban \"1895 GBL (Guide Big Loop)\" n\u00e9ven ismert, vonz\u00f3 lamin\u00e1lt \u00e1llom\u00e1ny\u00fa, jellegzetes c\u00edmerrel ell\u00e1tott puska. Forgathat\u00f3 hevederforg\u00f3k, CNC megmunk\u00e1lt reteszh\u00e1z \u00e9s nagy ujjny\u00edl\u00e1ssal ell\u00e1tott kar. Az \u00f6tv\u00f6z\u00f6tt ac\u00e9lb\u00f3l k\u00e9sz\u00fclt cs\u0151 hidegen kov\u00e1csolt, kiv\u00e9teles pontoss\u00e1got \u00e9s hossz\u00fa \u00e9lettartamot biztos\u00edt. A puha gumibakancs hat\u00e9konyan elnyeli a visszar\u00fag\u00e1st, m\u00edg az \u00e1ll\u00edthat\u00f3 c\u00e9lz\u00f3k\u00e9sz\u00fcl\u00e9k nagyszer\u0171 a gyors c\u00e9lz\u00e1shoz. Az alkatr\u00e9szeket \u00fcveggy\u00f6ngy\u00f6kkel f\u00fajt\u00e1k a szat\u00e9n fel\u00fclet \u00e9rdek\u00e9ben.<\/p>","protected":false},"featured_media":12543,"template":"","meta":{"_gspb_post_css":""},"product_brand":[],"product_cat":[1821,2155,1820],"product_tag":[],"class_list":{"0":"post-15490","1":"product","2":"type-product","3":"status-publish","4":"has-post-thumbnail","6":"product_cat-gulovnice-zbrane-b-c","7":"product_cat-marlin","8":"product_cat-zbrane-b-c","10":"first","11":"outofstock","12":"taxable","13":"shipping-taxable","14":"purchasable","15":"product-type-simple"},"ct_brands":[],"_links":{"self":[{"href":"https:\/\/zbranebudai.sk\/hu\/wp-json\/wp\/v2\/product\/15490","targetHints":{"allow":["GET"]}}],"collection":[{"href":"https:\/\/zbranebudai.sk\/hu\/wp-json\/wp\/v2\/product"}],"about":[{"href":"https:\/\/zbranebudai.sk\/hu\/wp-json\/wp\/v2\/types\/product"}],"wp:featuredmedia":[{"embeddable":true,"href":"https:\/\/zbranebudai.sk\/hu\/wp-json\/wp\/v2\/media\/12543"}],"wp:attachment":[{"href":"https:\/\/zbranebudai.sk\/hu\/wp-json\/wp\/v2\/media?parent=15490"}],"wp:term":[{"taxonomy":"product_brand","embeddable":true,"href":"https:\/\/zbranebudai.sk\/hu\/wp-json\/wp\/v2\/product_brand?post=15490"},{"taxonomy":"product_cat","embeddable":true,"href":"https:\/\/zbranebudai.sk\/hu\/wp-json\/wp\/v2\/product_cat?post=15490"},{"taxonomy":"product_tag","embeddable":true,"href":"https:\/\/zbranebudai.sk\/hu\/wp-json\/wp\/v2\/product_tag?post=15490"}],"curies":[{"name":"wp","href":"https:\/\/api.w.org\/{rel}","templated":true}]}}