{"id":15485,"date":"2025-02-17T17:59:20","date_gmt":"2025-02-17T15:59:20","guid":{"rendered":"https:\/\/zbranebudai.sk\/product\/chiappa-1886-l-a-takedown-wildlands-cerakote-dark-grey-kal-45-70-government\/"},"modified":"2026-04-09T01:04:54","modified_gmt":"2026-04-08T23:04:54","slug":"chiappa-1886-l-a-takedown-wildlands-cerakote-sotetszurke-cal-45-70-kormany-45-70","status":"publish","type":"product","link":"https:\/\/zbranebudai.sk\/hu\/product\/chiappa-1886-l-a-takedown-wildlands-cerakote-dark-grey-kal-45-70-government\/","title":{"rendered":"Chiappa 1886 L.A. Takedown Wildlands Cerakote Dark Grey, cal. 45-70 Government"},"content":{"rendered":"<p>PARAM\u00c9TEREK:<\/p>\n<p>Cs\u0151hossz: 470 mm (18.5\u2033)<br \/>\nTeljes hossz: 973 mm<br \/>\nT\u00e1lcakapacit\u00e1s: 4\u00a0<br \/>\nPicatinny s\u00edn: igen<br \/>\nA hord\u00f3: Cerakote s\u00f6t\u00e9tsz\u00fcrke<br \/>\nK\u00e9szlet: lamin\u00e1lt<br \/>\nS\u00faly: 4,3 kg<\/p>","protected":false},"excerpt":{"rendered":"<p>A Chiappa 1886 egy karos ism\u00e9tl\u0151puska az amerikai vadnyugat st\u00edlus\u00e1ban, figyelembe v\u00e9ve a mai modern vad\u00e1szok ig\u00e9nyeit, akiknek megb\u00edzhat\u00f3 pusk\u00e1ra van sz\u00fcks\u00e9g\u00fck a zord k\u00f6r\u00fclm\u00e9nyek k\u00f6z\u00f6tt.<\/p>","protected":false},"featured_media":12533,"template":"","meta":{"_gspb_post_css":""},"product_brand":[],"product_cat":[1986,1821,1987,1820],"product_tag":[],"class_list":{"0":"post-15485","1":"product","2":"type-product","3":"status-publish","4":"has-post-thumbnail","6":"product_cat-chiappa-firearms-gulovnice-zbrane-b-c","7":"product_cat-gulovnice-zbrane-b-c","8":"product_cat-gulovnice-chiappa-firearms","9":"product_cat-zbrane-b-c","11":"first","12":"instock","13":"taxable","14":"shipping-taxable","15":"purchasable","16":"product-type-simple"},"ct_brands":[],"_links":{"self":[{"href":"https:\/\/zbranebudai.sk\/hu\/wp-json\/wp\/v2\/product\/15485","targetHints":{"allow":["GET"]}}],"collection":[{"href":"https:\/\/zbranebudai.sk\/hu\/wp-json\/wp\/v2\/product"}],"about":[{"href":"https:\/\/zbranebudai.sk\/hu\/wp-json\/wp\/v2\/types\/product"}],"wp:featuredmedia":[{"embeddable":true,"href":"https:\/\/zbranebudai.sk\/hu\/wp-json\/wp\/v2\/media\/12533"}],"wp:attachment":[{"href":"https:\/\/zbranebudai.sk\/hu\/wp-json\/wp\/v2\/media?parent=15485"}],"wp:term":[{"taxonomy":"product_brand","embeddable":true,"href":"https:\/\/zbranebudai.sk\/hu\/wp-json\/wp\/v2\/product_brand?post=15485"},{"taxonomy":"product_cat","embeddable":true,"href":"https:\/\/zbranebudai.sk\/hu\/wp-json\/wp\/v2\/product_cat?post=15485"},{"taxonomy":"product_tag","embeddable":true,"href":"https:\/\/zbranebudai.sk\/hu\/wp-json\/wp\/v2\/product_tag?post=15485"}],"curies":[{"name":"wp","href":"https:\/\/api.w.org\/{rel}","templated":true}]}}