{"id":15483,"date":"2025-02-17T17:59:20","date_gmt":"2025-02-17T15:59:20","guid":{"rendered":"https:\/\/zbranebudai.sk\/product\/marlin-1894-classic-70410-kal-357mag\/"},"modified":"2026-04-16T03:45:28","modified_gmt":"2026-04-16T01:45:28","slug":"marlin-1894-klasszikus-70410-cal-357mag","status":"publish","type":"product","link":"https:\/\/zbranebudai.sk\/hu\/product\/marlin-1894-classic-70410-kal-357mag\/","title":{"rendered":"Marlin 1894 Classic (70410), cal. .357Mag."},"content":{"rendered":"<p>A cs\u0151 alak\u00fa t\u00e1rban 9 t\u00f6lt\u00e9ny 357 Magnum vagy 10 t\u00f6lt\u00e9ny 38 Special t\u00f6lt\u00e9ny f\u00e9r el.<\/p>\n<p>PARAM\u00c9TEREK:<\/p>\n<p>Cs\u0151hossz: 473 mm (18.63\u2033)<br \/>\nTeljes hossz: 914 mm<br \/>\nKapacit\u00e1s: 9\/10<br \/>\nCs\u0151oszt\u00e1s: 1:16\u2033 RH<br \/>\nPicatinny s\u00edn: Nem<br \/>\nA hord\u00f3: ac\u00e9l \u00f6tv\u00f6zet + szat\u00e9nfekete<br \/>\n\u00cdg\u00e9ret: Amerikai fekete di\u00f3<br \/>\nS\u00faly: 2,8 kg<\/p>","protected":false},"excerpt":{"rendered":"<p>A Marlin 1894 Classic gy\u00f6ny\u00f6r\u0171en kidolgozott, vonz\u00f3, amerikai fekete di\u00f3f\u00e1b\u00f3l k\u00e9sz\u00fclt \u00e1llom\u00e1nyt \u00e9s el\u00fcls\u0151 v\u00e9get kapott, \u00e9les puskacs\u0151vel, amely kiemeli ennek az ikonikus pusk\u00e1nak mind az eszt\u00e9tik\u00e1j\u00e1t, mind a hasznoss\u00e1g\u00e1t. CNC megmunk\u00e1lt ujjkar, ravasz \u00e9s z\u00e1rszerkezet. Forgathat\u00f3 hevederes bilincsek. Az \u00f6tv\u00f6z\u00f6tt ac\u00e9lcs\u0151 hidegen kov\u00e1csolt, kiv\u00e9teles pontoss\u00e1got \u00e9s tart\u00f3ss\u00e1got biztos\u00edt. A puha gumibakancs hat\u00e9konyan elnyeli a visszar\u00fag\u00e1st, az \u00e1ll\u00edthat\u00f3 c\u00e9lz\u00f3k\u00e9sz\u00fcl\u00e9k pedig nagyszer\u0171 a gyors c\u00e9lz\u00e1shoz. Fed\u00e9llel ell\u00e1tott el\u00fcls\u0151 ir\u00e1nyz\u00e9k, amely m\u00e9g durva kezel\u00e9s eset\u00e9n is biztos\u00edtja a tart\u00f3ss\u00e1got.<\/p>","protected":false},"featured_media":12529,"template":"","meta":{"_gspb_post_css":""},"product_brand":[],"product_cat":[1821,2155,1820],"product_tag":[],"class_list":{"0":"post-15483","1":"product","2":"type-product","3":"status-publish","4":"has-post-thumbnail","6":"product_cat-gulovnice-zbrane-b-c","7":"product_cat-marlin","8":"product_cat-zbrane-b-c","10":"first","11":"instock","12":"taxable","13":"shipping-taxable","14":"purchasable","15":"product-type-simple"},"ct_brands":[],"_links":{"self":[{"href":"https:\/\/zbranebudai.sk\/hu\/wp-json\/wp\/v2\/product\/15483","targetHints":{"allow":["GET"]}}],"collection":[{"href":"https:\/\/zbranebudai.sk\/hu\/wp-json\/wp\/v2\/product"}],"about":[{"href":"https:\/\/zbranebudai.sk\/hu\/wp-json\/wp\/v2\/types\/product"}],"wp:featuredmedia":[{"embeddable":true,"href":"https:\/\/zbranebudai.sk\/hu\/wp-json\/wp\/v2\/media\/12529"}],"wp:attachment":[{"href":"https:\/\/zbranebudai.sk\/hu\/wp-json\/wp\/v2\/media?parent=15483"}],"wp:term":[{"taxonomy":"product_brand","embeddable":true,"href":"https:\/\/zbranebudai.sk\/hu\/wp-json\/wp\/v2\/product_brand?post=15483"},{"taxonomy":"product_cat","embeddable":true,"href":"https:\/\/zbranebudai.sk\/hu\/wp-json\/wp\/v2\/product_cat?post=15483"},{"taxonomy":"product_tag","embeddable":true,"href":"https:\/\/zbranebudai.sk\/hu\/wp-json\/wp\/v2\/product_tag?post=15483"}],"curies":[{"name":"wp","href":"https:\/\/api.w.org\/{rel}","templated":true}]}}