{"id":15482,"date":"2025-02-17T17:59:20","date_gmt":"2025-02-17T15:59:20","guid":{"rendered":"https:\/\/zbranebudai.sk\/product\/marlin-1895-dark-70901-kal-45-70-gov\/"},"modified":"2026-04-16T03:46:14","modified_gmt":"2026-04-16T01:46:14","slug":"marlin-1895-sotet-70901-cal-45-70-gov","status":"publish","type":"product","link":"https:\/\/zbranebudai.sk\/hu\/product\/marlin-1895-dark-70901-kal-45-70-gov\/","title":{"rendered":"Marlin 1895 Dark (70901), cal. .45-70 Gov."},"content":{"rendered":"<p>PARAM\u00c9TEREK:<\/p>\n<p>Cs\u0151hossz: 411 mm (16.17\u2033)<br \/>\nTeljes hossz: 902 mm<br \/>\nKapacit\u00e1s: 5<br \/>\nCs\u0151oszt\u00e1s: 1:20\u2033 RH<br \/>\nPicatinny s\u00edn: igen<br \/>\nA hord\u00f3: ac\u00e9l \u00f6tv\u00f6zet + szat\u00e9nfekete<br \/>\n\u00cdg\u00e9ret: Nylon er\u0151s\u00edtett polimer<br \/>\nS\u00faly: 3,2 kg<\/p>","protected":false},"excerpt":{"rendered":"<p>Marlin 1895 Dark 70901, cal. .45-70 Gov. modern, nejlonnal meger\u0151s\u00edtett polimer t\u00f6rzs M-LOK\u00ae s\u00fcllyesztett QD bilincsh\u00fcvellyel, orrpof\u00e1val \u00e9s nagym\u00e9ret\u0171 gumibakanccsal rendelkezik, amely hat\u00e9konyan elnyeli a visszar\u00fag\u00e1st. Elox\u00e1lt alum\u00edniumb\u00f3l k\u00e9sz\u00fclt alkar, M-LOK\u00ae r\u00f6gz\u00edt\u0151furatokkal ell\u00e1tva a tartoz\u00e9kok felszerel\u00e9s\u00e9hez. A CNC megmunk\u00e1lt ujjkar k\u00f6zepes m\u00e9ret\u0171. Az \u00f6tv\u00f6z\u00f6tt ac\u00e9lb\u00f3l k\u00e9sz\u00fclt cs\u0151 hidegen kov\u00e1csolt, kiv\u00e9teles pontoss\u00e1got \u00e9s tart\u00f3ss\u00e1got biztos\u00edt, \u00e9s gy\u00e1rilag radi\u00e1lis fesz\u00edt\u0151f\u00e9kkel van felszerelve. A f\u0151 alkatr\u00e9szek fokozott tart\u00f3ss\u00e1ggal rendelkeznek a Graphite Black Cerakote\u00ae kivitelnek k\u00f6sz\u00f6nhet\u0151en. Az \u00e1ll\u00edthat\u00f3 h\u00e1ts\u00f3 ir\u00e1nyz\u00e9k kiv\u00e1l\u00f3an alkalmas a gyors c\u00e9lz\u00e1sra, m\u00edg a tr\u00edciumgy\u0171r\u0171vel ell\u00e1tott sz\u00e1loptik\u00e1s el\u00fcls\u0151 ir\u00e1nyz\u00e9k gyenge f\u00e9nyviszonyok mellett is j\u00f3 l\u00e1that\u00f3s\u00e1got biztos\u00edt.<\/p>","protected":false},"featured_media":12527,"template":"","meta":{"_gspb_post_css":""},"product_brand":[],"product_cat":[1821,2155,1820],"product_tag":[],"class_list":{"0":"post-15482","1":"product","2":"type-product","3":"status-publish","4":"has-post-thumbnail","6":"product_cat-gulovnice-zbrane-b-c","7":"product_cat-marlin","8":"product_cat-zbrane-b-c","10":"first","11":"outofstock","12":"taxable","13":"shipping-taxable","14":"purchasable","15":"product-type-simple"},"ct_brands":[],"_links":{"self":[{"href":"https:\/\/zbranebudai.sk\/hu\/wp-json\/wp\/v2\/product\/15482","targetHints":{"allow":["GET"]}}],"collection":[{"href":"https:\/\/zbranebudai.sk\/hu\/wp-json\/wp\/v2\/product"}],"about":[{"href":"https:\/\/zbranebudai.sk\/hu\/wp-json\/wp\/v2\/types\/product"}],"wp:featuredmedia":[{"embeddable":true,"href":"https:\/\/zbranebudai.sk\/hu\/wp-json\/wp\/v2\/media\/12527"}],"wp:attachment":[{"href":"https:\/\/zbranebudai.sk\/hu\/wp-json\/wp\/v2\/media?parent=15482"}],"wp:term":[{"taxonomy":"product_brand","embeddable":true,"href":"https:\/\/zbranebudai.sk\/hu\/wp-json\/wp\/v2\/product_brand?post=15482"},{"taxonomy":"product_cat","embeddable":true,"href":"https:\/\/zbranebudai.sk\/hu\/wp-json\/wp\/v2\/product_cat?post=15482"},{"taxonomy":"product_tag","embeddable":true,"href":"https:\/\/zbranebudai.sk\/hu\/wp-json\/wp\/v2\/product_tag?post=15482"}],"curies":[{"name":"wp","href":"https:\/\/api.w.org\/{rel}","templated":true}]}}