{"id":15479,"date":"2025-02-17T17:59:19","date_gmt":"2025-02-17T15:59:19","guid":{"rendered":"https:\/\/zbranebudai.sk\/product\/vzduchovka-hammerli-bf-400-combo-kal-45mm\/"},"modified":"2026-04-16T05:23:54","modified_gmt":"2026-04-16T03:23:54","slug":"legpuska-hammerli-bf-400-combo-cal-45mm","status":"publish","type":"product","link":"https:\/\/zbranebudai.sk\/hu\/product\/vzduchovka-hammerli-bf-400-combo-kal-45mm\/","title":{"rendered":"L\u00e9gpuska H\u00e4mmerli BF 400 Combo, cal. 4,5mm"},"content":{"rendered":"<p>PARAM\u00c9TEREK:<\/p>\n<p>Energia: legfeljebb 16 J<br \/>\nMenetsebess\u00e9g: ak\u00e1r 249 m\/s<br \/>\nCs\u0151hossz: 480 mm<br \/>\nTeljes hossz: 1110 mm<br \/>\nC\u00e9l: z\u00f6ld f\u00e9nykibocs\u00e1t\u00f3 di\u00f3da<br \/>\nL\u00e9gy: v\u00f6r\u00f6s f\u00e9ny\u0171 v\u00edzsz\u00e1l<br \/>\nSzerel\u0151s\u00edn: 11 mm<br \/>\nS\u00faly: 2,78 kg<\/p>","protected":false},"excerpt":{"rendered":"<p>A H\u00e4mmerli Black Force 400 Combo egy j\u00f3l kezelhet\u0151, rug\u00f3s, 4,5 mm-es kaliber\u0171 l\u00e9gpuska, amelyhez egy min\u0151s\u00e9gi, 4x-es nagy\u00edt\u00e1s\u00fa c\u00e9lt\u00e1vcs\u0151 tartozik. K\u00f6nny\u0171 s\u00falya \u00e9s a t\u00e1rol\u00f3rekesszel ell\u00e1tott, stabil polimer \u00e1llom\u00e1nya ide\u00e1lis k\u00fclt\u00e9ri haszn\u00e1latra. A bar\u00e1zd\u00e1lt cs\u0151 nagy pontoss\u00e1got biztos\u00edt. 11 mm-es bar\u00e1zd\u00e1k a 4\u00d732-es c\u00e9lt\u00e1vcs\u0151 stabil r\u00f6gz\u00edt\u00e9s\u00e9hez (tartoz\u00e9k). A Black Force 400 Combo opcion\u00e1lisan puskat\u00e1vcs\u0151 n\u00e9lk\u00fcl is haszn\u00e1lhat\u00f3, mivel \u00e1ll\u00edthat\u00f3, j\u00f3l l\u00e1that\u00f3 sz\u00e1loptik\u00e1s c\u00e9lz\u00f3k\u00e9sz\u00fcl\u00e9kkel van felszerelve. Tov\u00e1bbi jellemz\u0151i k\u00f6z\u00e9 tartozik az automatikus biztos\u00edt\u00e9k, amely a felh\u00faz\u00e1skor azonnal aktiv\u00e1l\u00f3dik, a sz\u00edjfuratok \u00e9s az \u00fct\u00e9scsillap\u00edt\u00f3 lyukakkal ell\u00e1tott gumipont.<\/p>","protected":false},"featured_media":12521,"template":"","meta":{"_gspb_post_css":""},"product_brand":[],"product_cat":[1835,1834,1824],"product_tag":[],"class_list":{"0":"post-15479","1":"product","2":"type-product","3":"status-publish","4":"has-post-thumbnail","6":"product_cat-dlhe-vzduchovky","7":"product_cat-vzduchovky","8":"product_cat-zbrane-18-d","10":"first","11":"instock","12":"taxable","13":"shipping-taxable","14":"purchasable","15":"product-type-simple"},"ct_brands":[],"_links":{"self":[{"href":"https:\/\/zbranebudai.sk\/hu\/wp-json\/wp\/v2\/product\/15479","targetHints":{"allow":["GET"]}}],"collection":[{"href":"https:\/\/zbranebudai.sk\/hu\/wp-json\/wp\/v2\/product"}],"about":[{"href":"https:\/\/zbranebudai.sk\/hu\/wp-json\/wp\/v2\/types\/product"}],"wp:featuredmedia":[{"embeddable":true,"href":"https:\/\/zbranebudai.sk\/hu\/wp-json\/wp\/v2\/media\/12521"}],"wp:attachment":[{"href":"https:\/\/zbranebudai.sk\/hu\/wp-json\/wp\/v2\/media?parent=15479"}],"wp:term":[{"taxonomy":"product_brand","embeddable":true,"href":"https:\/\/zbranebudai.sk\/hu\/wp-json\/wp\/v2\/product_brand?post=15479"},{"taxonomy":"product_cat","embeddable":true,"href":"https:\/\/zbranebudai.sk\/hu\/wp-json\/wp\/v2\/product_cat?post=15479"},{"taxonomy":"product_tag","embeddable":true,"href":"https:\/\/zbranebudai.sk\/hu\/wp-json\/wp\/v2\/product_tag?post=15479"}],"curies":[{"name":"wp","href":"https:\/\/api.w.org\/{rel}","templated":true}]}}